{"id":100842,"date":"2017-03-22T22:44:50","date_gmt":"2017-03-22T22:44:50","guid":{"rendered":"http:\/\/keramika.holest.com\/slovenija\/product\/ploscice-za-dnevno-sobo-casalgrande-padana-pietra-di-baviera-grigia\/"},"modified":"2026-01-01T00:02:13","modified_gmt":"2026-01-01T00:02:13","slug":"ploscice-za-dnevno-sobo-casalgrande-padana-pietra-di-baviera-grigia","status":"publish","type":"product","link":"https:\/\/www.keramika.com\/slovenija\/ploscice-za-dnevno-sobo-casalgrande-padana-pietra-di-baviera-grigia\/","title":{"rendered":"Plo\u0161\u010dice za dnevno sobo Casalgrande Padana Pietra Di Baviera Grigia"},"content":{"rendered":"<p>Pri izbiri plo\u0161\u010dice v sivi barvi ne morete zgre\u0161iti. Velikost te plo\u0161\u010dice je 30&#215;30 cm in je primerna za razli\u010dne povr\u0161ine. Ta plo\u0161\u010dica prihaja iz Italije, ki je znana po kvalitetni keramiki. 8 mm je debelina, ki zadovolji tudi zahtevnej\u0161e kupce. 49,99 EUR v klasi\u010dni trgovini, pri nas pa le 39,99 EUR.<\/p>\n<p>Kliknite na ime kolekcije za ogled vseh plo\u0161\u010dic iz te serije: <a class=\"pdfcatal\" href=\"\/\/www.ceramictiles.com\/pdf\/casalgrandepadana\/catalogue_casalgrande_padana_pietra_di_baviera.pdf\" onclick=\"recordOutboundLink(this, 'E-mail', 'Description PDF');return false;\">Casalgrande Padana S.P.A. Pietra Di Baviera<\/a><\/p>\n<p>\u010ce \u017eelite naro\u010diti model iz pdf kataloga te kolekcije, nam pi\u0161ite na: <a href=\"mailto:keramoteka.salon@gmail.com\" onclick=\"recordOutboundLink(this, 'E-mail', 'Description mail');return false;\">keramoteka.salon@gmail.com<\/a> ali pa nas pokli\u010dite na: 031 255 900.<\/p>\n<p>Technical description: <br \/> F 15&#215;15 ; 30&#215;30 ; 30&#215;60 ; 40&#215;40 <br \/>Baviera Ocra ; Baviera Beige ; Baviera Grigia ;<\/p>\n","protected":false},"excerpt":{"rendered":"<p>Pri izbiri plo\u0161\u010dice v sivi barvi ne morete zgre\u0161iti. Velikost te plo\u0161\u010dice je 30&#215;30 cm in je primerna za razli\u010dne povr\u0161ine. Ta plo\u0161\u010dica prihaja iz Italije, ki je znana po kvalitetni keramiki. 8 mm je debelina, ki zadovolji tudi zahtevnej\u0161e kupce. 49,99 EUR v klasi\u010dni trgovini, pri nas pa le 39,99 EUR. Kliknite na ime [&hellip;]<\/p>\n","protected":false},"featured_media":100843,"template":"","meta":[],"product_cat":[999448,200,999,240],"product_tag":[],"_links":{"self":[{"href":"https:\/\/www.keramika.com\/slovenija\/wp-json\/wp\/v2\/product\/100842"}],"collection":[{"href":"https:\/\/www.keramika.com\/slovenija\/wp-json\/wp\/v2\/product"}],"about":[{"href":"https:\/\/www.keramika.com\/slovenija\/wp-json\/wp\/v2\/types\/product"}],"wp:featuredmedia":[{"embeddable":true,"href":"https:\/\/www.keramika.com\/slovenija\/wp-json\/wp\/v2\/media\/100843"}],"wp:attachment":[{"href":"https:\/\/www.keramika.com\/slovenija\/wp-json\/wp\/v2\/media?parent=100842"}],"wp:term":[{"taxonomy":"product_cat","embeddable":true,"href":"https:\/\/www.keramika.com\/slovenija\/wp-json\/wp\/v2\/product_cat?post=100842"},{"taxonomy":"product_tag","embeddable":true,"href":"https:\/\/www.keramika.com\/slovenija\/wp-json\/wp\/v2\/product_tag?post=100842"}],"curies":[{"name":"wp","href":"https:\/\/api.w.org\/{rel}","templated":true}]}}