{"id":100836,"date":"2017-03-22T22:44:43","date_gmt":"2017-03-22T22:44:43","guid":{"rendered":"http:\/\/keramika.holest.com\/slovenija\/product\/talne-ploscice-casalgrande-padana-pastello-azzurro\/"},"modified":"2026-01-01T00:02:12","modified_gmt":"2026-01-01T00:02:12","slug":"talne-ploscice-casalgrande-padana-pastello-azzurro","status":"publish","type":"product","link":"https:\/\/www.keramika.com\/slovenija\/talne-ploscice-casalgrande-padana-pastello-azzurro\/","title":{"rendered":"Talne plo\u0161\u010dice Casalgrande Padana Pastello Azzurro"},"content":{"rendered":"<p>To plo\u0161\u010dico je izdelal proizvajalec Casalgrande Padana S.P.A., ki prihaja iz Italije. 8 mm debeline je dovolj tudi za zahtevnej\u0161e kupce. Velikost te plo\u0161\u010dice je 30&#215;30 cm in je primerna za razli\u010dne povr\u0161ine. Ta kerami\u010dna plo\u0161\u010dica v \u010dudoviti modri barvi bo obogatila vsak prostor. V redni prodaji bi morali za to plo\u0161\u010dico od\u0161teti 25,31 EUR, spletna cena pa zna\u0161a le 20,25 EUR.<\/p>\n<p>Kliknite na ime kolekcije za ogled vseh plo\u0161\u010dic iz te serije: <a class=\"pdfcatal\" href=\"\/\/www.ceramictiles.com\/pdf\/casalgrandepadana\/catalogue_casalgrande_padana_pastello.pdf\" onclick=\"recordOutboundLink(this, 'E-mail', 'Description PDF');return false;\">Casalgrande Padana S.P.A. Pastello<\/a><\/p>\n<p>\u010ce \u017eelite naro\u010diti model iz pdf kataloga te kolekcije, nam pi\u0161ite na: <a href=\"mailto:keramoteka.salon@gmail.com\" onclick=\"recordOutboundLink(this, 'E-mail', 'Description mail');return false;\">keramoteka.salon@gmail.com<\/a> ali pa nas pokli\u010dite na: 031 255 900.<\/p>\n<p>Technical description: <br \/> F 33,3&#215;33,3 <br \/>Pastello Arancio ; Pastello Azzurro ; Pastello Bianco ; Pastello Crema ; Pastello Grafite ; Pastello Grigio ;<\/p>\n","protected":false},"excerpt":{"rendered":"<p>To plo\u0161\u010dico je izdelal proizvajalec Casalgrande Padana S.P.A., ki prihaja iz Italije. 8 mm debeline je dovolj tudi za zahtevnej\u0161e kupce. Velikost te plo\u0161\u010dice je 30&#215;30 cm in je primerna za razli\u010dne povr\u0161ine. Ta kerami\u010dna plo\u0161\u010dica v \u010dudoviti modri barvi bo obogatila vsak prostor. V redni prodaji bi morali za to plo\u0161\u010dico od\u0161teti 25,31 EUR, [&hellip;]<\/p>\n","protected":false},"featured_media":100837,"template":"","meta":[],"product_cat":[999448,200,999,240],"product_tag":[],"_links":{"self":[{"href":"https:\/\/www.keramika.com\/slovenija\/wp-json\/wp\/v2\/product\/100836"}],"collection":[{"href":"https:\/\/www.keramika.com\/slovenija\/wp-json\/wp\/v2\/product"}],"about":[{"href":"https:\/\/www.keramika.com\/slovenija\/wp-json\/wp\/v2\/types\/product"}],"wp:featuredmedia":[{"embeddable":true,"href":"https:\/\/www.keramika.com\/slovenija\/wp-json\/wp\/v2\/media\/100837"}],"wp:attachment":[{"href":"https:\/\/www.keramika.com\/slovenija\/wp-json\/wp\/v2\/media?parent=100836"}],"wp:term":[{"taxonomy":"product_cat","embeddable":true,"href":"https:\/\/www.keramika.com\/slovenija\/wp-json\/wp\/v2\/product_cat?post=100836"},{"taxonomy":"product_tag","embeddable":true,"href":"https:\/\/www.keramika.com\/slovenija\/wp-json\/wp\/v2\/product_tag?post=100836"}],"curies":[{"name":"wp","href":"https:\/\/api.w.org\/{rel}","templated":true}]}}