{"id":100820,"date":"2017-03-22T22:44:26","date_gmt":"2017-03-22T22:44:26","guid":{"rendered":"http:\/\/keramika.holest.com\/slovenija\/product\/keramicne-ploscice-za-terase-casalgrande-padana-natural-slate-red\/"},"modified":"2026-01-01T00:02:10","modified_gmt":"2026-01-01T00:02:10","slug":"keramicne-ploscice-za-terase-casalgrande-padana-natural-slate-red","status":"publish","type":"product","link":"https:\/\/www.keramika.com\/slovenija\/keramicne-ploscice-za-terase-casalgrande-padana-natural-slate-red\/","title":{"rendered":"Kerami\u010dne plo\u0161\u010dice za terase Casalgrande Padana Natural Slate Red"},"content":{"rendered":"<p>Casalgrande Padana Natural Slate Red je pripeljana iz Italije in je zelo kvalitetna. V redni prodaji bi morali za to plo\u0161\u010dico od\u0161teti 46,2 EUR, spletna cena pa zna\u0161a le 36,96 EUR. 8 mm debeline je dovolj tudi za zahtevnej\u0161e kupce. Z 30&#215;30 cm je ta plo\u0161\u010dica primerna za razli\u010dne podlage. Pri izbiri plo\u0161\u010dice v rde\u010di barvi ne morete zgre\u0161iti.<\/p>\n<p>Kliknite na ime kolekcije za ogled vseh plo\u0161\u010dic iz te serije: <a class=\"pdfcatal\" href=\"\/\/www.ceramictiles.com\/pdf\/casalgrandepadana\/catalogue_casalgrande_padana_natural_slate.pdf\" onclick=\"recordOutboundLink(this, 'E-mail', 'Description PDF');return false;\">Casalgrande Padana S.P.A. Natural Slate<\/a><\/p>\n<p>\u010ce \u017eelite naro\u010diti model iz pdf kataloga te kolekcije, nam pi\u0161ite na: <a href=\"mailto:keramoteka.salon@gmail.com\" onclick=\"recordOutboundLink(this, 'E-mail', 'Description mail');return false;\">keramoteka.salon@gmail.com<\/a> ali pa nas pokli\u010dite na: 031 255 900.<\/p>\n<p>Technical description: <br \/> F 15&#215;15 ; 15&#215;30 ; 15&#215;45 ; 30&#215;30 ; 30&#215;45 ; 45&#215;45 <br \/>Slate Beige ; Slate Gold ; Slate Red ; Slate Green ; Slate Black ; Slate Grey ;<\/p>\n","protected":false},"excerpt":{"rendered":"<p>Casalgrande Padana Natural Slate Red je pripeljana iz Italije in je zelo kvalitetna. V redni prodaji bi morali za to plo\u0161\u010dico od\u0161teti 46,2 EUR, spletna cena pa zna\u0161a le 36,96 EUR. 8 mm debeline je dovolj tudi za zahtevnej\u0161e kupce. Z 30&#215;30 cm je ta plo\u0161\u010dica primerna za razli\u010dne podlage. Pri izbiri plo\u0161\u010dice v rde\u010di [&hellip;]<\/p>\n","protected":false},"featured_media":100821,"template":"","meta":[],"product_cat":[999448,200,999,240],"product_tag":[],"_links":{"self":[{"href":"https:\/\/www.keramika.com\/slovenija\/wp-json\/wp\/v2\/product\/100820"}],"collection":[{"href":"https:\/\/www.keramika.com\/slovenija\/wp-json\/wp\/v2\/product"}],"about":[{"href":"https:\/\/www.keramika.com\/slovenija\/wp-json\/wp\/v2\/types\/product"}],"wp:featuredmedia":[{"embeddable":true,"href":"https:\/\/www.keramika.com\/slovenija\/wp-json\/wp\/v2\/media\/100821"}],"wp:attachment":[{"href":"https:\/\/www.keramika.com\/slovenija\/wp-json\/wp\/v2\/media?parent=100820"}],"wp:term":[{"taxonomy":"product_cat","embeddable":true,"href":"https:\/\/www.keramika.com\/slovenija\/wp-json\/wp\/v2\/product_cat?post=100820"},{"taxonomy":"product_tag","embeddable":true,"href":"https:\/\/www.keramika.com\/slovenija\/wp-json\/wp\/v2\/product_tag?post=100820"}],"curies":[{"name":"wp","href":"https:\/\/api.w.org\/{rel}","templated":true}]}}