{"id":100818,"date":"2017-03-22T22:44:24","date_gmt":"2017-03-22T22:44:24","guid":{"rendered":"http:\/\/keramika.holest.com\/slovenija\/product\/ploscice-imitacija-kamna-casalgrande-padana-mineral-chrom-grey\/"},"modified":"2026-01-01T00:02:10","modified_gmt":"2026-01-01T00:02:10","slug":"ploscice-imitacija-kamna-casalgrande-padana-mineral-chrom-grey","status":"publish","type":"product","link":"https:\/\/www.keramika.com\/slovenija\/ploscice-imitacija-kamna-casalgrande-padana-mineral-chrom-grey\/","title":{"rendered":"Plo\u0161\u010dice imitacija kamna Casalgrande Padana Mineral Chrom Grey"},"content":{"rendered":"<p>Ta plo\u0161\u010dica prihaja iz Italije, ki je znana po kvalitetni keramiki. V redni prodaji bi morali za to plo\u0161\u010dico od\u0161teti 55,05 EUR, spletna cena pa zna\u0161a le 44,04 EUR. Z velikostjo 30&#215;30 cm je ta plo\u0161\u010dica primerna ze razli\u010dne povr\u0161ine. Debelina kar 8 mm dela to plo\u0161\u010dico zelo trpe\u017eno in presti\u017eno na otip. Ta plo\u0161\u010dica je na voljo v \u010dudoviti sivi barvi, \u010de \u017eelite kak\u0161no drugo barvo pa nas kontaktirajte in preverili bomo pri proizvajalcu.<\/p>\n<p>Kliknite na ime kolekcije za ogled vseh plo\u0161\u010dic iz te serije: <a class=\"pdfcatal\" href=\"\/\/www.ceramictiles.com\/pdf\/casalgrandepadana\/catalogue_casalgrande_padana_mineral_chrom.pdf\" onclick=\"recordOutboundLink(this, 'E-mail', 'Description PDF');return false;\">Casalgrande Padana S.P.A. Mineral Chrom<\/a><\/p>\n<p>\u010ce \u017eelite naro\u010diti model iz pdf kataloga te kolekcije, nam pi\u0161ite na: <a href=\"mailto:keramoteka.salon@gmail.com\" onclick=\"recordOutboundLink(this, 'E-mail', 'Description mail');return false;\">keramoteka.salon@gmail.com<\/a> ali pa nas pokli\u010dite na: 031 255 900.<\/p>\n<p>Technical description: <br \/> W &#038; F 15&#215;15 ; 30&#215;30 ; 30&#215;60 ; 45&#215;45 <br \/>Mineral Black ; Mineral Grey ; Mineral White ; Mineral Brown ; Mineral Gold ; Mineral Beige ;<\/p>\n","protected":false},"excerpt":{"rendered":"<p>Ta plo\u0161\u010dica prihaja iz Italije, ki je znana po kvalitetni keramiki. V redni prodaji bi morali za to plo\u0161\u010dico od\u0161teti 55,05 EUR, spletna cena pa zna\u0161a le 44,04 EUR. Z velikostjo 30&#215;30 cm je ta plo\u0161\u010dica primerna ze razli\u010dne povr\u0161ine. Debelina kar 8 mm dela to plo\u0161\u010dico zelo trpe\u017eno in presti\u017eno na otip. Ta plo\u0161\u010dica [&hellip;]<\/p>\n","protected":false},"featured_media":100819,"template":"","meta":[],"product_cat":[999448,200,999,240],"product_tag":[],"_links":{"self":[{"href":"https:\/\/www.keramika.com\/slovenija\/wp-json\/wp\/v2\/product\/100818"}],"collection":[{"href":"https:\/\/www.keramika.com\/slovenija\/wp-json\/wp\/v2\/product"}],"about":[{"href":"https:\/\/www.keramika.com\/slovenija\/wp-json\/wp\/v2\/types\/product"}],"wp:featuredmedia":[{"embeddable":true,"href":"https:\/\/www.keramika.com\/slovenija\/wp-json\/wp\/v2\/media\/100819"}],"wp:attachment":[{"href":"https:\/\/www.keramika.com\/slovenija\/wp-json\/wp\/v2\/media?parent=100818"}],"wp:term":[{"taxonomy":"product_cat","embeddable":true,"href":"https:\/\/www.keramika.com\/slovenija\/wp-json\/wp\/v2\/product_cat?post=100818"},{"taxonomy":"product_tag","embeddable":true,"href":"https:\/\/www.keramika.com\/slovenija\/wp-json\/wp\/v2\/product_tag?post=100818"}],"curies":[{"name":"wp","href":"https:\/\/api.w.org\/{rel}","templated":true}]}}