{"id":100806,"date":"2017-03-22T22:44:12","date_gmt":"2017-03-22T22:44:12","guid":{"rendered":"http:\/\/keramika.holest.com\/slovenija\/product\/talne-in-stenske-ploscice-casalgrande-padana-marmogres-rosso-laguna\/"},"modified":"2026-01-01T00:02:08","modified_gmt":"2026-01-01T00:02:08","slug":"talne-in-stenske-ploscice-casalgrande-padana-marmogres-rosso-laguna","status":"publish","type":"product","link":"https:\/\/www.keramika.com\/slovenija\/talne-in-stenske-ploscice-casalgrande-padana-marmogres-rosso-laguna\/","title":{"rendered":"Talne in stenske plo\u0161\u010dice Casalgrande Padana Marmogres Rosso Laguna"},"content":{"rendered":"<p>Casalgrande Padana Marmogres Rosso Laguna je plo\u0161\u010dica proizvajalca Casalgrande Padana S.P.A. in prihaja iz Italije. Debelina kar 10 mm dela to plo\u0161\u010dico zelo trpe\u017eno in presti\u017eno na otip. Ta model plo\u0161\u010dice se najbolje prodaja v rde\u010di barvi. Dimenzije te plo\u0161\u010dice so 30&#215;60 cm. Zaradi ni\u017ejih stro\u0161kov pri spletni prodaji boste na na\u0161i strani za to plo\u0161\u010dico od\u0161teli le 116,44 EUR.<\/p>\n<p>Kliknite na ime kolekcije za ogled vseh plo\u0161\u010dic iz te serije: <a class=\"pdfcatal\" href=\"\/\/www.ceramictiles.com\/pdf\/casalgrandepadana\/catalogue_casalgrande_padana_marmogres.pdf\" onclick=\"recordOutboundLink(this, 'E-mail', 'Description PDF');return false;\">Casalgrande Padana S.P.A. Marmogres<\/a><\/p>\n<p>\u010ce \u017eelite naro\u010diti model iz pdf kataloga te kolekcije, nam pi\u0161ite na: <a href=\"mailto:keramoteka.salon@gmail.com\" onclick=\"recordOutboundLink(this, 'E-mail', 'Description mail');return false;\">keramoteka.salon@gmail.com<\/a> ali pa nas pokli\u010dite na: 031 255 900.<\/p>\n<p>Technical description: <br \/> W &#038; F 30&#215;30 ; 30&#215;60 ; 60&#215;60 <br \/>Nero Marquinia ; Portoro ; Verde India ; Rosso Laguna ; Giallo Siena ; Paonazzetto ; Cremo Supremo ; Calacatta Beige ; Calacatta Grigio ; Pennsylvania ;<\/p>\n","protected":false},"excerpt":{"rendered":"<p>Casalgrande Padana Marmogres Rosso Laguna je plo\u0161\u010dica proizvajalca Casalgrande Padana S.P.A. in prihaja iz Italije. Debelina kar 10 mm dela to plo\u0161\u010dico zelo trpe\u017eno in presti\u017eno na otip. Ta model plo\u0161\u010dice se najbolje prodaja v rde\u010di barvi. Dimenzije te plo\u0161\u010dice so 30&#215;60 cm. Zaradi ni\u017ejih stro\u0161kov pri spletni prodaji boste na na\u0161i strani za to [&hellip;]<\/p>\n","protected":false},"featured_media":100807,"template":"","meta":[],"product_cat":[999448,200,999,240],"product_tag":[],"_links":{"self":[{"href":"https:\/\/www.keramika.com\/slovenija\/wp-json\/wp\/v2\/product\/100806"}],"collection":[{"href":"https:\/\/www.keramika.com\/slovenija\/wp-json\/wp\/v2\/product"}],"about":[{"href":"https:\/\/www.keramika.com\/slovenija\/wp-json\/wp\/v2\/types\/product"}],"wp:featuredmedia":[{"embeddable":true,"href":"https:\/\/www.keramika.com\/slovenija\/wp-json\/wp\/v2\/media\/100807"}],"wp:attachment":[{"href":"https:\/\/www.keramika.com\/slovenija\/wp-json\/wp\/v2\/media?parent=100806"}],"wp:term":[{"taxonomy":"product_cat","embeddable":true,"href":"https:\/\/www.keramika.com\/slovenija\/wp-json\/wp\/v2\/product_cat?post=100806"},{"taxonomy":"product_tag","embeddable":true,"href":"https:\/\/www.keramika.com\/slovenija\/wp-json\/wp\/v2\/product_tag?post=100806"}],"curies":[{"name":"wp","href":"https:\/\/api.w.org\/{rel}","templated":true}]}}