{"id":100798,"date":"2017-03-22T22:44:04","date_gmt":"2017-03-22T22:44:04","guid":{"rendered":"http:\/\/keramika.holest.com\/slovenija\/product\/casalgrande-padana-living-brown\/"},"modified":"2026-01-01T00:02:07","modified_gmt":"2026-01-01T00:02:07","slug":"casalgrande-padana-living-brown","status":"publish","type":"product","link":"https:\/\/www.keramika.com\/slovenija\/casalgrande-padana-living-brown\/","title":{"rendered":"Casalgrande Padana Living Brown"},"content":{"rendered":"<p>Plo\u0161\u010dica je debela kar 10 mm, kar jo uvr\u0161\u010da med bolj trde plo\u0161\u010dice. Redna cena te plo\u0161\u010dice v maloprodaji zna\u0161a 32,91 EUR, v na\u0161i spletni trgovini pa jo lahko dobite \u017ee za 26,32 EUR. Velikost te plo\u0161\u010dice je 30&#215;60 cm in je primerna za razli\u010dne povr\u0161ine. Prihaja iz Italije, ki po svetu slovi kot ena bolj\u0161ih proizvajalk kerami\u010dnih plo\u0161\u010dic. Letos so plo\u0161\u010dice v rjavi barvi zelo za\u017eeljene.<\/p>\n","protected":false},"excerpt":{"rendered":"<p>Plo\u0161\u010dica je debela kar 10 mm, kar jo uvr\u0161\u010da med bolj trde plo\u0161\u010dice. Redna cena te plo\u0161\u010dice v maloprodaji zna\u0161a 32,91 EUR, v na\u0161i spletni trgovini pa jo lahko dobite \u017ee za 26,32 EUR. Velikost te plo\u0161\u010dice je 30&#215;60 cm in je primerna za razli\u010dne povr\u0161ine. Prihaja iz Italije, ki po svetu slovi kot ena [&hellip;]<\/p>\n","protected":false},"featured_media":100799,"template":"","meta":[],"product_cat":[999448,200,999,240],"product_tag":[],"_links":{"self":[{"href":"https:\/\/www.keramika.com\/slovenija\/wp-json\/wp\/v2\/product\/100798"}],"collection":[{"href":"https:\/\/www.keramika.com\/slovenija\/wp-json\/wp\/v2\/product"}],"about":[{"href":"https:\/\/www.keramika.com\/slovenija\/wp-json\/wp\/v2\/types\/product"}],"wp:featuredmedia":[{"embeddable":true,"href":"https:\/\/www.keramika.com\/slovenija\/wp-json\/wp\/v2\/media\/100799"}],"wp:attachment":[{"href":"https:\/\/www.keramika.com\/slovenija\/wp-json\/wp\/v2\/media?parent=100798"}],"wp:term":[{"taxonomy":"product_cat","embeddable":true,"href":"https:\/\/www.keramika.com\/slovenija\/wp-json\/wp\/v2\/product_cat?post=100798"},{"taxonomy":"product_tag","embeddable":true,"href":"https:\/\/www.keramika.com\/slovenija\/wp-json\/wp\/v2\/product_tag?post=100798"}],"curies":[{"name":"wp","href":"https:\/\/api.w.org\/{rel}","templated":true}]}}