{"id":100794,"date":"2017-03-22T22:44:01","date_gmt":"2017-03-22T22:44:01","guid":{"rendered":"http:\/\/keramika.holest.com\/slovenija\/product\/keramika-imitacija-lesa-casalgrande-padana-les-plages-biarritz\/"},"modified":"2026-01-01T00:02:07","modified_gmt":"2026-01-01T00:02:07","slug":"keramika-imitacija-lesa-casalgrande-padana-les-plages-biarritz","status":"publish","type":"product","link":"https:\/\/www.keramika.com\/slovenija\/keramika-imitacija-lesa-casalgrande-padana-les-plages-biarritz\/","title":{"rendered":"Keramika imitacija lesa Casalgrande Padana Les Plages Biarritz"},"content":{"rendered":"<p>Debelina plo\u0161\u010dice je zelo pomembna in 10 mm uvr\u0161\u010da to plo\u0161\u010dico med najkvalitetnej\u0161e. To plo\u0161\u010dico je izdelal proizvajalec Casalgrande Padana S.P.A., ki prihaja iz Italije. Plo\u0161\u010dica na sliki je velika 30&#215;60 cm. Namesto 50,62 EUR kot bi za to plo\u0161\u010dico od\u0161teli v klasi\u010dni trgovini, boste v na\u0161i spletni prodajalni od\u0161teli le 40,5 EUR. Ta plo\u0161\u010dica je na voljo v \u010dudoviti rde\u010di barvi, \u010de \u017eelite kak\u0161no drugo barvo pa nas kontaktirajte in preverili bomo pri proizvajalcu.<\/p>\n<p>Kliknite na ime kolekcije za ogled vseh plo\u0161\u010dic iz te serije: <a class=\"pdfcatal\" href=\"\/\/www.ceramictiles.com\/pdf\/casalgrandepadana\/catalogue_casalgrande_padana_les_plages.pdf\" onclick=\"recordOutboundLink(this, 'E-mail', 'Description PDF');return false;\">Casalgrande Padana S.P.A. Les Plages<\/a><\/p>\n<p>\u010ce \u017eelite naro\u010diti model iz pdf kataloga te kolekcije, nam pi\u0161ite na: <a href=\"mailto:keramoteka.salon@gmail.com\" onclick=\"recordOutboundLink(this, 'E-mail', 'Description mail');return false;\">keramoteka.salon@gmail.com<\/a> ali pa nas pokli\u010dite na: 031 255 900.<\/p>\n<p>Technical description: <br \/> F 10&#215;60 ; 15&#215;60 ; 30&#215;60 ; 15&#215;90 ; 45&#215;90 <br \/>Cap Martin ; Biarritz ; Deauville ; Cannes ; Menton ;<\/p>\n","protected":false},"excerpt":{"rendered":"<p>Debelina plo\u0161\u010dice je zelo pomembna in 10 mm uvr\u0161\u010da to plo\u0161\u010dico med najkvalitetnej\u0161e. To plo\u0161\u010dico je izdelal proizvajalec Casalgrande Padana S.P.A., ki prihaja iz Italije. Plo\u0161\u010dica na sliki je velika 30&#215;60 cm. Namesto 50,62 EUR kot bi za to plo\u0161\u010dico od\u0161teli v klasi\u010dni trgovini, boste v na\u0161i spletni prodajalni od\u0161teli le 40,5 EUR. Ta plo\u0161\u010dica [&hellip;]<\/p>\n","protected":false},"featured_media":100795,"template":"","meta":[],"product_cat":[999448,200,999,240],"product_tag":[],"_links":{"self":[{"href":"https:\/\/www.keramika.com\/slovenija\/wp-json\/wp\/v2\/product\/100794"}],"collection":[{"href":"https:\/\/www.keramika.com\/slovenija\/wp-json\/wp\/v2\/product"}],"about":[{"href":"https:\/\/www.keramika.com\/slovenija\/wp-json\/wp\/v2\/types\/product"}],"wp:featuredmedia":[{"embeddable":true,"href":"https:\/\/www.keramika.com\/slovenija\/wp-json\/wp\/v2\/media\/100795"}],"wp:attachment":[{"href":"https:\/\/www.keramika.com\/slovenija\/wp-json\/wp\/v2\/media?parent=100794"}],"wp:term":[{"taxonomy":"product_cat","embeddable":true,"href":"https:\/\/www.keramika.com\/slovenija\/wp-json\/wp\/v2\/product_cat?post=100794"},{"taxonomy":"product_tag","embeddable":true,"href":"https:\/\/www.keramika.com\/slovenija\/wp-json\/wp\/v2\/product_tag?post=100794"}],"curies":[{"name":"wp","href":"https:\/\/api.w.org\/{rel}","templated":true}]}}