{"id":100782,"date":"2017-03-22T22:43:48","date_gmt":"2017-03-22T22:43:48","guid":{"rendered":"http:\/\/keramika.holest.com\/slovenija\/product\/projektne-ploscice-casalgrande-padana-gubbio-granito-2\/"},"modified":"2026-01-01T00:02:05","modified_gmt":"2026-01-01T00:02:05","slug":"projektne-ploscice-casalgrande-padana-gubbio-granito-2","status":"publish","type":"product","link":"https:\/\/www.keramika.com\/slovenija\/projektne-ploscice-casalgrande-padana-gubbio-granito-2\/","title":{"rendered":"Projektne plo\u0161\u0107ice Casalgrande Padana Gubbio Granito 2"},"content":{"rendered":"<p>Casalgrande Padana Gubbio Granito 2 prihaja iz Italije, ki je znana po zelo kvalitetni keramiki v svetovnem merilu. Zelo moderna plo\u0161\u010dica v rde\u010di barvi popestri prav vsak prostor. 8 mm je debelina, ki zadovolji tudi zahtevnej\u0161e kupce. Z velikostjo 30&#215;30 cm je ta plo\u0161\u010dica primerna ze razli\u010dne povr\u0161ine. Casalgrande Padana Gubbio Granito 2 je na voljo po zelo ugodni ceni 22,28 EUR.<\/p>\n<p>Kliknite na ime kolekcije za ogled vseh plo\u0161\u010dic iz te serije: <a class=\"pdfcatal\" href=\"\/\/www.ceramictiles.com\/pdf\/casalgrandepadana\/catalogue_casalgrande_padana_granito2.pdf\" onclick=\"recordOutboundLink(this, 'E-mail', 'Description PDF');return false;\">Casalgrande Padana S.P.A. Granito 2<\/a><\/p>\n<p>\u010ce \u017eelite naro\u010diti model iz pdf kataloga te kolekcije, nam pi\u0161ite na: <a href=\"mailto:keramoteka.salon@gmail.com\" onclick=\"recordOutboundLink(this, 'E-mail', 'Description mail');return false;\">keramoteka.salon@gmail.com<\/a> ali pa nas pokli\u010dite na: 031 255 900.<\/p>\n<p>Technical description: <br \/> F 20&#215;20 ; 30&#215;30 ; 40&#215;40 <br \/>Amalfi ; Cervinia ; Cortina ; Firenze ; Gallipoli ; Genova ; Gubbio ; Milano ; Roma ; Siena ; Torino ; Venezia ;<\/p>\n","protected":false},"excerpt":{"rendered":"<p>Casalgrande Padana Gubbio Granito 2 prihaja iz Italije, ki je znana po zelo kvalitetni keramiki v svetovnem merilu. Zelo moderna plo\u0161\u010dica v rde\u010di barvi popestri prav vsak prostor. 8 mm je debelina, ki zadovolji tudi zahtevnej\u0161e kupce. Z velikostjo 30&#215;30 cm je ta plo\u0161\u010dica primerna ze razli\u010dne povr\u0161ine. Casalgrande Padana Gubbio Granito 2 je na [&hellip;]<\/p>\n","protected":false},"featured_media":100783,"template":"","meta":[],"product_cat":[999448,200,999,240],"product_tag":[],"_links":{"self":[{"href":"https:\/\/www.keramika.com\/slovenija\/wp-json\/wp\/v2\/product\/100782"}],"collection":[{"href":"https:\/\/www.keramika.com\/slovenija\/wp-json\/wp\/v2\/product"}],"about":[{"href":"https:\/\/www.keramika.com\/slovenija\/wp-json\/wp\/v2\/types\/product"}],"wp:featuredmedia":[{"embeddable":true,"href":"https:\/\/www.keramika.com\/slovenija\/wp-json\/wp\/v2\/media\/100783"}],"wp:attachment":[{"href":"https:\/\/www.keramika.com\/slovenija\/wp-json\/wp\/v2\/media?parent=100782"}],"wp:term":[{"taxonomy":"product_cat","embeddable":true,"href":"https:\/\/www.keramika.com\/slovenija\/wp-json\/wp\/v2\/product_cat?post=100782"},{"taxonomy":"product_tag","embeddable":true,"href":"https:\/\/www.keramika.com\/slovenija\/wp-json\/wp\/v2\/product_tag?post=100782"}],"curies":[{"name":"wp","href":"https:\/\/api.w.org\/{rel}","templated":true}]}}