{"id":100772,"date":"2017-03-22T22:43:37","date_gmt":"2017-03-22T22:43:37","guid":{"rendered":"http:\/\/keramika.holest.com\/slovenija\/product\/talne-ploscice-casalgrande-padana-diamanti-hope-levigato\/"},"modified":"2026-01-01T00:02:04","modified_gmt":"2026-01-01T00:02:04","slug":"talne-ploscice-casalgrande-padana-diamanti-hope-levigato","status":"publish","type":"product","link":"https:\/\/www.keramika.com\/slovenija\/talne-ploscice-casalgrande-padana-diamanti-hope-levigato\/","title":{"rendered":"Talne plo\u0161\u010dice Casalgrande Padana Diamanti Hope Levigato"},"content":{"rendered":"<p>\u0160irina in dol\u017eina te plo\u0161\u010dice sta 40&#215;40 cm. 9 mm je debelina, ki zadovolji tudi zahtevnej\u0161e kupce. Casalgrande Padana Diamanti Hope Levigato je pripeljana iz Italije in je zelo kvalitetna. Zaradi ni\u017ejih stro\u0161kov pri spletni prodaji boste na na\u0161i strani za to plo\u0161\u010dico od\u0161teli le 65,81 EUR. Letos so plo\u0161\u010dice v modri barvi zelo za\u017eeljene.<\/p>\n<p>Kliknite na ime kolekcije za ogled vseh plo\u0161\u010dic iz te serije: <a class=\"pdfcatal\" href=\"\/\/www.ceramictiles.com\/pdf\/casalgrandepadana\/catalogue_casalgrande_padana_diamanti.pdf\" onclick=\"recordOutboundLink(this, 'E-mail', 'Description PDF');return false;\">Casalgrande Padana S.P.A. Diamanti<\/a><\/p>\n<p>\u010ce \u017eelite naro\u010diti model iz pdf kataloga te kolekcije, nam pi\u0161ite na: <a href=\"mailto:keramoteka.salon@gmail.com\" onclick=\"recordOutboundLink(this, 'E-mail', 'Description mail');return false;\">keramoteka.salon@gmail.com<\/a> ali pa nas pokli\u010dite na: 031 255 900.<\/p>\n<p>Technical description: <br \/> F 40&#215;40 <br \/>Eureka ; Victoria ; Excelsior ; Orloff ; Crema Europa ; Croce Del Sud ; Hope ; Florentine ;<\/p>\n","protected":false},"excerpt":{"rendered":"<p>\u0160irina in dol\u017eina te plo\u0161\u010dice sta 40&#215;40 cm. 9 mm je debelina, ki zadovolji tudi zahtevnej\u0161e kupce. Casalgrande Padana Diamanti Hope Levigato je pripeljana iz Italije in je zelo kvalitetna. Zaradi ni\u017ejih stro\u0161kov pri spletni prodaji boste na na\u0161i strani za to plo\u0161\u010dico od\u0161teli le 65,81 EUR. Letos so plo\u0161\u010dice v modri barvi zelo za\u017eeljene. [&hellip;]<\/p>\n","protected":false},"featured_media":100773,"template":"","meta":[],"product_cat":[999448,200,999,240],"product_tag":[],"_links":{"self":[{"href":"https:\/\/www.keramika.com\/slovenija\/wp-json\/wp\/v2\/product\/100772"}],"collection":[{"href":"https:\/\/www.keramika.com\/slovenija\/wp-json\/wp\/v2\/product"}],"about":[{"href":"https:\/\/www.keramika.com\/slovenija\/wp-json\/wp\/v2\/types\/product"}],"wp:featuredmedia":[{"embeddable":true,"href":"https:\/\/www.keramika.com\/slovenija\/wp-json\/wp\/v2\/media\/100773"}],"wp:attachment":[{"href":"https:\/\/www.keramika.com\/slovenija\/wp-json\/wp\/v2\/media?parent=100772"}],"wp:term":[{"taxonomy":"product_cat","embeddable":true,"href":"https:\/\/www.keramika.com\/slovenija\/wp-json\/wp\/v2\/product_cat?post=100772"},{"taxonomy":"product_tag","embeddable":true,"href":"https:\/\/www.keramika.com\/slovenija\/wp-json\/wp\/v2\/product_tag?post=100772"}],"curies":[{"name":"wp","href":"https:\/\/api.w.org\/{rel}","templated":true}]}}