{"id":100770,"date":"2017-03-22T22:43:34","date_gmt":"2017-03-22T22:43:34","guid":{"rendered":"http:\/\/keramika.holest.com\/slovenija\/product\/projektne-ploscice-casalgrande-padana-crystall-blue-levigato\/"},"modified":"2026-01-01T00:02:04","modified_gmt":"2026-01-01T00:02:04","slug":"projektne-ploscice-casalgrande-padana-crystall-blue-levigato","status":"publish","type":"product","link":"https:\/\/www.keramika.com\/slovenija\/projektne-ploscice-casalgrande-padana-crystall-blue-levigato\/","title":{"rendered":"Projektne plo\u0161\u0107ice Casalgrande Padana Crystall Blue Levigato"},"content":{"rendered":"<p>Casalgrande Padana Crystall Blue Levigato je pripeljana iz Italije in je zelo kvalitetna. Z velikostjo 40&#215;40 cm je ta plo\u0161\u010dica primerna ze razli\u010dne povr\u0161ine. Ta plo\u0161\u010dica je na voljo v \u010dudoviti modri barvi, \u010de \u017eelite kak\u0161no drugo barvo pa nas kontaktirajte in preverili bomo pri proizvajalcu. Debelina plo\u0161\u010dice je zelo pomembna in 9 mm uvr\u0161\u010da to plo\u0161\u010dico med najkvalitetnej\u0161e. 113,91 EUR v klasi\u010dni trgovini, pri nas pa le 91,12 EUR.<\/p>\n<p>Kliknite na ime kolekcije za ogled vseh plo\u0161\u010dic iz te serije: <a class=\"pdfcatal\" href=\"\/\/www.ceramictiles.com\/pdf\/casalgrandepadana\/catalogue_casalgrande_padana_crystall.pdf\" onclick=\"recordOutboundLink(this, 'E-mail', 'Description PDF');return false;\">Casalgrande Padana S.P.A. Crystall<\/a><\/p>\n<p>\u010ce \u017eelite naro\u010diti model iz pdf kataloga te kolekcije, nam pi\u0161ite na: <a href=\"mailto:keramoteka.salon@gmail.com\" onclick=\"recordOutboundLink(this, 'E-mail', 'Description mail');return false;\">keramoteka.salon@gmail.com<\/a> ali pa nas pokli\u010dite na: 031 255 900.<\/p>\n<p>Technical description: <br \/> F 40&#215;40 ; 60&#215;60 <br \/>Pearl ; Ivory ; Grey ; Green ; Cream ; Yellow ; Blue ;<\/p>\n","protected":false},"excerpt":{"rendered":"<p>Casalgrande Padana Crystall Blue Levigato je pripeljana iz Italije in je zelo kvalitetna. Z velikostjo 40&#215;40 cm je ta plo\u0161\u010dica primerna ze razli\u010dne povr\u0161ine. Ta plo\u0161\u010dica je na voljo v \u010dudoviti modri barvi, \u010de \u017eelite kak\u0161no drugo barvo pa nas kontaktirajte in preverili bomo pri proizvajalcu. Debelina plo\u0161\u010dice je zelo pomembna in 9 mm uvr\u0161\u010da [&hellip;]<\/p>\n","protected":false},"featured_media":100771,"template":"","meta":[],"product_cat":[999448,200,999,290],"product_tag":[],"_links":{"self":[{"href":"https:\/\/www.keramika.com\/slovenija\/wp-json\/wp\/v2\/product\/100770"}],"collection":[{"href":"https:\/\/www.keramika.com\/slovenija\/wp-json\/wp\/v2\/product"}],"about":[{"href":"https:\/\/www.keramika.com\/slovenija\/wp-json\/wp\/v2\/types\/product"}],"wp:featuredmedia":[{"embeddable":true,"href":"https:\/\/www.keramika.com\/slovenija\/wp-json\/wp\/v2\/media\/100771"}],"wp:attachment":[{"href":"https:\/\/www.keramika.com\/slovenija\/wp-json\/wp\/v2\/media?parent=100770"}],"wp:term":[{"taxonomy":"product_cat","embeddable":true,"href":"https:\/\/www.keramika.com\/slovenija\/wp-json\/wp\/v2\/product_cat?post=100770"},{"taxonomy":"product_tag","embeddable":true,"href":"https:\/\/www.keramika.com\/slovenija\/wp-json\/wp\/v2\/product_tag?post=100770"}],"curies":[{"name":"wp","href":"https:\/\/api.w.org\/{rel}","templated":true}]}}