{"id":100760,"date":"2017-03-22T22:43:22","date_gmt":"2017-03-22T22:43:22","guid":{"rendered":"http:\/\/keramika.holest.com\/slovenija\/product\/projektne-ploscice-casalgrande-padana-ardesia-grigio\/"},"modified":"2026-01-01T00:02:02","modified_gmt":"2026-01-01T00:02:02","slug":"projektne-ploscice-casalgrande-padana-ardesia-grigio","status":"publish","type":"product","link":"https:\/\/www.keramika.com\/slovenija\/projektne-ploscice-casalgrande-padana-ardesia-grigio\/","title":{"rendered":"Projektne plo\u0161\u0107ice Casalgrande Padana Ardesia Grigio"},"content":{"rendered":"<p>Keramika v sivi barvi popestri vsak prostor. Plo\u0161\u010dica na sliki je velika 30&#215;30 cm. Debelina kar 8 mm dela to plo\u0161\u010dico zelo trpe\u017eno in presti\u017eno na otip. 30,38 EUR v klasi\u010dni trgovini, pri nas pa le 24,3 EUR. Prihaja iz Italije, ki po svetu slovi kot ena bolj\u0161ih proizvajalk kerami\u010dnih plo\u0161\u010dic.<\/p>\n<p>Kliknite na ime kolekcije za ogled vseh plo\u0161\u010dic iz te serije: <a class=\"pdfcatal\" href=\"\/\/www.ceramictiles.com\/pdf\/casalgrandepadana\/catalogue_casalgrande_padana_ardesia.pdf\" onclick=\"recordOutboundLink(this, 'E-mail', 'Description PDF');return false;\">Casalgrande Padana S.P.A. Ardesia<\/a><\/p>\n<p>\u010ce \u017eelite naro\u010diti model iz pdf kataloga te kolekcije, nam pi\u0161ite na: <a href=\"mailto:keramoteka.salon@gmail.com\" onclick=\"recordOutboundLink(this, 'E-mail', 'Description mail');return false;\">keramoteka.salon@gmail.com<\/a> ali pa nas pokli\u010dite na: 031 255 900.<\/p>\n<p>Technical description: <br \/> F 15&#215;15 ; 15&#215;30 ; 30&#215;30 ; 30&#215;60 <br \/>Ardesia Bianco ; Ardesia Beige ; Ardesia Grigio ; Ardesia Rosa ; Ardesia Rosso ; Ardesia Verde ; Ardesia Nero ; Ardesia Blu ;<\/p>\n","protected":false},"excerpt":{"rendered":"<p>Keramika v sivi barvi popestri vsak prostor. Plo\u0161\u010dica na sliki je velika 30&#215;30 cm. Debelina kar 8 mm dela to plo\u0161\u010dico zelo trpe\u017eno in presti\u017eno na otip. 30,38 EUR v klasi\u010dni trgovini, pri nas pa le 24,3 EUR. Prihaja iz Italije, ki po svetu slovi kot ena bolj\u0161ih proizvajalk kerami\u010dnih plo\u0161\u010dic. Kliknite na ime kolekcije [&hellip;]<\/p>\n","protected":false},"featured_media":100761,"template":"","meta":[],"product_cat":[999448,200,999,240],"product_tag":[],"_links":{"self":[{"href":"https:\/\/www.keramika.com\/slovenija\/wp-json\/wp\/v2\/product\/100760"}],"collection":[{"href":"https:\/\/www.keramika.com\/slovenija\/wp-json\/wp\/v2\/product"}],"about":[{"href":"https:\/\/www.keramika.com\/slovenija\/wp-json\/wp\/v2\/types\/product"}],"wp:featuredmedia":[{"embeddable":true,"href":"https:\/\/www.keramika.com\/slovenija\/wp-json\/wp\/v2\/media\/100761"}],"wp:attachment":[{"href":"https:\/\/www.keramika.com\/slovenija\/wp-json\/wp\/v2\/media?parent=100760"}],"wp:term":[{"taxonomy":"product_cat","embeddable":true,"href":"https:\/\/www.keramika.com\/slovenija\/wp-json\/wp\/v2\/product_cat?post=100760"},{"taxonomy":"product_tag","embeddable":true,"href":"https:\/\/www.keramika.com\/slovenija\/wp-json\/wp\/v2\/product_tag?post=100760"}],"curies":[{"name":"wp","href":"https:\/\/api.w.org\/{rel}","templated":true}]}}