{"id":100758,"date":"2017-03-22T22:43:20","date_gmt":"2017-03-22T22:43:20","guid":{"rendered":"http:\/\/keramika.holest.com\/slovenija\/product\/projektne-ploscice-casalgrande-padana-architecture-light-brown\/"},"modified":"2026-01-01T00:02:02","modified_gmt":"2026-01-01T00:02:02","slug":"projektne-ploscice-casalgrande-padana-architecture-light-brown","status":"publish","type":"product","link":"https:\/\/www.keramika.com\/slovenija\/projektne-ploscice-casalgrande-padana-architecture-light-brown\/","title":{"rendered":"Projektne plo\u0161\u0107ice Casalgrande Padana Architecture Light Brown"},"content":{"rendered":"<p>Pri izbiri plo\u0161\u010dice v rjavi barvi ne morete zgre\u0161iti. Ta plo\u0161\u010dica prihaja iz Italije, ki je znana po kvalitetni keramiki. Debelina plo\u0161\u010dice je zelo pomembna in 10 mm uvr\u0161\u010da to plo\u0161\u010dico med najkvalitetnej\u0161e. Z 60&#215;60 cm je ta plo\u0161\u010dica primerna za razli\u010dne podlage. 69,61 EUR v klasi\u010dni trgovini, pri nas pa le 55,69 EUR.<\/p>\n<p>Kliknite na ime kolekcije za ogled vseh plo\u0161\u010dic iz te serije: <a class=\"pdfcatal\" href=\"\/\/www.ceramictiles.com\/pdf\/casalgrandepadana\/catalogue_casalgrande_padana_architecture.pdf\" onclick=\"recordOutboundLink(this, 'E-mail', 'Description PDF');return false;\">Casalgrande Padana S.P.A. Architecture<\/a><\/p>\n<p>\u010ce \u017eelite naro\u010diti model iz pdf kataloga te kolekcije, nam pi\u0161ite na: <a href=\"mailto:keramoteka.salon@gmail.com\" onclick=\"recordOutboundLink(this, 'E-mail', 'Description mail');return false;\">keramoteka.salon@gmail.com<\/a> ali pa nas pokli\u010dite na: 031 255 900.<\/p>\n<p>Technical description: <br \/> W &#038; F 90&#215;90 ; 30&#215;60 ; 60&#215;60 ; 15&#215;60 <br \/>Black ; Black Gloss ; Dark Grey ; Dark Grey Gloss ; Medium Grey ; Medium Grey Gloss ; Dark Brown ; Dark Brown Gloss ; Light Brown ; Light Brown Gloss ; Beige ; Beige Gloss ; Light Grey ; Light Grey Gloss ; Cool Grey ; Cool Grey Gloss ; Warm Grey ; Warm Grey Gloss ; Dark Ivory ; Dark Ivory Gloss ; Light Ivory ; Light Ivory Gloss ; White ; White Gloss ;<\/p>\n","protected":false},"excerpt":{"rendered":"<p>Pri izbiri plo\u0161\u010dice v rjavi barvi ne morete zgre\u0161iti. Ta plo\u0161\u010dica prihaja iz Italije, ki je znana po kvalitetni keramiki. Debelina plo\u0161\u010dice je zelo pomembna in 10 mm uvr\u0161\u010da to plo\u0161\u010dico med najkvalitetnej\u0161e. Z 60&#215;60 cm je ta plo\u0161\u010dica primerna za razli\u010dne podlage. 69,61 EUR v klasi\u010dni trgovini, pri nas pa le 55,69 EUR. Kliknite [&hellip;]<\/p>\n","protected":false},"featured_media":100759,"template":"","meta":[],"product_cat":[999448,200,999,240],"product_tag":[],"_links":{"self":[{"href":"https:\/\/www.keramika.com\/slovenija\/wp-json\/wp\/v2\/product\/100758"}],"collection":[{"href":"https:\/\/www.keramika.com\/slovenija\/wp-json\/wp\/v2\/product"}],"about":[{"href":"https:\/\/www.keramika.com\/slovenija\/wp-json\/wp\/v2\/types\/product"}],"wp:featuredmedia":[{"embeddable":true,"href":"https:\/\/www.keramika.com\/slovenija\/wp-json\/wp\/v2\/media\/100759"}],"wp:attachment":[{"href":"https:\/\/www.keramika.com\/slovenija\/wp-json\/wp\/v2\/media?parent=100758"}],"wp:term":[{"taxonomy":"product_cat","embeddable":true,"href":"https:\/\/www.keramika.com\/slovenija\/wp-json\/wp\/v2\/product_cat?post=100758"},{"taxonomy":"product_tag","embeddable":true,"href":"https:\/\/www.keramika.com\/slovenija\/wp-json\/wp\/v2\/product_tag?post=100758"}],"curies":[{"name":"wp","href":"https:\/\/api.w.org\/{rel}","templated":true}]}}