{"id":100756,"date":"2017-03-22T22:43:18","date_gmt":"2017-03-22T22:43:18","guid":{"rendered":"http:\/\/keramika.holest.com\/slovenija\/product\/talne-in-stenske-ploscice-casalgrande-padana-amazzonia-dragon-brown\/"},"modified":"2026-01-01T00:02:02","modified_gmt":"2026-01-01T00:02:02","slug":"talne-in-stenske-ploscice-casalgrande-padana-amazzonia-dragon-brown","status":"publish","type":"product","link":"https:\/\/www.keramika.com\/slovenija\/talne-in-stenske-ploscice-casalgrande-padana-amazzonia-dragon-brown\/","title":{"rendered":"Talne in stenske plo\u0161\u010dice Casalgrande Padana Amazzonia Dragon Brown"},"content":{"rendered":"<p>Plo\u0161\u010dica na sliki je velika 45&#215;45 cm. 82,27 EUR v klasi\u010dni trgovini, pri nas pa le 65,81 EUR. Debelina kar 10 mm dela to plo\u0161\u010dico zelo trpe\u017eno in presti\u017eno na otip. Casalgrande Padana Amazzonia Dragon Brown prihaja iz Italije, ki je znana po zelo kvalitetni keramiki v svetovnem merilu. Letos so plo\u0161\u010dice v rjavi barvi zelo za\u017eeljene.<\/p>\n<p>Kliknite na ime kolekcije za ogled vseh plo\u0161\u010dic iz te serije: <a class=\"pdfcatal\" href=\"\/\/www.ceramictiles.com\/pdf\/casalgrandepadana\/catalogue_casalgrande_padana_amazzonia.pdf\" onclick=\"recordOutboundLink(this, 'E-mail', 'Description PDF');return false;\">Casalgrande Padana S.P.A. Amazzonia<\/a><\/p>\n<p>\u010ce \u017eelite naro\u010diti model iz pdf kataloga te kolekcije, nam pi\u0161ite na: <a href=\"mailto:keramoteka.salon@gmail.com\" onclick=\"recordOutboundLink(this, 'E-mail', 'Description mail');return false;\">keramoteka.salon@gmail.com<\/a> ali pa nas pokli\u010dite na: 031 255 900.<\/p>\n<p>Technical description: <br \/> W &#038; F 60&#215;60 ; 30&#215;60 ; 45&#215;90 ; 45&#215;45 ; 30&#215;30 <br \/>Dragon Black ; Dragon Green ; Dragon White ; Dragon Grey ; Dragon Chocolate ; Dragon Brown ; Dragon Beige ; Eldorado ; Mosaico Amazzonia ;<\/p>\n","protected":false},"excerpt":{"rendered":"<p>Plo\u0161\u010dica na sliki je velika 45&#215;45 cm. 82,27 EUR v klasi\u010dni trgovini, pri nas pa le 65,81 EUR. Debelina kar 10 mm dela to plo\u0161\u010dico zelo trpe\u017eno in presti\u017eno na otip. Casalgrande Padana Amazzonia Dragon Brown prihaja iz Italije, ki je znana po zelo kvalitetni keramiki v svetovnem merilu. Letos so plo\u0161\u010dice v rjavi barvi [&hellip;]<\/p>\n","protected":false},"featured_media":100757,"template":"","meta":[],"product_cat":[999448,200,999,240],"product_tag":[],"_links":{"self":[{"href":"https:\/\/www.keramika.com\/slovenija\/wp-json\/wp\/v2\/product\/100756"}],"collection":[{"href":"https:\/\/www.keramika.com\/slovenija\/wp-json\/wp\/v2\/product"}],"about":[{"href":"https:\/\/www.keramika.com\/slovenija\/wp-json\/wp\/v2\/types\/product"}],"wp:featuredmedia":[{"embeddable":true,"href":"https:\/\/www.keramika.com\/slovenija\/wp-json\/wp\/v2\/media\/100757"}],"wp:attachment":[{"href":"https:\/\/www.keramika.com\/slovenija\/wp-json\/wp\/v2\/media?parent=100756"}],"wp:term":[{"taxonomy":"product_cat","embeddable":true,"href":"https:\/\/www.keramika.com\/slovenija\/wp-json\/wp\/v2\/product_cat?post=100756"},{"taxonomy":"product_tag","embeddable":true,"href":"https:\/\/www.keramika.com\/slovenija\/wp-json\/wp\/v2\/product_tag?post=100756"}],"curies":[{"name":"wp","href":"https:\/\/api.w.org\/{rel}","templated":true}]}}