{"id":100552,"date":"2017-03-22T22:40:03","date_gmt":"2017-03-22T22:40:03","guid":{"rendered":"http:\/\/keramika.holest.com\/slovenija\/product\/talne-porcelan-ploscice-revigres-micron-preto\/"},"modified":"2017-03-22T22:40:03","modified_gmt":"2017-03-22T22:40:03","slug":"talne-porcelan-ploscice-revigres-micron-preto","status":"publish","type":"product","link":"https:\/\/www.keramika.com\/slovenija\/talne-porcelan-ploscice-revigres-micron-preto\/","title":{"rendered":"Talne porcelan plo\u0161\u010dice Revigres Micron Preto"},"content":{"rendered":"<p>Dimenzije te plo\u0161\u010dice so 30&#215;30 cm. Debelina kar 9 mm dela to plo\u0161\u010dico zelo trpe\u017eno in presti\u017eno na otip. Prihaja iz Portugalske, ki po svetu slovi kot ena bolj\u0161ih proizvajalk kerami\u010dnih plo\u0161\u010dic. Keramika v \u010drni barvi popestri vsak prostor.<\/p>\n<p>Kliknite na ime kolekcije za ogled vseh plo\u0161\u010dic iz te serije: <a class=\"pdfcatal\" href=\"\/\/www.ceramictiles.com\/pdf\/revigres\/catalogue_revigres_micron.pdf\" onclick=\"recordOutboundLink(this, 'E-mail', 'Description PDF');return false;\">Revigres Micron<\/a><\/p>\n<p>\u010ce \u017eelite naro\u010diti model iz pdf kataloga te kolekcije, nam pi\u0161ite na: <a href=\"mailto:keramoteka.salon@gmail.com\" onclick=\"recordOutboundLink(this, 'E-mail', 'Description mail');return false;\">keramoteka.salon@gmail.com<\/a> ali pa nas pokli\u010dite na: 031 255 900.<\/p>\n<p>Technical description: <br \/> F 30&#215;30 ; 45&#215;45 <br \/>Micron Marfim ; Micron P\u00e9rola ; Micron Bege ; Micron \u00c2mbar ; Micron Platina ; Micron Arg Prata ; Micron Grafite ; Micron Preto ;<\/p>\n","protected":false},"excerpt":{"rendered":"<p>Dimenzije te plo\u0161\u010dice so 30&#215;30 cm. Debelina kar 9 mm dela to plo\u0161\u010dico zelo trpe\u017eno in presti\u017eno na otip. Prihaja iz Portugalske, ki po svetu slovi kot ena bolj\u0161ih proizvajalk kerami\u010dnih plo\u0161\u010dic. Keramika v \u010drni barvi popestri vsak prostor. Kliknite na ime kolekcije za ogled vseh plo\u0161\u010dic iz te serije: Revigres Micron \u010ce \u017eelite naro\u010diti [&hellip;]<\/p>\n","protected":false},"featured_media":100553,"template":"","meta":[],"product_cat":[200,260,999,290,9991548],"product_tag":[],"_links":{"self":[{"href":"https:\/\/www.keramika.com\/slovenija\/wp-json\/wp\/v2\/product\/100552"}],"collection":[{"href":"https:\/\/www.keramika.com\/slovenija\/wp-json\/wp\/v2\/product"}],"about":[{"href":"https:\/\/www.keramika.com\/slovenija\/wp-json\/wp\/v2\/types\/product"}],"wp:featuredmedia":[{"embeddable":true,"href":"https:\/\/www.keramika.com\/slovenija\/wp-json\/wp\/v2\/media\/100553"}],"wp:attachment":[{"href":"https:\/\/www.keramika.com\/slovenija\/wp-json\/wp\/v2\/media?parent=100552"}],"wp:term":[{"taxonomy":"product_cat","embeddable":true,"href":"https:\/\/www.keramika.com\/slovenija\/wp-json\/wp\/v2\/product_cat?post=100552"},{"taxonomy":"product_tag","embeddable":true,"href":"https:\/\/www.keramika.com\/slovenija\/wp-json\/wp\/v2\/product_tag?post=100552"}],"curies":[{"name":"wp","href":"https:\/\/api.w.org\/{rel}","templated":true}]}}