{"id":100524,"date":"2017-03-22T22:39:30","date_gmt":"2017-03-22T22:39:30","guid":{"rendered":"http:\/\/keramika.holest.com\/slovenija\/product\/talne-in-stenske-ploscice-revigres-focus-castanho\/"},"modified":"2017-03-22T22:39:30","modified_gmt":"2017-03-22T22:39:30","slug":"talne-in-stenske-ploscice-revigres-focus-castanho","status":"publish","type":"product","link":"https:\/\/www.keramika.com\/slovenija\/talne-in-stenske-ploscice-revigres-focus-castanho\/","title":{"rendered":"Talne in stenske plo\u0161\u010dice Revigres Focus Castanho"},"content":{"rendered":"<p>Ta plo\u0161\u010dica prihaja iz Portugalske, ki je znana po kvalitetni keramiki. Ta plo\u0161\u010dica je debela 10 mm in je zelo trpe\u017ena. Ta model plo\u0161\u010dice se najbolje prodaja v rjavi barvi. Velikost te plo\u0161\u010dice je 60&#215;60 cm.<\/p>\n<p>Kliknite na ime kolekcije za ogled vseh plo\u0161\u010dic iz te serije: <a class=\"pdfcatal\" href=\"\/\/www.ceramictiles.com\/pdf\/revigres\/catalogue_revigres_focus.pdf\" onclick=\"recordOutboundLink(this, 'E-mail', 'Description PDF');return false;\">Revigres Focus<\/a><\/p>\n<p>\u010ce \u017eelite naro\u010diti model iz pdf kataloga te kolekcije, nam pi\u0161ite na: <a href=\"mailto:keramoteka.salon@gmail.com\" onclick=\"recordOutboundLink(this, 'E-mail', 'Description mail');return false;\">keramoteka.salon@gmail.com<\/a> ali pa nas pokli\u010dite na: 031 255 900.<\/p>\n<p>Technical description: <br \/> W &#038; F 30&#215;30 ; 60&#215;60 <br \/>Focus Marfim ; Focus Castanho ; Focus Arg Prata ; Focus Grafite ; Focus Preto ;<\/p>\n","protected":false},"excerpt":{"rendered":"<p>Ta plo\u0161\u010dica prihaja iz Portugalske, ki je znana po kvalitetni keramiki. Ta plo\u0161\u010dica je debela 10 mm in je zelo trpe\u017ena. Ta model plo\u0161\u010dice se najbolje prodaja v rjavi barvi. Velikost te plo\u0161\u010dice je 60&#215;60 cm. Kliknite na ime kolekcije za ogled vseh plo\u0161\u010dic iz te serije: Revigres Focus \u010ce \u017eelite naro\u010diti model iz pdf [&hellip;]<\/p>\n","protected":false},"featured_media":100525,"template":"","meta":[],"product_cat":[200,260,999,290,9991548],"product_tag":[],"_links":{"self":[{"href":"https:\/\/www.keramika.com\/slovenija\/wp-json\/wp\/v2\/product\/100524"}],"collection":[{"href":"https:\/\/www.keramika.com\/slovenija\/wp-json\/wp\/v2\/product"}],"about":[{"href":"https:\/\/www.keramika.com\/slovenija\/wp-json\/wp\/v2\/types\/product"}],"wp:featuredmedia":[{"embeddable":true,"href":"https:\/\/www.keramika.com\/slovenija\/wp-json\/wp\/v2\/media\/100525"}],"wp:attachment":[{"href":"https:\/\/www.keramika.com\/slovenija\/wp-json\/wp\/v2\/media?parent=100524"}],"wp:term":[{"taxonomy":"product_cat","embeddable":true,"href":"https:\/\/www.keramika.com\/slovenija\/wp-json\/wp\/v2\/product_cat?post=100524"},{"taxonomy":"product_tag","embeddable":true,"href":"https:\/\/www.keramika.com\/slovenija\/wp-json\/wp\/v2\/product_tag?post=100524"}],"curies":[{"name":"wp","href":"https:\/\/api.w.org\/{rel}","templated":true}]}}