{"id":100510,"date":"2017-03-22T22:39:11","date_gmt":"2017-03-22T22:39:11","guid":{"rendered":"http:\/\/keramika.holest.com\/slovenija\/product\/3d-keramicne-ploscice-revigres-dakar\/"},"modified":"2017-03-31T09:57:01","modified_gmt":"2017-03-31T09:57:01","slug":"3d-keramicne-ploscice-revigres-dakar","status":"publish","type":"product","link":"https:\/\/www.keramika.com\/slovenija\/3d-keramicne-ploscice-revigres-dakar\/","title":{"rendered":"3d kerami\u010dne plo\u0161\u010dice Revigres Dakar"},"content":{"rendered":"<p>Pri izbiri plo\u0161\u010dice v sivi barvi ne morete zgre\u0161iti. Z 30&#215;60 cm je ta plo\u0161\u010dica primerna za razli\u010dne podlage. Ta plo\u0161\u010dica prihaja iz Portugalske, ki je znana po kvalitetni keramiki. Ta plo\u0161\u010dica je debela 9 mm in je zelo trpe\u017ena.<\/p>\n<p>Kliknite na ime kolekcije za ogled vseh plo\u0161\u010dic iz te serije: <a class=\"pdfcatal\" href=\"\/\/www.ceramictiles.com\/pdf\/revigres\/catalogue_revigres_dakar.pdf\" onclick=\"recordOutboundLink(this, 'E-mail', 'Description PDF');return false;\">Revigres Dakar<\/a><\/p>\n<p>\u010ce \u017eelite naro\u010diti model iz pdf kataloga te kolekcije, nam pi\u0161ite na: <a href=\"mailto:keramoteka.salon@gmail.com\" onclick=\"recordOutboundLink(this, 'E-mail', 'Description mail');return false;\">keramoteka.salon@gmail.com<\/a> ali pa nas pokli\u010dite na: 031 255 900.<\/p>\n<p> Talne in stenske plo\u0161\u010dice Revigres Dakar. Velikost plo\u0161\u010dice: nat- 30&#215;60 cm. <br \/> Revigres Dakar Preto ; Revigres  Dakar Cinza ; Revigres Dakar Marfim ; Revigres Dakar Bege ; Revigres Dakar Multicolor<\/p>\n","protected":false},"excerpt":{"rendered":"<p>Pri izbiri plo\u0161\u010dice v sivi barvi ne morete zgre\u0161iti. Z 30&#215;60 cm je ta plo\u0161\u010dica primerna za razli\u010dne podlage. Ta plo\u0161\u010dica prihaja iz Portugalske, ki je znana po kvalitetni keramiki. Ta plo\u0161\u010dica je debela 9 mm in je zelo trpe\u017ena. Kliknite na ime kolekcije za ogled vseh plo\u0161\u010dic iz te serije: Revigres Dakar \u010ce \u017eelite [&hellip;]<\/p>\n","protected":false},"featured_media":100511,"template":"","meta":[],"product_cat":[200,260,999,290,9991548],"product_tag":[99921971],"_links":{"self":[{"href":"https:\/\/www.keramika.com\/slovenija\/wp-json\/wp\/v2\/product\/100510"}],"collection":[{"href":"https:\/\/www.keramika.com\/slovenija\/wp-json\/wp\/v2\/product"}],"about":[{"href":"https:\/\/www.keramika.com\/slovenija\/wp-json\/wp\/v2\/types\/product"}],"wp:featuredmedia":[{"embeddable":true,"href":"https:\/\/www.keramika.com\/slovenija\/wp-json\/wp\/v2\/media\/100511"}],"wp:attachment":[{"href":"https:\/\/www.keramika.com\/slovenija\/wp-json\/wp\/v2\/media?parent=100510"}],"wp:term":[{"taxonomy":"product_cat","embeddable":true,"href":"https:\/\/www.keramika.com\/slovenija\/wp-json\/wp\/v2\/product_cat?post=100510"},{"taxonomy":"product_tag","embeddable":true,"href":"https:\/\/www.keramika.com\/slovenija\/wp-json\/wp\/v2\/product_tag?post=100510"}],"curies":[{"name":"wp","href":"https:\/\/api.w.org\/{rel}","templated":true}]}}