{"id":100476,"date":"2017-03-22T22:38:31","date_gmt":"2017-03-22T22:38:31","guid":{"rendered":"http:\/\/keramika.holest.com\/slovenija\/product\/stenske-ploscice-pamesa-stabia-malva\/"},"modified":"2026-01-01T00:01:42","modified_gmt":"2026-01-01T00:01:42","slug":"stenske-ploscice-pamesa-stabia-malva","status":"publish","type":"product","link":"https:\/\/www.keramika.com\/slovenija\/stenske-ploscice-pamesa-stabia-malva\/","title":{"rendered":"Stenske plo\u0161\u010dice Pamesa Stabia Malva"},"content":{"rendered":"<p>Debelina kar 9 mm dela to plo\u0161\u010dico zelo trpe\u017eno in presti\u017eno na otip. Velikost te plo\u0161\u010dice je 20&#215;45,2 cm. Ta kerami\u010dna plo\u0161\u010dica v \u010dudoviti vijoli\u010dni barvi bo obogatila vsak prostor. Pamesa Stabia Malva je pripeljana iz \u0160panije in je zelo kvalitetna. V redni prodaji bi morali za to plo\u0161\u010dico od\u0161teti 20,16 EUR, spletna cena pa zna\u0161a le 16,12 EUR.<\/p>\n<p>Kliknite na ime kolekcije za ogled vseh plo\u0161\u010dic iz te serije: <a class=\"pdfcatal\" href=\"\/\/www.ceramictiles.com\/pdf\/pamesa\/catalogue_pamesa_wall_tiles.pdf\" onclick=\"recordOutboundLink(this, 'E-mail', 'Description PDF');return false;\">Pamesa Ceramica Stabia<\/a><\/p>\n<p>\u010ce \u017eelite naro\u010diti model iz pdf kataloga te kolekcije, nam pi\u0161ite na: <a href=\"mailto:keramoteka.salon@gmail.com\" onclick=\"recordOutboundLink(this, 'E-mail', 'Description mail');return false;\">keramoteka.salon@gmail.com<\/a> ali pa nas pokli\u010dite na: 031 255 900.<\/p>\n<p>Technical description: <br \/> W 20&#215;45,2 <br \/>Stabia Blanco ; Stabia Relieve 2 Blanco ; Stabia Malva ; Stabia Relieve 2 Malva ; Stabia Negro ; Stabia Relieve 2 Negro ; Stabia Marfil ; Stabia Relieve 2 Marfil ; Stabia Marr\u00f3n ; Stabia Relieve 2 Marr\u00f3n ;<\/p>\n","protected":false},"excerpt":{"rendered":"<p>Debelina kar 9 mm dela to plo\u0161\u010dico zelo trpe\u017eno in presti\u017eno na otip. Velikost te plo\u0161\u010dice je 20&#215;45,2 cm. Ta kerami\u010dna plo\u0161\u010dica v \u010dudoviti vijoli\u010dni barvi bo obogatila vsak prostor. Pamesa Stabia Malva je pripeljana iz \u0160panije in je zelo kvalitetna. V redni prodaji bi morali za to plo\u0161\u010dico od\u0161teti 20,16 EUR, spletna cena pa [&hellip;]<\/p>\n","protected":false},"featured_media":100477,"template":"","meta":[],"product_cat":[200,230,999107,999,250],"product_tag":[],"_links":{"self":[{"href":"https:\/\/www.keramika.com\/slovenija\/wp-json\/wp\/v2\/product\/100476"}],"collection":[{"href":"https:\/\/www.keramika.com\/slovenija\/wp-json\/wp\/v2\/product"}],"about":[{"href":"https:\/\/www.keramika.com\/slovenija\/wp-json\/wp\/v2\/types\/product"}],"wp:featuredmedia":[{"embeddable":true,"href":"https:\/\/www.keramika.com\/slovenija\/wp-json\/wp\/v2\/media\/100477"}],"wp:attachment":[{"href":"https:\/\/www.keramika.com\/slovenija\/wp-json\/wp\/v2\/media?parent=100476"}],"wp:term":[{"taxonomy":"product_cat","embeddable":true,"href":"https:\/\/www.keramika.com\/slovenija\/wp-json\/wp\/v2\/product_cat?post=100476"},{"taxonomy":"product_tag","embeddable":true,"href":"https:\/\/www.keramika.com\/slovenija\/wp-json\/wp\/v2\/product_tag?post=100476"}],"curies":[{"name":"wp","href":"https:\/\/api.w.org\/{rel}","templated":true}]}}