{"id":100466,"date":"2017-03-22T22:38:22","date_gmt":"2017-03-22T22:38:22","guid":{"rendered":"http:\/\/keramika.holest.com\/slovenija\/product\/ploscice-za-kopalnico-pamesa-mood\/"},"modified":"2026-01-01T00:01:40","modified_gmt":"2026-01-01T00:01:40","slug":"ploscice-za-kopalnico-pamesa-mood","status":"publish","type":"product","link":"https:\/\/www.keramika.com\/slovenija\/ploscice-za-kopalnico-pamesa-mood\/","title":{"rendered":"Plo\u0161\u010dice za kopalnico Pamesa Mood"},"content":{"rendered":"<p>Velikost te plo\u0161\u010dice je 20&#215;60 cm. 9 mm je debelina, ki zadovolji tudi zahtevnej\u0161e kupce. Ta plo\u0161\u010dica prihaja iz \u0160panije, ki je znana po kvalitetni keramiki. Pri izbiri plo\u0161\u010dice v vijoli\u010dni barvi ne morete zgre\u0161iti. Zaradi ni\u017ejih stro\u0161kov pri spletni prodaji boste na na\u0161i strani za to plo\u0161\u010dico od\u0161teli le 25,32 EUR.<\/p>\n<p>Kliknite na ime kolekcije za ogled vseh plo\u0161\u010dic iz te serije: <a class=\"pdfcatal\" href=\"\/\/www.ceramictiles.com\/pdf\/pamesa\/catalogue_pamesa_wall_tiles.pdf\" onclick=\"recordOutboundLink(this, 'E-mail', 'Description PDF');return false;\">Pamesa Ceramica Mood<\/a><\/p>\n<p>\u010ce \u017eelite naro\u010diti model iz pdf kataloga te kolekcije, nam pi\u0161ite na: <a href=\"mailto:keramoteka.salon@gmail.com\" onclick=\"recordOutboundLink(this, 'E-mail', 'Description mail');return false;\">keramoteka.salon@gmail.com<\/a> ali pa nas pokli\u010dite na: 031 255 900.<\/p>\n<p>Technical description: <br \/> W 20&#215;60 <br \/>Mood Blanco ; Mood Marfil ; Mood Perla ; Mood Arena ; Mood Marengo ; Mood Marr\u00f3n ; Mood Negro ; Mood Rojo ; Mood Azul ; Mood Malva ; <br \/>Thickness  8.5 mm &#8211; 20&#215;60 cm.  <br \/> Thickness 9 mm \u2013 31.6&#215;31.6 cm.<\/p>\n","protected":false},"excerpt":{"rendered":"<p>Velikost te plo\u0161\u010dice je 20&#215;60 cm. 9 mm je debelina, ki zadovolji tudi zahtevnej\u0161e kupce. Ta plo\u0161\u010dica prihaja iz \u0160panije, ki je znana po kvalitetni keramiki. Pri izbiri plo\u0161\u010dice v vijoli\u010dni barvi ne morete zgre\u0161iti. Zaradi ni\u017ejih stro\u0161kov pri spletni prodaji boste na na\u0161i strani za to plo\u0161\u010dico od\u0161teli le 25,32 EUR. Kliknite na ime [&hellip;]<\/p>\n","protected":false},"featured_media":100467,"template":"","meta":[],"product_cat":[200,230,999107,999,250],"product_tag":[],"_links":{"self":[{"href":"https:\/\/www.keramika.com\/slovenija\/wp-json\/wp\/v2\/product\/100466"}],"collection":[{"href":"https:\/\/www.keramika.com\/slovenija\/wp-json\/wp\/v2\/product"}],"about":[{"href":"https:\/\/www.keramika.com\/slovenija\/wp-json\/wp\/v2\/types\/product"}],"wp:featuredmedia":[{"embeddable":true,"href":"https:\/\/www.keramika.com\/slovenija\/wp-json\/wp\/v2\/media\/100467"}],"wp:attachment":[{"href":"https:\/\/www.keramika.com\/slovenija\/wp-json\/wp\/v2\/media?parent=100466"}],"wp:term":[{"taxonomy":"product_cat","embeddable":true,"href":"https:\/\/www.keramika.com\/slovenija\/wp-json\/wp\/v2\/product_cat?post=100466"},{"taxonomy":"product_tag","embeddable":true,"href":"https:\/\/www.keramika.com\/slovenija\/wp-json\/wp\/v2\/product_tag?post=100466"}],"curies":[{"name":"wp","href":"https:\/\/api.w.org\/{rel}","templated":true}]}}