{"id":100460,"date":"2017-03-22T22:38:14","date_gmt":"2017-03-22T22:38:14","guid":{"rendered":"http:\/\/keramika.holest.com\/slovenija\/product\/stenske-ploscice-pamesa-dover-marfil\/"},"modified":"2026-01-01T00:01:39","modified_gmt":"2026-01-01T00:01:39","slug":"stenske-ploscice-pamesa-dover-marfil","status":"publish","type":"product","link":"https:\/\/www.keramika.com\/slovenija\/stenske-ploscice-pamesa-dover-marfil\/","title":{"rendered":"Stenske plo\u0161\u010dice Pamesa Dover Marfil"},"content":{"rendered":"<p>Pri izbiri plo\u0161\u010dice v be\u017e barvi ne morete zgre\u0161iti. Plo\u0161\u010dica je debela kar 9 mm, kar jo uvr\u0161\u010da med bolj trde plo\u0161\u010dice. V redni prodaji bi morali za to plo\u0161\u010dico od\u0161teti 24,34 EUR, spletna cena pa zna\u0161a le 19,47 EUR. Dimenzije te plo\u0161\u010dice so 20&#215;60 cm. Prihaja iz \u0160panije, ki po svetu slovi kot ena bolj\u0161ih proizvajalk kerami\u010dnih plo\u0161\u010dic.<\/p>\n<p>Kliknite na ime kolekcije za ogled vseh plo\u0161\u010dic iz te serije: <a class=\"pdfcatal\" href=\"\/\/www.ceramictiles.com\/pdf\/pamesa\/catalogue_pamesa_wall_tiles.pdf\" onclick=\"recordOutboundLink(this, 'E-mail', 'Description PDF');return false;\">Pamesa Ceramica Dover<\/a><\/p>\n<p>\u010ce \u017eelite naro\u010diti model iz pdf kataloga te kolekcije, nam pi\u0161ite na: <a href=\"mailto:keramoteka.salon@gmail.com\" onclick=\"recordOutboundLink(this, 'E-mail', 'Description mail');return false;\">keramoteka.salon@gmail.com<\/a> ali pa nas pokli\u010dite na: 031 255 900.<\/p>\n<p>Technical description: <br \/> W 20&#215;60 <br \/>Dover Blanco ; Dover Marfil ; Dover Azul ; Dover Marr\u00f3n ; Dover Grafito ;<\/p>\n","protected":false},"excerpt":{"rendered":"<p>Pri izbiri plo\u0161\u010dice v be\u017e barvi ne morete zgre\u0161iti. Plo\u0161\u010dica je debela kar 9 mm, kar jo uvr\u0161\u010da med bolj trde plo\u0161\u010dice. V redni prodaji bi morali za to plo\u0161\u010dico od\u0161teti 24,34 EUR, spletna cena pa zna\u0161a le 19,47 EUR. Dimenzije te plo\u0161\u010dice so 20&#215;60 cm. Prihaja iz \u0160panije, ki po svetu slovi kot ena [&hellip;]<\/p>\n","protected":false},"featured_media":100461,"template":"","meta":[],"product_cat":[200,230,999107,999,250],"product_tag":[],"_links":{"self":[{"href":"https:\/\/www.keramika.com\/slovenija\/wp-json\/wp\/v2\/product\/100460"}],"collection":[{"href":"https:\/\/www.keramika.com\/slovenija\/wp-json\/wp\/v2\/product"}],"about":[{"href":"https:\/\/www.keramika.com\/slovenija\/wp-json\/wp\/v2\/types\/product"}],"wp:featuredmedia":[{"embeddable":true,"href":"https:\/\/www.keramika.com\/slovenija\/wp-json\/wp\/v2\/media\/100461"}],"wp:attachment":[{"href":"https:\/\/www.keramika.com\/slovenija\/wp-json\/wp\/v2\/media?parent=100460"}],"wp:term":[{"taxonomy":"product_cat","embeddable":true,"href":"https:\/\/www.keramika.com\/slovenija\/wp-json\/wp\/v2\/product_cat?post=100460"},{"taxonomy":"product_tag","embeddable":true,"href":"https:\/\/www.keramika.com\/slovenija\/wp-json\/wp\/v2\/product_tag?post=100460"}],"curies":[{"name":"wp","href":"https:\/\/api.w.org\/{rel}","templated":true}]}}