{"id":100448,"date":"2017-03-22T22:38:03","date_gmt":"2017-03-22T22:38:03","guid":{"rendered":"http:\/\/keramika.holest.com\/slovenija\/product\/stenske-ploscice-pamesa-paris-blanco\/"},"modified":"2026-01-01T00:01:38","modified_gmt":"2026-01-01T00:01:38","slug":"stenske-ploscice-pamesa-paris-blanco","status":"publish","type":"product","link":"https:\/\/www.keramika.com\/slovenija\/stenske-ploscice-pamesa-paris-blanco\/","title":{"rendered":"Stenske plo\u0161\u010dice Pamesa Paris Blanco"},"content":{"rendered":"<p>Ta plo\u0161\u010dica je na voljo v \u010dudoviti beli barvi, \u010de \u017eelite kak\u0161no drugo barvo pa nas kontaktirajte in preverili bomo pri proizvajalcu. To plo\u0161\u010dico je izdelal proizvajalec Pamesa Ceramica, ki prihaja iz \u0160panije. Dimenzije te plo\u0161\u010dice so 25&#215;50 cm. V redni prodaji bi morali za to plo\u0161\u010dico od\u0161teti 31,65 EUR, spletna cena pa zna\u0161a le 25,32 EUR. Ta plo\u0161\u010dica je debela 9 mm in je zelo trpe\u017ena.<\/p>\n<p>Kliknite na ime kolekcije za ogled vseh plo\u0161\u010dic iz te serije: <a class=\"pdfcatal\" href=\"\/\/www.ceramictiles.com\/pdf\/catalogue_pamesa.pdf\" onclick=\"recordOutboundLink(this, 'E-mail', 'Description PDF');return false;\">Pamesa Ceramica Paris<\/a><\/p>\n<p>\u010ce \u017eelite naro\u010diti model iz pdf kataloga te kolekcije, nam pi\u0161ite na: <a href=\"mailto:keramoteka.salon@gmail.com\" onclick=\"recordOutboundLink(this, 'E-mail', 'Description mail');return false;\">keramoteka.salon@gmail.com<\/a> ali pa nas pokli\u010dite na: 031 255 900.<\/p>\n<p>Technical description: <br \/> W 25&#215;50 <br \/>Paris Marfil ; Paris Marr\u00f3n ; Paris Blanco ; Paris Negro ;<\/p>\n","protected":false},"excerpt":{"rendered":"<p>Ta plo\u0161\u010dica je na voljo v \u010dudoviti beli barvi, \u010de \u017eelite kak\u0161no drugo barvo pa nas kontaktirajte in preverili bomo pri proizvajalcu. To plo\u0161\u010dico je izdelal proizvajalec Pamesa Ceramica, ki prihaja iz \u0160panije. Dimenzije te plo\u0161\u010dice so 25&#215;50 cm. V redni prodaji bi morali za to plo\u0161\u010dico od\u0161teti 31,65 EUR, spletna cena pa zna\u0161a le [&hellip;]<\/p>\n","protected":false},"featured_media":100449,"template":"","meta":[],"product_cat":[200,999107,260,999,240],"product_tag":[],"_links":{"self":[{"href":"https:\/\/www.keramika.com\/slovenija\/wp-json\/wp\/v2\/product\/100448"}],"collection":[{"href":"https:\/\/www.keramika.com\/slovenija\/wp-json\/wp\/v2\/product"}],"about":[{"href":"https:\/\/www.keramika.com\/slovenija\/wp-json\/wp\/v2\/types\/product"}],"wp:featuredmedia":[{"embeddable":true,"href":"https:\/\/www.keramika.com\/slovenija\/wp-json\/wp\/v2\/media\/100449"}],"wp:attachment":[{"href":"https:\/\/www.keramika.com\/slovenija\/wp-json\/wp\/v2\/media?parent=100448"}],"wp:term":[{"taxonomy":"product_cat","embeddable":true,"href":"https:\/\/www.keramika.com\/slovenija\/wp-json\/wp\/v2\/product_cat?post=100448"},{"taxonomy":"product_tag","embeddable":true,"href":"https:\/\/www.keramika.com\/slovenija\/wp-json\/wp\/v2\/product_tag?post=100448"}],"curies":[{"name":"wp","href":"https:\/\/api.w.org\/{rel}","templated":true}]}}