{"id":100436,"date":"2017-03-22T22:37:51","date_gmt":"2017-03-22T22:37:51","guid":{"rendered":"http:\/\/keramika.holest.com\/slovenija\/product\/talne-in-stenske-ploscice-pamesa-blois-plata\/"},"modified":"2026-01-01T00:01:37","modified_gmt":"2026-01-01T00:01:37","slug":"talne-in-stenske-ploscice-pamesa-blois-plata","status":"publish","type":"product","link":"https:\/\/www.keramika.com\/slovenija\/talne-in-stenske-ploscice-pamesa-blois-plata\/","title":{"rendered":"Talne in stenske plo\u0161\u010dice Pamesa Blois Plata"},"content":{"rendered":"<p>9 mm je debelina, ki zadovolji tudi zahtevnej\u0161e kupce. Z 25&#215;75 cm je ta plo\u0161\u010dica primerna za razli\u010dne podlage. Ta model plo\u0161\u010dice se najbolje prodaja v be\u017e barvi. Na spletu boste za to plo\u0161\u010dico od\u0161teli le 31,17 EUR, medtem ko v redni prodaji cena zna\u0161a 38,96 EUR. Pamesa Blois Plata prihaja iz \u0160panije, ki je znana po zelo kvalitetni keramiki v svetovnem merilu.<\/p>\n<p>Kliknite na ime kolekcije za ogled vseh plo\u0161\u010dic iz te serije: <a class=\"pdfcatal\" href=\"\/\/www.ceramictiles.com\/pdf\/catalogue_pamesa.pdf\" onclick=\"recordOutboundLink(this, 'E-mail', 'Description PDF');return false;\">Pamesa Ceramica Blois<\/a><\/p>\n<p>\u010ce \u017eelite naro\u010diti model iz pdf kataloga te kolekcije, nam pi\u0161ite na: <a href=\"mailto:keramoteka.salon@gmail.com\" onclick=\"recordOutboundLink(this, 'E-mail', 'Description mail');return false;\">keramoteka.salon@gmail.com<\/a> ali pa nas pokli\u010dite na: 031 255 900.<\/p>\n<p>Technical description: <br \/> W &#038; F 25&#215;75 ; 45&#215;45 <br \/>Blois Plata ; Blois Tabla Plata ; Blois Cuadro Plata ; Blois Jeux Plata ;<\/p>\n","protected":false},"excerpt":{"rendered":"<p>9 mm je debelina, ki zadovolji tudi zahtevnej\u0161e kupce. Z 25&#215;75 cm je ta plo\u0161\u010dica primerna za razli\u010dne podlage. Ta model plo\u0161\u010dice se najbolje prodaja v be\u017e barvi. Na spletu boste za to plo\u0161\u010dico od\u0161teli le 31,17 EUR, medtem ko v redni prodaji cena zna\u0161a 38,96 EUR. Pamesa Blois Plata prihaja iz \u0160panije, ki je [&hellip;]<\/p>\n","protected":false},"featured_media":100437,"template":"","meta":[],"product_cat":[200,999107,260,999,240],"product_tag":[],"_links":{"self":[{"href":"https:\/\/www.keramika.com\/slovenija\/wp-json\/wp\/v2\/product\/100436"}],"collection":[{"href":"https:\/\/www.keramika.com\/slovenija\/wp-json\/wp\/v2\/product"}],"about":[{"href":"https:\/\/www.keramika.com\/slovenija\/wp-json\/wp\/v2\/types\/product"}],"wp:featuredmedia":[{"embeddable":true,"href":"https:\/\/www.keramika.com\/slovenija\/wp-json\/wp\/v2\/media\/100437"}],"wp:attachment":[{"href":"https:\/\/www.keramika.com\/slovenija\/wp-json\/wp\/v2\/media?parent=100436"}],"wp:term":[{"taxonomy":"product_cat","embeddable":true,"href":"https:\/\/www.keramika.com\/slovenija\/wp-json\/wp\/v2\/product_cat?post=100436"},{"taxonomy":"product_tag","embeddable":true,"href":"https:\/\/www.keramika.com\/slovenija\/wp-json\/wp\/v2\/product_tag?post=100436"}],"curies":[{"name":"wp","href":"https:\/\/api.w.org\/{rel}","templated":true}]}}