{"id":100408,"date":"2017-03-22T22:37:22","date_gmt":"2017-03-22T22:37:22","guid":{"rendered":"http:\/\/keramika.holest.com\/slovenija\/product\/talne-in-stenske-ploscice-pamesa-ikom-blanco\/"},"modified":"2026-01-01T00:01:33","modified_gmt":"2026-01-01T00:01:33","slug":"talne-in-stenske-ploscice-pamesa-ikom-blanco","status":"publish","type":"product","link":"https:\/\/www.keramika.com\/slovenija\/talne-in-stenske-ploscice-pamesa-ikom-blanco\/","title":{"rendered":"Talne in stenske plo\u0161\u010dice Pamesa Ikom Blanco"},"content":{"rendered":"<p>Keramika v beli barvi popestri vsak prostor. To plo\u0161\u010dico je izdelal proizvajalec Pamesa Ceramica, ki prihaja iz \u0160panije. 45,24 EUR v klasi\u010dni trgovini, pri nas pa le 36,2 EUR. Z velikostjo 60&#215;60 cm je ta plo\u0161\u010dica primerna ze razli\u010dne povr\u0161ine. Debelina plo\u0161\u010dice je zelo pomembna in 9 mm uvr\u0161\u010da to plo\u0161\u010dico med najkvalitetnej\u0161e.<\/p>\n<p>Kliknite na ime kolekcije za ogled vseh plo\u0161\u010dic iz te serije: <a class=\"pdfcatal\" href=\"\/\/www.ceramictiles.com\/pdf\/pamesa\/catalogue_pamesa_compactto_pedra.pdf\" onclick=\"recordOutboundLink(this, 'E-mail', 'Description PDF');return false;\">Pamesa Ceramica Ikom<\/a><\/p>\n<p>\u010ce \u017eelite naro\u010diti model iz pdf kataloga te kolekcije, nam pi\u0161ite na: <a href=\"mailto:keramoteka.salon@gmail.com\" onclick=\"recordOutboundLink(this, 'E-mail', 'Description mail');return false;\">keramoteka.salon@gmail.com<\/a> ali pa nas pokli\u010dite na: 031 255 900.<\/p>\n<p>Technical description: <br \/> W &#038; F 60&#215;60 ; 50&#215;100 ; 30,3&#215;61,3 ; 30&#215;60 ; 30&#215;30 <br \/>Ikom Blanco ; Ikom Negro ; Ikom Noce ; Ikom Bamb\u00fa ; Ikom Gris ; Ikom Metal ; Ikom Tendence Blanco ; Ikom Tendence Noce ; Ikom Tendence Negro ; Ikom Adz Blanco ; Ikom Adz Gris ; Ikom Adz Negro ;<\/p>\n","protected":false},"excerpt":{"rendered":"<p>Keramika v beli barvi popestri vsak prostor. To plo\u0161\u010dico je izdelal proizvajalec Pamesa Ceramica, ki prihaja iz \u0160panije. 45,24 EUR v klasi\u010dni trgovini, pri nas pa le 36,2 EUR. Z velikostjo 60&#215;60 cm je ta plo\u0161\u010dica primerna ze razli\u010dne povr\u0161ine. Debelina plo\u0161\u010dice je zelo pomembna in 9 mm uvr\u0161\u010da to plo\u0161\u010dico med najkvalitetnej\u0161e. Kliknite na [&hellip;]<\/p>\n","protected":false},"featured_media":100409,"template":"","meta":[],"product_cat":[200,999107,999,240,270],"product_tag":[],"_links":{"self":[{"href":"https:\/\/www.keramika.com\/slovenija\/wp-json\/wp\/v2\/product\/100408"}],"collection":[{"href":"https:\/\/www.keramika.com\/slovenija\/wp-json\/wp\/v2\/product"}],"about":[{"href":"https:\/\/www.keramika.com\/slovenija\/wp-json\/wp\/v2\/types\/product"}],"wp:featuredmedia":[{"embeddable":true,"href":"https:\/\/www.keramika.com\/slovenija\/wp-json\/wp\/v2\/media\/100409"}],"wp:attachment":[{"href":"https:\/\/www.keramika.com\/slovenija\/wp-json\/wp\/v2\/media?parent=100408"}],"wp:term":[{"taxonomy":"product_cat","embeddable":true,"href":"https:\/\/www.keramika.com\/slovenija\/wp-json\/wp\/v2\/product_cat?post=100408"},{"taxonomy":"product_tag","embeddable":true,"href":"https:\/\/www.keramika.com\/slovenija\/wp-json\/wp\/v2\/product_tag?post=100408"}],"curies":[{"name":"wp","href":"https:\/\/api.w.org\/{rel}","templated":true}]}}