{"id":100406,"date":"2017-03-22T22:37:20","date_gmt":"2017-03-22T22:37:20","guid":{"rendered":"http:\/\/keramika.holest.com\/slovenija\/product\/talne-in-stenske-ploscice-pamesa-fiordo-islandia\/"},"modified":"2026-01-01T00:01:32","modified_gmt":"2026-01-01T00:01:32","slug":"talne-in-stenske-ploscice-pamesa-fiordo-islandia","status":"publish","type":"product","link":"https:\/\/www.keramika.com\/slovenija\/talne-in-stenske-ploscice-pamesa-fiordo-islandia\/","title":{"rendered":"Talne in stenske plo\u0161\u010dice Pamesa Fiordo Islandia"},"content":{"rendered":"<p>Pamesa Fiordo Islandia je pripeljana iz \u0160panije in je zelo kvalitetna. Ta plo\u0161\u010dica je debela 9 mm in je zelo trpe\u017ena. \u0160irina in dol\u017eina te plo\u0161\u010dice sta 60&#215;60 cm. Namesto 76,59 EUR kot bi za to plo\u0161\u010dico od\u0161teli v klasi\u010dni trgovini, boste v na\u0161i spletni prodajalni od\u0161teli le 61,28 EUR. Zelo moderna plo\u0161\u010dica v \u010drni barvi popestri prav vsak prostor.<\/p>\n<p>Kliknite na ime kolekcije za ogled vseh plo\u0161\u010dic iz te serije: <a class=\"pdfcatal\" href=\"\/\/www.ceramictiles.com\/pdf\/pamesa\/catalogue_pamesa_compactto_pedra.pdf\" onclick=\"recordOutboundLink(this, 'E-mail', 'Description PDF');return false;\">Pamesa Ceramica Fiordo<\/a><\/p>\n<p>\u010ce \u017eelite naro\u010diti model iz pdf kataloga te kolekcije, nam pi\u0161ite na: <a href=\"mailto:keramoteka.salon@gmail.com\" onclick=\"recordOutboundLink(this, 'E-mail', 'Description mail');return false;\">keramoteka.salon@gmail.com<\/a> ali pa nas pokli\u010dite na: 031 255 900.<\/p>\n<p>Technical description: <br \/> W &#038; F 60&#215;60 ; 50&#215;100 ; 30,3&#215;61,3 ; 30&#215;60 <br \/>Fiordo Hueso ; Fiordo Ceniza ; Fiordo Arena ; Fiordo Marengo ; Fiordo Relieve Ceniza ; Fiordo Relieve Marengo ; Islandia ;<\/p>\n","protected":false},"excerpt":{"rendered":"<p>Pamesa Fiordo Islandia je pripeljana iz \u0160panije in je zelo kvalitetna. Ta plo\u0161\u010dica je debela 9 mm in je zelo trpe\u017ena. \u0160irina in dol\u017eina te plo\u0161\u010dice sta 60&#215;60 cm. Namesto 76,59 EUR kot bi za to plo\u0161\u010dico od\u0161teli v klasi\u010dni trgovini, boste v na\u0161i spletni prodajalni od\u0161teli le 61,28 EUR. Zelo moderna plo\u0161\u010dica v \u010drni [&hellip;]<\/p>\n","protected":false},"featured_media":100407,"template":"","meta":[],"product_cat":[200,999107,999,240,270],"product_tag":[],"_links":{"self":[{"href":"https:\/\/www.keramika.com\/slovenija\/wp-json\/wp\/v2\/product\/100406"}],"collection":[{"href":"https:\/\/www.keramika.com\/slovenija\/wp-json\/wp\/v2\/product"}],"about":[{"href":"https:\/\/www.keramika.com\/slovenija\/wp-json\/wp\/v2\/types\/product"}],"wp:featuredmedia":[{"embeddable":true,"href":"https:\/\/www.keramika.com\/slovenija\/wp-json\/wp\/v2\/media\/100407"}],"wp:attachment":[{"href":"https:\/\/www.keramika.com\/slovenija\/wp-json\/wp\/v2\/media?parent=100406"}],"wp:term":[{"taxonomy":"product_cat","embeddable":true,"href":"https:\/\/www.keramika.com\/slovenija\/wp-json\/wp\/v2\/product_cat?post=100406"},{"taxonomy":"product_tag","embeddable":true,"href":"https:\/\/www.keramika.com\/slovenija\/wp-json\/wp\/v2\/product_tag?post=100406"}],"curies":[{"name":"wp","href":"https:\/\/api.w.org\/{rel}","templated":true}]}}