{"id":100394,"date":"2017-03-22T22:37:09","date_gmt":"2017-03-22T22:37:09","guid":{"rendered":"http:\/\/keramika.holest.com\/slovenija\/product\/projektne-ploscice-pamesa-sv-beige\/"},"modified":"2026-01-01T00:01:31","modified_gmt":"2026-01-01T00:01:31","slug":"projektne-ploscice-pamesa-sv-beige","status":"publish","type":"product","link":"https:\/\/www.keramika.com\/slovenija\/projektne-ploscice-pamesa-sv-beige\/","title":{"rendered":"Projektne plo\u0161\u0107ice Pamesa Sv Beige"},"content":{"rendered":"<p>Ta plo\u0161\u010dica je na voljo v \u010dudoviti be\u017e barvi, \u010de \u017eelite kak\u0161no drugo barvo pa nas kontaktirajte in preverili bomo pri proizvajalcu. Debelina kar 14 mm dela to plo\u0161\u010dico zelo trpe\u017eno in presti\u017eno na otip. Ta plo\u0161\u010dica prihaja iz \u0160panije, ki je znana po kvalitetni keramiki. Velikost te plo\u0161\u010dice je 40&#215;40 cm in je primerna za razli\u010dne povr\u0161ine. Zaradi ni\u017ejih stro\u0161kov pri spletni prodaji boste na na\u0161i strani za to plo\u0161\u010dico od\u0161teli le 59,6 EUR.<\/p>\n<p>Kliknite na ime kolekcije za ogled vseh plo\u0161\u010dic iz te serije: <a class=\"pdfcatal\" href=\"\/\/www.ceramictiles.com\/pdf\/pamesa\/catalogue_pamesa_compactto.pdf\" onclick=\"recordOutboundLink(this, 'E-mail', 'Description PDF');return false;\">Pamesa Ceramica Sv<\/a><\/p>\n<p>\u010ce \u017eelite naro\u010diti model iz pdf kataloga te kolekcije, nam pi\u0161ite na: <a href=\"mailto:keramoteka.salon@gmail.com\" onclick=\"recordOutboundLink(this, 'E-mail', 'Description mail');return false;\">keramoteka.salon@gmail.com<\/a> ali pa nas pokli\u010dite na: 031 255 900.<\/p>\n<p>Technical description: <br \/> F 40&#215;40 <br \/>Sv ; Sv Adz ;<\/p>\n","protected":false},"excerpt":{"rendered":"<p>Ta plo\u0161\u010dica je na voljo v \u010dudoviti be\u017e barvi, \u010de \u017eelite kak\u0161no drugo barvo pa nas kontaktirajte in preverili bomo pri proizvajalcu. Debelina kar 14 mm dela to plo\u0161\u010dico zelo trpe\u017eno in presti\u017eno na otip. Ta plo\u0161\u010dica prihaja iz \u0160panije, ki je znana po kvalitetni keramiki. Velikost te plo\u0161\u010dice je 40&#215;40 cm in je primerna [&hellip;]<\/p>\n","protected":false},"featured_media":100395,"template":"","meta":[],"product_cat":[200,999107,999,240,270],"product_tag":[],"_links":{"self":[{"href":"https:\/\/www.keramika.com\/slovenija\/wp-json\/wp\/v2\/product\/100394"}],"collection":[{"href":"https:\/\/www.keramika.com\/slovenija\/wp-json\/wp\/v2\/product"}],"about":[{"href":"https:\/\/www.keramika.com\/slovenija\/wp-json\/wp\/v2\/types\/product"}],"wp:featuredmedia":[{"embeddable":true,"href":"https:\/\/www.keramika.com\/slovenija\/wp-json\/wp\/v2\/media\/100395"}],"wp:attachment":[{"href":"https:\/\/www.keramika.com\/slovenija\/wp-json\/wp\/v2\/media?parent=100394"}],"wp:term":[{"taxonomy":"product_cat","embeddable":true,"href":"https:\/\/www.keramika.com\/slovenija\/wp-json\/wp\/v2\/product_cat?post=100394"},{"taxonomy":"product_tag","embeddable":true,"href":"https:\/\/www.keramika.com\/slovenija\/wp-json\/wp\/v2\/product_tag?post=100394"}],"curies":[{"name":"wp","href":"https:\/\/api.w.org\/{rel}","templated":true}]}}