{"id":100392,"date":"2017-03-22T22:37:07","date_gmt":"2017-03-22T22:37:07","guid":{"rendered":"http:\/\/keramika.holest.com\/slovenija\/product\/zunanje-ploscice-12mm-pamesa-acera\/"},"modified":"2026-01-01T00:01:30","modified_gmt":"2026-01-01T00:01:30","slug":"zunanje-ploscice-12mm-pamesa-acera","status":"publish","type":"product","link":"https:\/\/www.keramika.com\/slovenija\/zunanje-ploscice-12mm-pamesa-acera\/","title":{"rendered":"Zunanje plo\u0161\u010dice 12mm Pamesa Acera"},"content":{"rendered":"<p>Na spletu boste za to plo\u0161\u010dico od\u0161teli le 41,2 EUR, medtem ko v redni prodaji cena zna\u0161a 51,51 EUR. Ta plo\u0161\u010dica je debela 12 mm in je zelo trpe\u017ena. Keramika v sivi barvi popestri vsak prostor. Dimenzije te plo\u0161\u010dice so 30&#215;30 cm. Prihaja iz \u0160panije, ki po svetu slovi kot ena bolj\u0161ih proizvajalk kerami\u010dnih plo\u0161\u010dic.<\/p>\n<p>Kliknite na ime kolekcije za ogled vseh plo\u0161\u010dic iz te serije: <a class=\"pdfcatal\" href=\"\/\/www.ceramictiles.com\/pdf\/pamesa\/catalogue_pamesa_compactto.pdf\" onclick=\"recordOutboundLink(this, 'E-mail', 'Description PDF');return false;\">Pamesa Ceramica Acera<\/a><\/p>\n<p>\u010ce \u017eelite naro\u010diti model iz pdf kataloga te kolekcije, nam pi\u0161ite na: <a href=\"mailto:keramoteka.salon@gmail.com\" onclick=\"recordOutboundLink(this, 'E-mail', 'Description mail');return false;\">keramoteka.salon@gmail.com<\/a> ali pa nas pokli\u010dite na: 031 255 900.<\/p>\n<p>Technical description: <\/p>\n<p> Pamesa Porcelanato Compactto UNE-ENV 12633: CLASE 3 <br \/> Pamesa ceramica ACERA MARCO Marengo (12mm) 30&#215;30 : Pamesa ceramica ACERA MARCO Marr\u00f3n  (12mm) 30&#215;30 : Pamesa ceramica ACERA PIR\u00c1MIDE Marengo  (12mm) 30&#215;30 : Pamesa ceramica ACERA PIR\u00c1MIDE Marr\u00f3n (12mm) 30&#215;30 :  Pamesa ceramica ACERA MARCO Marengo (12mm) 30&#215;30 Rec  : Pamesa ceramica ACERA MARCO Marr\u00f3n  (12mm) 30&#215;30 Rec : Pamesa ceramica ACERA PIR\u00c1MIDE Marengo  (12mm) 30&#215;30 Rec : Pamesa ceramica ACERA PIR\u00c1MIDE Marr\u00f3n (12mm) 30&#215;30 Rec .<\/p>\n","protected":false},"excerpt":{"rendered":"<p>Na spletu boste za to plo\u0161\u010dico od\u0161teli le 41,2 EUR, medtem ko v redni prodaji cena zna\u0161a 51,51 EUR. Ta plo\u0161\u010dica je debela 12 mm in je zelo trpe\u017ena. Keramika v sivi barvi popestri vsak prostor. Dimenzije te plo\u0161\u010dice so 30&#215;30 cm. Prihaja iz \u0160panije, ki po svetu slovi kot ena bolj\u0161ih proizvajalk kerami\u010dnih plo\u0161\u010dic. [&hellip;]<\/p>\n","protected":false},"featured_media":100393,"template":"","meta":[],"product_cat":[200,999107,999,240,270],"product_tag":[],"_links":{"self":[{"href":"https:\/\/www.keramika.com\/slovenija\/wp-json\/wp\/v2\/product\/100392"}],"collection":[{"href":"https:\/\/www.keramika.com\/slovenija\/wp-json\/wp\/v2\/product"}],"about":[{"href":"https:\/\/www.keramika.com\/slovenija\/wp-json\/wp\/v2\/types\/product"}],"wp:featuredmedia":[{"embeddable":true,"href":"https:\/\/www.keramika.com\/slovenija\/wp-json\/wp\/v2\/media\/100393"}],"wp:attachment":[{"href":"https:\/\/www.keramika.com\/slovenija\/wp-json\/wp\/v2\/media?parent=100392"}],"wp:term":[{"taxonomy":"product_cat","embeddable":true,"href":"https:\/\/www.keramika.com\/slovenija\/wp-json\/wp\/v2\/product_cat?post=100392"},{"taxonomy":"product_tag","embeddable":true,"href":"https:\/\/www.keramika.com\/slovenija\/wp-json\/wp\/v2\/product_tag?post=100392"}],"curies":[{"name":"wp","href":"https:\/\/api.w.org\/{rel}","templated":true}]}}