{"id":100386,"date":"2017-03-22T22:37:00","date_gmt":"2017-03-22T22:37:00","guid":{"rendered":"http:\/\/keramika.holest.com\/slovenija\/product\/talne-porcelan-ploscice-pamesa-tweed-siena\/"},"modified":"2026-01-01T00:01:30","modified_gmt":"2026-01-01T00:01:30","slug":"talne-porcelan-ploscice-pamesa-tweed-siena","status":"publish","type":"product","link":"https:\/\/www.keramika.com\/slovenija\/talne-porcelan-ploscice-pamesa-tweed-siena\/","title":{"rendered":"Talne porcelan plo\u0161\u010dice Pamesa Tweed Siena"},"content":{"rendered":"<p>Ta model plo\u0161\u010dice se najbolje prodaja v be\u017e barvi. 27,49 EUR v klasi\u010dni trgovini, pri nas pa le 21,99 EUR. 9 mm je debelina, ki zadovolji tudi zahtevnej\u0161e kupce. \u0160irina in dol\u017eina te plo\u0161\u010dice sta 30&#215;30 cm. Pamesa Tweed Siena je pripeljana iz \u0160panije in je zelo kvalitetna.<\/p>\n<p>Kliknite na ime kolekcije za ogled vseh plo\u0161\u010dic iz te serije: <a class=\"pdfcatal\" href=\"\/\/www.ceramictiles.com\/pdf\/pamesa\/catalogue_pamesa_compacglass.pdf\" onclick=\"recordOutboundLink(this, 'E-mail', 'Description PDF');return false;\">Pamesa Ceramica Tweed<\/a><\/p>\n<p>\u010ce \u017eelite naro\u010diti model iz pdf kataloga te kolekcije, nam pi\u0161ite na: <a href=\"mailto:keramoteka.salon@gmail.com\" onclick=\"recordOutboundLink(this, 'E-mail', 'Description mail');return false;\">keramoteka.salon@gmail.com<\/a> ali pa nas pokli\u010dite na: 031 255 900.<\/p>\n<p>Technical description: <br \/> F 30&#215;30 <br \/>Tweed Blanco ; Tweed Marfil ; Tweed Siena ; Tweed \u00c1mbar ; Tweed Noce ; Tweed Musgo ; Tweed Malva ; Tweed Turquesa ;<\/p>\n","protected":false},"excerpt":{"rendered":"<p>Ta model plo\u0161\u010dice se najbolje prodaja v be\u017e barvi. 27,49 EUR v klasi\u010dni trgovini, pri nas pa le 21,99 EUR. 9 mm je debelina, ki zadovolji tudi zahtevnej\u0161e kupce. \u0160irina in dol\u017eina te plo\u0161\u010dice sta 30&#215;30 cm. Pamesa Tweed Siena je pripeljana iz \u0160panije in je zelo kvalitetna. Kliknite na ime kolekcije za ogled vseh [&hellip;]<\/p>\n","protected":false},"featured_media":100387,"template":"","meta":[],"product_cat":[200,999107,999,290,240],"product_tag":[],"_links":{"self":[{"href":"https:\/\/www.keramika.com\/slovenija\/wp-json\/wp\/v2\/product\/100386"}],"collection":[{"href":"https:\/\/www.keramika.com\/slovenija\/wp-json\/wp\/v2\/product"}],"about":[{"href":"https:\/\/www.keramika.com\/slovenija\/wp-json\/wp\/v2\/types\/product"}],"wp:featuredmedia":[{"embeddable":true,"href":"https:\/\/www.keramika.com\/slovenija\/wp-json\/wp\/v2\/media\/100387"}],"wp:attachment":[{"href":"https:\/\/www.keramika.com\/slovenija\/wp-json\/wp\/v2\/media?parent=100386"}],"wp:term":[{"taxonomy":"product_cat","embeddable":true,"href":"https:\/\/www.keramika.com\/slovenija\/wp-json\/wp\/v2\/product_cat?post=100386"},{"taxonomy":"product_tag","embeddable":true,"href":"https:\/\/www.keramika.com\/slovenija\/wp-json\/wp\/v2\/product_tag?post=100386"}],"curies":[{"name":"wp","href":"https:\/\/api.w.org\/{rel}","templated":true}]}}