{"id":100384,"date":"2017-03-22T22:36:58","date_gmt":"2017-03-22T22:36:58","guid":{"rendered":"http:\/\/keramika.holest.com\/slovenija\/product\/talne-porcelan-ploscice-pamesa-sorrento\/"},"modified":"2026-01-01T00:01:29","modified_gmt":"2026-01-01T00:01:29","slug":"talne-porcelan-ploscice-pamesa-sorrento","status":"publish","type":"product","link":"https:\/\/www.keramika.com\/slovenija\/talne-porcelan-ploscice-pamesa-sorrento\/","title":{"rendered":"Talne porcelan plo\u0161\u010dice Pamesa Sorrento"},"content":{"rendered":"<p>Na spletu boste za to plo\u0161\u010dico od\u0161teli le 36,2 EUR, medtem ko v redni prodaji cena zna\u0161a 45,24 EUR. 9 mm debeline je dovolj tudi za zahtevnej\u0161e kupce. Keramika v \u010drni barvi popestri vsak prostor. \u0160irina in dol\u017eina te plo\u0161\u010dice sta 60&#215;60 cm. Porcelain floor tiles Pamesa Sorrento je plo\u0161\u010dica proizvajalca Pamesa Ceramica in prihaja iz \u0160panije.<\/p>\n<p>Kliknite na ime kolekcije za ogled vseh plo\u0161\u010dic iz te serije: <a class=\"pdfcatal\" href=\"\/\/www.ceramictiles.com\/pdf\/pamesa\/catalogue_pamesa_compacglass.pdf\" onclick=\"recordOutboundLink(this, 'E-mail', 'Description PDF');return false;\">Pamesa Ceramica Samara Sorrento<\/a><\/p>\n<p>\u010ce \u017eelite naro\u010diti model iz pdf kataloga te kolekcije, nam pi\u0161ite na: <a href=\"mailto:keramoteka.salon@gmail.com\" onclick=\"recordOutboundLink(this, 'E-mail', 'Description mail');return false;\">keramoteka.salon@gmail.com<\/a> ali pa nas pokli\u010dite na: 031 255 900.<\/p>\n<p>Technical description: <br \/> F 60&#215;60 <br \/>Samara Gris Mate ; Sorrento Gris Brillo ; <br \/>Thickness  10.5 mm &#8211; 60&#215;60 cm.<\/p>\n","protected":false},"excerpt":{"rendered":"<p>Na spletu boste za to plo\u0161\u010dico od\u0161teli le 36,2 EUR, medtem ko v redni prodaji cena zna\u0161a 45,24 EUR. 9 mm debeline je dovolj tudi za zahtevnej\u0161e kupce. Keramika v \u010drni barvi popestri vsak prostor. \u0160irina in dol\u017eina te plo\u0161\u010dice sta 60&#215;60 cm. Porcelain floor tiles Pamesa Sorrento je plo\u0161\u010dica proizvajalca Pamesa Ceramica in prihaja [&hellip;]<\/p>\n","protected":false},"featured_media":100385,"template":"","meta":[],"product_cat":[200,999107,999,290,240],"product_tag":[],"_links":{"self":[{"href":"https:\/\/www.keramika.com\/slovenija\/wp-json\/wp\/v2\/product\/100384"}],"collection":[{"href":"https:\/\/www.keramika.com\/slovenija\/wp-json\/wp\/v2\/product"}],"about":[{"href":"https:\/\/www.keramika.com\/slovenija\/wp-json\/wp\/v2\/types\/product"}],"wp:featuredmedia":[{"embeddable":true,"href":"https:\/\/www.keramika.com\/slovenija\/wp-json\/wp\/v2\/media\/100385"}],"wp:attachment":[{"href":"https:\/\/www.keramika.com\/slovenija\/wp-json\/wp\/v2\/media?parent=100384"}],"wp:term":[{"taxonomy":"product_cat","embeddable":true,"href":"https:\/\/www.keramika.com\/slovenija\/wp-json\/wp\/v2\/product_cat?post=100384"},{"taxonomy":"product_tag","embeddable":true,"href":"https:\/\/www.keramika.com\/slovenija\/wp-json\/wp\/v2\/product_tag?post=100384"}],"curies":[{"name":"wp","href":"https:\/\/api.w.org\/{rel}","templated":true}]}}