{"id":100382,"date":"2017-03-22T22:36:56","date_gmt":"2017-03-22T22:36:56","guid":{"rendered":"http:\/\/keramika.holest.com\/slovenija\/product\/3d-ploscice-pamesa-placa-caravista-beige\/"},"modified":"2026-01-01T00:01:29","modified_gmt":"2026-01-01T00:01:29","slug":"3d-ploscice-pamesa-placa-caravista-beige","status":"publish","type":"product","link":"https:\/\/www.keramika.com\/slovenija\/3d-ploscice-pamesa-placa-caravista-beige\/","title":{"rendered":"3D plo\u0161\u010dice Pamesa Placa Caravista Beige"},"content":{"rendered":"<p>Redna cena te plo\u0161\u010dice v maloprodaji zna\u0161a 36,88 EUR, v na\u0161i spletni trgovini pa jo lahko dobite \u017ee za 29,5 EUR. Debelina kar 9 mm dela to plo\u0161\u010dico zelo trpe\u017eno in presti\u017eno na otip. Ta plo\u0161\u010dica je na voljo v \u010dudoviti rjavi barvi, \u010de \u017eelite kak\u0161no drugo barvo pa nas kontaktirajte in preverili bomo pri proizvajalcu. Plo\u0161\u010dica na sliki je velika 23,5&#215;40,5 cm. To plo\u0161\u010dico je izdelal proizvajalec Pamesa Ceramica, ki prihaja iz \u0160panije.<\/p>\n<p>Kliknite na ime kolekcije za ogled vseh plo\u0161\u010dic iz te serije: <a class=\"pdfcatal\" href=\"\/\/www.ceramictiles.com\/pdf\/pamesa\/catalogue_pamesa_compacglass.pdf\" onclick=\"recordOutboundLink(this, 'E-mail', 'Description PDF');return false;\">Pamesa Ceramica Placa Caravista<\/a><\/p>\n<p>\u010ce \u017eelite naro\u010diti model iz pdf kataloga te kolekcije, nam pi\u0161ite na: <a href=\"mailto:keramoteka.salon@gmail.com\" onclick=\"recordOutboundLink(this, 'E-mail', 'Description mail');return false;\">keramoteka.salon@gmail.com<\/a> ali pa nas pokli\u010dite na: 031 255 900.<\/p>\n<p>Technical description: <br \/> W 23,5&#215;40,5 <br \/>Placa Caravista Arena ; Placa Caravista Beige ; Placa Caravista Gris ;<\/p>\n","protected":false},"excerpt":{"rendered":"<p>Redna cena te plo\u0161\u010dice v maloprodaji zna\u0161a 36,88 EUR, v na\u0161i spletni trgovini pa jo lahko dobite \u017ee za 29,5 EUR. Debelina kar 9 mm dela to plo\u0161\u010dico zelo trpe\u017eno in presti\u017eno na otip. Ta plo\u0161\u010dica je na voljo v \u010dudoviti rjavi barvi, \u010de \u017eelite kak\u0161no drugo barvo pa nas kontaktirajte in preverili bomo pri [&hellip;]<\/p>\n","protected":false},"featured_media":100383,"template":"","meta":[],"product_cat":[200,999107,999,290,240],"product_tag":[99921971],"_links":{"self":[{"href":"https:\/\/www.keramika.com\/slovenija\/wp-json\/wp\/v2\/product\/100382"}],"collection":[{"href":"https:\/\/www.keramika.com\/slovenija\/wp-json\/wp\/v2\/product"}],"about":[{"href":"https:\/\/www.keramika.com\/slovenija\/wp-json\/wp\/v2\/types\/product"}],"wp:featuredmedia":[{"embeddable":true,"href":"https:\/\/www.keramika.com\/slovenija\/wp-json\/wp\/v2\/media\/100383"}],"wp:attachment":[{"href":"https:\/\/www.keramika.com\/slovenija\/wp-json\/wp\/v2\/media?parent=100382"}],"wp:term":[{"taxonomy":"product_cat","embeddable":true,"href":"https:\/\/www.keramika.com\/slovenija\/wp-json\/wp\/v2\/product_cat?post=100382"},{"taxonomy":"product_tag","embeddable":true,"href":"https:\/\/www.keramika.com\/slovenija\/wp-json\/wp\/v2\/product_tag?post=100382"}],"curies":[{"name":"wp","href":"https:\/\/api.w.org\/{rel}","templated":true}]}}