{"id":100368,"date":"2017-03-22T22:36:42","date_gmt":"2017-03-22T22:36:42","guid":{"rendered":"http:\/\/keramika.holest.com\/slovenija\/product\/talne-ploscice-pamesa-adra-crema\/"},"modified":"2026-01-01T00:01:27","modified_gmt":"2026-01-01T00:01:27","slug":"talne-ploscice-pamesa-adra-crema","status":"publish","type":"product","link":"https:\/\/www.keramika.com\/slovenija\/talne-ploscice-pamesa-adra-crema\/","title":{"rendered":"Talne plo\u0161\u010dice Pamesa Adra Crema"},"content":{"rendered":"<p>Pamesa Adra Crema prihaja iz \u0160panije, ki je znana po zelo kvalitetni keramiki v svetovnem merilu. Namesto 45,24 EUR kot bi za to plo\u0161\u010dico od\u0161teli v klasi\u010dni trgovini, boste v na\u0161i spletni prodajalni od\u0161teli le 36,2 EUR. Plo\u0161\u010dica na sliki je velika 60&#215;60 cm. Zelo moderna plo\u0161\u010dica v be\u017e barvi popestri prav vsak prostor. Ta plo\u0161\u010dica je debela 9 mm in je zelo trpe\u017ena.<\/p>\n<p>Kliknite na ime kolekcije za ogled vseh plo\u0161\u010dic iz te serije: <a class=\"pdfcatal\" href=\"\/\/www.ceramictiles.com\/pdf\/pamesa\/catalogue_pamesa_compacglass.pdf\" onclick=\"recordOutboundLink(this, 'E-mail', 'Description PDF');return false;\">Pamesa Ceramica Adra<\/a><\/p>\n<p>\u010ce \u017eelite naro\u010diti model iz pdf kataloga te kolekcije, nam pi\u0161ite na: <a href=\"mailto:keramoteka.salon@gmail.com\" onclick=\"recordOutboundLink(this, 'E-mail', 'Description mail');return false;\">keramoteka.salon@gmail.com<\/a> ali pa nas pokli\u010dite na: 031 255 900.<\/p>\n<p>Technical description: <br \/> F 60&#215;60 <br \/>Adra Marfil ; Adra Crema ;<\/p>\n","protected":false},"excerpt":{"rendered":"<p>Pamesa Adra Crema prihaja iz \u0160panije, ki je znana po zelo kvalitetni keramiki v svetovnem merilu. Namesto 45,24 EUR kot bi za to plo\u0161\u010dico od\u0161teli v klasi\u010dni trgovini, boste v na\u0161i spletni prodajalni od\u0161teli le 36,2 EUR. Plo\u0161\u010dica na sliki je velika 60&#215;60 cm. Zelo moderna plo\u0161\u010dica v be\u017e barvi popestri prav vsak prostor. Ta [&hellip;]<\/p>\n","protected":false},"featured_media":100369,"template":"","meta":[],"product_cat":[200,999107,999,290,240],"product_tag":[],"_links":{"self":[{"href":"https:\/\/www.keramika.com\/slovenija\/wp-json\/wp\/v2\/product\/100368"}],"collection":[{"href":"https:\/\/www.keramika.com\/slovenija\/wp-json\/wp\/v2\/product"}],"about":[{"href":"https:\/\/www.keramika.com\/slovenija\/wp-json\/wp\/v2\/types\/product"}],"wp:featuredmedia":[{"embeddable":true,"href":"https:\/\/www.keramika.com\/slovenija\/wp-json\/wp\/v2\/media\/100369"}],"wp:attachment":[{"href":"https:\/\/www.keramika.com\/slovenija\/wp-json\/wp\/v2\/media?parent=100368"}],"wp:term":[{"taxonomy":"product_cat","embeddable":true,"href":"https:\/\/www.keramika.com\/slovenija\/wp-json\/wp\/v2\/product_cat?post=100368"},{"taxonomy":"product_tag","embeddable":true,"href":"https:\/\/www.keramika.com\/slovenija\/wp-json\/wp\/v2\/product_tag?post=100368"}],"curies":[{"name":"wp","href":"https:\/\/api.w.org\/{rel}","templated":true}]}}