{"id":100366,"date":"2017-09-06T22:36:40","date_gmt":"2017-09-06T22:36:40","guid":{"rendered":"http:\/\/keramika.holest.com\/slovenija\/product\/talne-in-stenske-ploscice-pamesa-agatha-naranja\/"},"modified":"2026-01-01T00:01:27","modified_gmt":"2026-01-01T00:01:27","slug":"talne-in-stenske-ploscice-pamesa-agatha-naranja","status":"publish","type":"product","link":"https:\/\/www.keramika.com\/slovenija\/talne-in-stenske-ploscice-pamesa-agatha-naranja\/","title":{"rendered":"Talne in stenske plo\u0161\u010dice Pamesa Agatha Naranja"},"content":{"rendered":"<p>Pamesa Agatha Naranja prihaja iz \u0160panije, ki je znana po zelo kvalitetni keramiki v svetovnem merilu. Plo\u0161\u010dica je debela kar 7 mm, kar jo uvr\u0161\u010da med bolj trde plo\u0161\u010dice. \u0160irina in dol\u017eina te plo\u0161\u010dice sta 25&#215;50 cm. V redni prodaji bi morali za to plo\u0161\u010dico od\u0161teti 31,65 EUR, spletna cena pa zna\u0161a le 25,32 EUR. Ta kerami\u010dna plo\u0161\u010dica v \u010dudoviti oran\u017eni barvi bo obogatila vsak prostor.<\/p>\n<p>Kliknite na ime kolekcije za ogled vseh plo\u0161\u010dic iz te serije: <a class=\"pdfcatal\" href=\"\/\/www.ceramictiles.com\/pdf\/pamesa\/catalogue_pamesa_agatha.pdf\">Pamesa Ceramica Agatha<\/a><\/p>\n<p>\u010ce \u017eelite naro\u010diti model iz pdf kataloga te kolekcije, nam pi\u0161ite na: <a href=\"mailto:keramoteka.salon@gmail.com\">keramoteka.salon@gmail.com<\/a> ali pa nas pokli\u010dite na: 031 255 900.<\/p>\n<p>Technical description:<br \/>\n<strong>Pamesa Cer\u00e1mica Agatha 30&#215;60 :<\/strong>Malla Agatha Trencad\u00eds Blanco ; Malla Agatha Trencad\u00eds Multicolor ;<br \/>\n<strong>Pamesa Cer\u00e1mica Agatha 25&#215;50 :<\/strong>Agatha Blanco ; Agatha Pistacho ; Agatha Turquesa ; Agatha Amarillo ; Agatha Naranja ; Agatha Carm\u00edn ; Agatha Party Lunares ; Agatha Lunares Pistacho ; Agatha Lunares Turquesa ; Agatha Lunares Amarillo ; Agatha Lunares Naranja ; Agatha Lunares Carm\u00edn ;<br \/>\n<strong>Pamesa Cer\u00e1mica Agatha 25&#215;40 :<\/strong>Agatha Puzle Blanco ; Agatha Puzle Pistacho ; Agatha Puzle Turquesa ; Agatha Puzle Amarillo ; Agatha Puzle Naranja ; Agatha Puzle Carm\u00edn ; Dec. Agatha Alegria ; Dec. Agatha Circus ; Dec. Agatha Joie ;<br \/>\n<strong>Pamesa Cer\u00e1mica Agatha 20&#215;20 :<\/strong>Agatha Blanco ; Agatha Pistacho ; Agatha Turquesa ; Agatha Marino ; Agatha Amarillo ; Agatha Naranja ; Agatha Carm\u00edn ; Agatha Rayas Relieve Blanco ; Agatha Rayas Relieve Pistacho ; Agatha Rayas Relieve Turquesa ; Agatha Cuatro Relieve Blanco ; Agatha Cuatro Relieve Pistacho ;<br \/>\n<strong>Pamesa Cer\u00e1mica Agatha 31.6&#215;31.6 :<\/strong>Arcoiris Blanco ; Arcoiris Pistacho ; Arcoiris Turquesa ; Arcoiris Carm\u00edn ; Arcoiris Amarillo ; Arcoiris Naranja ; Malla Colores ;<br \/>\n[vc_row][vc_column width=&#8221;1\/3&#8243;][vc_single_image source=&#8221;external_link&#8221; onclick=&#8221;link_image&#8221; custom_src=&#8221;https:\/\/www.ceramictiles.com\/images\/pamesa\/agatha_amarillo.jpg&#8221; el_class=&#8221;eheight&#8221;][vc_column_text]<strong>Agatha Amarillo<\/strong><br \/>\n<a class=\"pdfcatal\" href=\"\/\/www.ceramictiles.com\/pdf\/catalogue_pamesa_agatha.pdf\"> PDF Zbirni katalog<\/a><br \/>\n25&#215;50<br \/>\n<a href=\"mailto:keramoteka.salon@gmail.com\"> Kontakt za dostavo<\/a>[\/vc_column_text][vc_separator color=&#8221;black&#8221; border_width=&#8221;2&#8243;]<br \/>\n[\/vc_column][vc_column width=&#8221;1\/3&#8243;][vc_single_image source=&#8221;external_link&#8221; onclick=&#8221;link_image&#8221; custom_src=&#8221;https:\/\/www.ceramictiles.com\/images\/pamesa\/agatha_blanco.jpg&#8221; el_class=&#8221;eheight&#8221;][vc_column_text]<strong>Agatha Blanco<\/strong><br \/>\n<a class=\"pdfcatal\" href=\"\/\/www.ceramictiles.com\/pdf\/catalogue_pamesa_agatha.pdf\"> PDF Zbirni katalog<\/a><br \/>\n25&#215;50<br \/>\n<a href=\"mailto:keramoteka.salon@gmail.com\"> Kontakt za dostavo<\/a>[\/vc_column_text][vc_separator color=&#8221;black&#8221; border_width=&#8221;2&#8243;]<br \/>\n[\/vc_column][vc_column width=&#8221;1\/3&#8243;][vc_single_image source=&#8221;external_link&#8221; onclick=&#8221;link_image&#8221; custom_src=&#8221;https:\/\/www.ceramictiles.com\/images\/pamesa\/agatha_carmin.jpg&#8221; el_class=&#8221;eheight&#8221;][vc_column_text]<strong>Agatha Carmin<\/strong><br \/>\n<a class=\"pdfcatal\" href=\"\/\/www.ceramictiles.com\/pdf\/catalogue_pamesa_agatha.pdf\"> PDF Zbirni katalog<\/a><br \/>\n25&#215;50<br \/>\n<a href=\"mailto:keramoteka.salon@gmail.com\"> Kontakt za dostavo<\/a>[\/vc_column_text][vc_separator color=&#8221;black&#8221; border_width=&#8221;2&#8243;]<br \/>\n[\/vc_column][vc_column width=&#8221;1\/3&#8243;][vc_single_image source=&#8221;external_link&#8221; onclick=&#8221;link_image&#8221; custom_src=&#8221;https:\/\/www.ceramictiles.com\/images\/pamesa\/agatha_naranja.jpg&#8221; el_class=&#8221;eheight&#8221;][vc_column_text]<strong>Agatha Naranja<\/strong><br \/>\n<a class=\"pdfcatal\" href=\"\/\/www.ceramictiles.com\/pdf\/catalogue_pamesa_agatha.pdf\"> PDF Zbirni katalog<\/a><br \/>\n25&#215;50<br \/>\n<a href=\"mailto:keramoteka.salon@gmail.com\"> Kontakt za dostavo<\/a>[\/vc_column_text][vc_separator color=&#8221;black&#8221; border_width=&#8221;2&#8243;]<br \/>\n[\/vc_column][vc_column width=&#8221;1\/3&#8243;][vc_single_image source=&#8221;external_link&#8221; onclick=&#8221;link_image&#8221; custom_src=&#8221;https:\/\/www.ceramictiles.com\/images\/pamesa\/agatha_pistacho.jpg&#8221; el_class=&#8221;eheight&#8221;][vc_column_text]<strong>Agatha Pistacho<\/strong><br \/>\n<a class=\"pdfcatal\" href=\"\/\/www.ceramictiles.com\/pdf\/catalogue_pamesa_agatha.pdf\"> PDF Zbirni katalog<\/a><br \/>\n25&#215;50<br \/>\n<a href=\"mailto:keramoteka.salon@gmail.com\"> Kontakt za dostavo<\/a>[\/vc_column_text][vc_separator color=&#8221;black&#8221; border_width=&#8221;2&#8243;]<br \/>\n[\/vc_column][vc_column width=&#8221;1\/3&#8243;][vc_single_image source=&#8221;external_link&#8221; onclick=&#8221;link_image&#8221; custom_src=&#8221;https:\/\/www.ceramictiles.com\/images\/pamesa\/agatha_turquesa.jpg&#8221; el_class=&#8221;eheight&#8221;][vc_column_text]<strong>Agatha Turquesa<\/strong><br \/>\n<a class=\"pdfcatal\" href=\"\/\/www.ceramictiles.com\/pdf\/catalogue_pamesa_agatha.pdf\"> PDF Zbirni katalog<\/a><br \/>\n25&#215;50<br \/>\n<a href=\"mailto:keramoteka.salon@gmail.com\"> Kontakt za dostavo<\/a>[\/vc_column_text][vc_separator color=&#8221;black&#8221; border_width=&#8221;2&#8243;]<br \/>\n[\/vc_column][vc_column width=&#8221;1\/3&#8243;][vc_single_image source=&#8221;external_link&#8221; onclick=&#8221;link_image&#8221; custom_src=&#8221;https:\/\/www.ceramictiles.com\/images\/pamesa\/agatha_lunares_amarillo.jpg&#8221; el_class=&#8221;eheight&#8221;][vc_column_text]<strong>Agatha Lunares Amarillo<\/strong><br \/>\n<a class=\"pdfcatal\" href=\"\/\/www.ceramictiles.com\/pdf\/catalogue_pamesa_agatha.pdf\"> PDF Zbirni katalog<\/a><br \/>\n25&#215;50<br \/>\n<a href=\"mailto:keramoteka.salon@gmail.com\"> Kontakt za dostavo<\/a>[\/vc_column_text][vc_separator color=&#8221;black&#8221; border_width=&#8221;2&#8243;]<br \/>\n[\/vc_column][vc_column width=&#8221;1\/3&#8243;][vc_single_image source=&#8221;external_link&#8221; onclick=&#8221;link_image&#8221; custom_src=&#8221;https:\/\/www.ceramictiles.com\/images\/pamesa\/agatha_lunares_carmin.jpg&#8221; el_class=&#8221;eheight&#8221;][vc_column_text]<strong>Agatha Lunares Carmin<\/strong><br \/>\n<a class=\"pdfcatal\" href=\"\/\/www.ceramictiles.com\/pdf\/catalogue_pamesa_agatha.pdf\"> PDF Zbirni katalog<\/a><br \/>\n25&#215;50<br \/>\n<a href=\"mailto:keramoteka.salon@gmail.com\"> Kontakt za dostavo<\/a>[\/vc_column_text][vc_separator color=&#8221;black&#8221; border_width=&#8221;2&#8243;]<br \/>\n[\/vc_column][vc_column width=&#8221;1\/3&#8243;][vc_single_image source=&#8221;external_link&#8221; onclick=&#8221;link_image&#8221; custom_src=&#8221;https:\/\/www.ceramictiles.com\/images\/pamesa\/agatha_lunares_naranja.jpg&#8221; el_class=&#8221;eheight&#8221;][vc_column_text]<strong>Agatha Lunares Naranja<\/strong><br \/>\n<a class=\"pdfcatal\" href=\"\/\/www.ceramictiles.com\/pdf\/catalogue_pamesa_agatha.pdf\"> PDF Zbirni katalog<\/a><br \/>\n25&#215;50<br \/>\n<a href=\"mailto:keramoteka.salon@gmail.com\"> Kontakt za dostavo<\/a>[\/vc_column_text][vc_separator color=&#8221;black&#8221; border_width=&#8221;2&#8243;]<br \/>\n[\/vc_column][vc_column width=&#8221;1\/3&#8243;][vc_single_image source=&#8221;external_link&#8221; onclick=&#8221;link_image&#8221; custom_src=&#8221;https:\/\/www.ceramictiles.com\/images\/pamesa\/agatha_lunares_pistacho.jpg&#8221; el_class=&#8221;eheight&#8221;][vc_column_text]<strong>Agatha Lunares Pistacho<\/strong><br \/>\n<a class=\"pdfcatal\" href=\"\/\/www.ceramictiles.com\/pdf\/catalogue_pamesa_agatha.pdf\"> PDF Zbirni katalog<\/a><br \/>\n25&#215;50<br \/>\n<a href=\"mailto:keramoteka.salon@gmail.com\"> Kontakt za dostavo<\/a>[\/vc_column_text][vc_separator color=&#8221;black&#8221; border_width=&#8221;2&#8243;]<br \/>\n[\/vc_column][vc_column width=&#8221;1\/3&#8243;][vc_single_image source=&#8221;external_link&#8221; onclick=&#8221;link_image&#8221; custom_src=&#8221;https:\/\/www.ceramictiles.com\/images\/pamesa\/agatha_lunares_turquesa.jpg&#8221; el_class=&#8221;eheight&#8221;][vc_column_text]<strong>Agatha Lunares Turquesa<\/strong><br \/>\n<a class=\"pdfcatal\" href=\"\/\/www.ceramictiles.com\/pdf\/catalogue_pamesa_agatha.pdf\"> PDF Zbirni katalog<\/a><br \/>\n25&#215;50<br \/>\n<a href=\"mailto:keramoteka.salon@gmail.com\"> Kontakt za dostavo<\/a>[\/vc_column_text][vc_separator color=&#8221;black&#8221; border_width=&#8221;2&#8243;]<br \/>\n[\/vc_column][vc_column width=&#8221;1\/3&#8243;][vc_single_image source=&#8221;external_link&#8221; onclick=&#8221;link_image&#8221; custom_src=&#8221;https:\/\/www.ceramictiles.com\/images\/pamesa\/agatha_1_lineas_amarillo.jpg&#8221; el_class=&#8221;eheight&#8221;][vc_column_text]<strong>Agatha 1 Lineas Amarillo<\/strong><br \/>\n<a class=\"pdfcatal\" href=\"\/\/www.ceramictiles.com\/pdf\/catalogue_pamesa_agatha.pdf\"> PDF Zbirni katalog<\/a><br \/>\n25&#215;50<br \/>\n<a href=\"mailto:keramoteka.salon@gmail.com\"> Kontakt za dostavo<\/a>[\/vc_column_text][vc_separator color=&#8221;black&#8221; border_width=&#8221;2&#8243;]<br \/>\n[\/vc_column][vc_column width=&#8221;1\/3&#8243;][vc_single_image source=&#8221;external_link&#8221; onclick=&#8221;link_image&#8221; custom_src=&#8221;https:\/\/www.ceramictiles.com\/images\/pamesa\/agatha_1_lineas_carmin.jpg&#8221; el_class=&#8221;eheight&#8221;][vc_column_text]<strong>Agatha 1 Lineas Carmin<\/strong><br \/>\n<a class=\"pdfcatal\" href=\"\/\/www.ceramictiles.com\/pdf\/catalogue_pamesa_agatha.pdf\"> PDF Zbirni katalog<\/a><br \/>\n25&#215;50<br \/>\n<a href=\"mailto:keramoteka.salon@gmail.com\"> Kontakt za dostavo<\/a>[\/vc_column_text][vc_separator color=&#8221;black&#8221; border_width=&#8221;2&#8243;]<br \/>\n[\/vc_column][vc_column width=&#8221;1\/3&#8243;][vc_single_image source=&#8221;external_link&#8221; onclick=&#8221;link_image&#8221; custom_src=&#8221;https:\/\/www.ceramictiles.com\/images\/pamesa\/agatha_1_lineas_naranja.jpg&#8221; el_class=&#8221;eheight&#8221;][vc_column_text]<strong>Agatha 1 Lineas Naranja<\/strong><br \/>\n<a class=\"pdfcatal\" href=\"\/\/www.ceramictiles.com\/pdf\/catalogue_pamesa_agatha.pdf\"> PDF Zbirni katalog<\/a><br \/>\n25&#215;50<br \/>\n<a href=\"mailto:keramoteka.salon@gmail.com\"> Kontakt za dostavo<\/a>[\/vc_column_text][vc_separator color=&#8221;black&#8221; border_width=&#8221;2&#8243;]<br \/>\n[\/vc_column][vc_column width=&#8221;1\/3&#8243;][vc_single_image source=&#8221;external_link&#8221; onclick=&#8221;link_image&#8221; custom_src=&#8221;https:\/\/www.ceramictiles.com\/images\/pamesa\/agatha_1_lineas_pistacho.jpg&#8221; el_class=&#8221;eheight&#8221;][vc_column_text]<strong>Agatha 1 Lineas Pistacho<\/strong><br \/>\n<a class=\"pdfcatal\" href=\"\/\/www.ceramictiles.com\/pdf\/catalogue_pamesa_agatha.pdf\"> PDF Zbirni katalog<\/a><br \/>\n25&#215;50<br \/>\n<a href=\"mailto:keramoteka.salon@gmail.com\"> Kontakt za dostavo<\/a>[\/vc_column_text][vc_separator color=&#8221;black&#8221; border_width=&#8221;2&#8243;]<br \/>\n[\/vc_column][vc_column width=&#8221;1\/3&#8243;][vc_single_image source=&#8221;external_link&#8221; onclick=&#8221;link_image&#8221; custom_src=&#8221;https:\/\/www.ceramictiles.com\/images\/pamesa\/agatha_1_lineas_turquesa.jpg&#8221; el_class=&#8221;eheight&#8221;][vc_column_text]<strong>Agatha 1 Lineas Turquesa<\/strong><br \/>\n<a class=\"pdfcatal\" href=\"\/\/www.ceramictiles.com\/pdf\/catalogue_pamesa_agatha.pdf\"> PDF Zbirni katalog<\/a><br \/>\n25&#215;50<br \/>\n<a href=\"mailto:keramoteka.salon@gmail.com\"> Kontakt za dostavo<\/a>[\/vc_column_text][vc_separator color=&#8221;black&#8221; border_width=&#8221;2&#8243;]<br \/>\n[\/vc_column][vc_column width=&#8221;1\/3&#8243;][vc_single_image source=&#8221;external_link&#8221; onclick=&#8221;link_image&#8221; custom_src=&#8221;https:\/\/www.ceramictiles.com\/images\/pamesa\/agatha_2_lineas_amarillo.jpg&#8221; el_class=&#8221;eheight&#8221;][vc_column_text]<strong>Agatha 2 Lineas Amarillo<\/strong><br \/>\n<a class=\"pdfcatal\" href=\"\/\/www.ceramictiles.com\/pdf\/catalogue_pamesa_agatha.pdf\"> PDF Zbirni katalog<\/a><br \/>\n25&#215;50<br \/>\n<a href=\"mailto:keramoteka.salon@gmail.com\"> Kontakt za dostavo<\/a>[\/vc_column_text][vc_separator color=&#8221;black&#8221; border_width=&#8221;2&#8243;]<br \/>\n[\/vc_column][vc_column width=&#8221;1\/3&#8243;][vc_single_image source=&#8221;external_link&#8221; onclick=&#8221;link_image&#8221; custom_src=&#8221;https:\/\/www.ceramictiles.com\/images\/pamesa\/agatha_2_lineas_carmin.jpg&#8221; el_class=&#8221;eheight&#8221;][vc_column_text]<strong>Agatha 2 Lineas Carmin<\/strong><br \/>\n<a class=\"pdfcatal\" href=\"\/\/www.ceramictiles.com\/pdf\/catalogue_pamesa_agatha.pdf\"> PDF Zbirni katalog<\/a><br \/>\n25&#215;50<br \/>\n<a href=\"mailto:keramoteka.salon@gmail.com\"> Kontakt za dostavo<\/a>[\/vc_column_text][vc_separator color=&#8221;black&#8221; border_width=&#8221;2&#8243;]<br \/>\n[\/vc_column][vc_column width=&#8221;1\/3&#8243;][vc_single_image source=&#8221;external_link&#8221; onclick=&#8221;link_image&#8221; custom_src=&#8221;https:\/\/www.ceramictiles.com\/images\/pamesa\/agatha_2_lineas_naranja.jpg&#8221; el_class=&#8221;eheight&#8221;][vc_column_text]<strong>Agatha 2 Lineas Naranja<\/strong><br \/>\n<a class=\"pdfcatal\" href=\"\/\/www.ceramictiles.com\/pdf\/catalogue_pamesa_agatha.pdf\"> PDF Zbirni katalog<\/a><br \/>\n25&#215;50<br \/>\n<a href=\"mailto:keramoteka.salon@gmail.com\"> Kontakt za dostavo<\/a>[\/vc_column_text][vc_separator color=&#8221;black&#8221; border_width=&#8221;2&#8243;]<br \/>\n[\/vc_column][vc_column width=&#8221;1\/3&#8243;][vc_single_image source=&#8221;external_link&#8221; onclick=&#8221;link_image&#8221; custom_src=&#8221;https:\/\/www.ceramictiles.com\/images\/pamesa\/agatha_2_lineas_pistacho.jpg&#8221; el_class=&#8221;eheight&#8221;][vc_column_text]<strong>Agatha 2 Lineas Pistacho<\/strong><br \/>\n<a class=\"pdfcatal\" href=\"\/\/www.ceramictiles.com\/pdf\/catalogue_pamesa_agatha.pdf\"> PDF Zbirni katalog<\/a><br \/>\n25&#215;50<br \/>\n<a href=\"mailto:keramoteka.salon@gmail.com\"> Kontakt za dostavo<\/a>[\/vc_column_text][vc_separator color=&#8221;black&#8221; border_width=&#8221;2&#8243;]<br \/>\n[\/vc_column][vc_column width=&#8221;1\/3&#8243;][vc_single_image source=&#8221;external_link&#8221; onclick=&#8221;link_image&#8221; custom_src=&#8221;https:\/\/www.ceramictiles.com\/images\/pamesa\/agatha_2_lineas_turquesa.jpg&#8221; el_class=&#8221;eheight&#8221;][vc_column_text]<strong>Agatha 2 Lineas Turquesa<\/strong><br \/>\n<a class=\"pdfcatal\" href=\"\/\/www.ceramictiles.com\/pdf\/catalogue_pamesa_agatha.pdf\"> PDF Zbirni katalog<\/a><br \/>\n25&#215;50<br \/>\n<a href=\"mailto:keramoteka.salon@gmail.com\"> Kontakt za dostavo<\/a>[\/vc_column_text][vc_separator color=&#8221;black&#8221; border_width=&#8221;2&#8243;]<br \/>\n[\/vc_column][vc_column width=&#8221;1\/3&#8243;][vc_single_image source=&#8221;external_link&#8221; onclick=&#8221;link_image&#8221; custom_src=&#8221;https:\/\/www.ceramictiles.com\/images\/pamesa\/agatha_partylunares_.jpg&#8221; el_class=&#8221;eheight&#8221;][vc_column_text]<strong>Agatha Party Lunares <\/strong><br \/>\n<a class=\"pdfcatal\" href=\"\/\/www.ceramictiles.com\/pdf\/catalogue_pamesa_agatha.pdf\"> PDF Zbirni katalog<\/a><br \/>\n25&#215;50<br \/>\n<a href=\"mailto:keramoteka.salon@gmail.com\"> Kontakt za dostavo<\/a>[\/vc_column_text][vc_separator color=&#8221;black&#8221; border_width=&#8221;2&#8243;]<br \/>\n[\/vc_column][vc_column width=&#8221;1\/3&#8243;][vc_single_image source=&#8221;external_link&#8221; onclick=&#8221;link_image&#8221; custom_src=&#8221;https:\/\/www.ceramictiles.com\/images\/pamesa\/agatha_party1_lineas_.jpg&#8221; el_class=&#8221;eheight&#8221;][vc_column_text]<strong>Agatha Party1 Lineas <\/strong><br \/>\n<a class=\"pdfcatal\" href=\"\/\/www.ceramictiles.com\/pdf\/catalogue_pamesa_agatha.pdf\"> PDF Zbirni katalog<\/a><br \/>\n25&#215;50<br \/>\n<a href=\"mailto:keramoteka.salon@gmail.com\"> Kontakt za dostavo<\/a>[\/vc_column_text][vc_separator color=&#8221;black&#8221; border_width=&#8221;2&#8243;]<br \/>\n[\/vc_column][vc_column width=&#8221;1\/3&#8243;][vc_single_image source=&#8221;external_link&#8221; onclick=&#8221;link_image&#8221; custom_src=&#8221;https:\/\/www.ceramictiles.com\/images\/pamesa\/agatha_party2_lineas_.jpg&#8221; el_class=&#8221;eheight&#8221;][vc_column_text]<strong>Agatha Party2 Lineas <\/strong><br \/>\n<a class=\"pdfcatal\" href=\"\/\/www.ceramictiles.com\/pdf\/catalogue_pamesa_agatha.pdf\"> PDF Zbirni katalog<\/a><br \/>\n25&#215;50<br \/>\n<a href=\"mailto:keramoteka.salon@gmail.com\"> Kontakt za dostavo<\/a>[\/vc_column_text][vc_separator color=&#8221;black&#8221; border_width=&#8221;2&#8243;]<br \/>\n[\/vc_column][vc_column width=&#8221;1\/3&#8243;][vc_single_image source=&#8221;external_link&#8221; onclick=&#8221;link_image&#8221; custom_src=&#8221;https:\/\/www.ceramictiles.com\/images\/pamesa\/dec_agatha_alegria.jpg&#8221; el_class=&#8221;eheight&#8221;][vc_column_text]<strong>Dec Agatha Alegria<\/strong><br \/>\n<a class=\"pdfcatal\" href=\"\/\/www.ceramictiles.com\/pdf\/catalogue_pamesa_agatha.pdf\"> PDF Zbirni katalog<\/a><br \/>\n25&#215;50<br \/>\n<a href=\"mailto:keramoteka.salon@gmail.com\"> Kontakt za dostavo<\/a>[\/vc_column_text][vc_separator color=&#8221;black&#8221; border_width=&#8221;2&#8243;]<br \/>\n[\/vc_column][vc_column width=&#8221;1\/3&#8243;][vc_single_image source=&#8221;external_link&#8221; onclick=&#8221;link_image&#8221; custom_src=&#8221;https:\/\/www.ceramictiles.com\/images\/pamesa\/dec_agatha_circus.jpg&#8221; el_class=&#8221;eheight&#8221;][vc_column_text]<strong>Dec Agatha Circus<\/strong><br \/>\n<a class=\"pdfcatal\" href=\"\/\/www.ceramictiles.com\/pdf\/catalogue_pamesa_agatha.pdf\"> PDF Zbirni katalog<\/a><br \/>\n25&#215;50<br \/>\n<a href=\"mailto:keramoteka.salon@gmail.com\"> Kontakt za dostavo<\/a>[\/vc_column_text][vc_separator color=&#8221;black&#8221; border_width=&#8221;2&#8243;]<br \/>\n[\/vc_column][vc_column width=&#8221;1\/3&#8243;][vc_single_image source=&#8221;external_link&#8221; onclick=&#8221;link_image&#8221; custom_src=&#8221;https:\/\/www.ceramictiles.com\/images\/pamesa\/dec_agatha_joie.jpg&#8221; el_class=&#8221;eheight&#8221;][vc_column_text]<strong>Dec Agatha Joie<\/strong><br \/>\n<a class=\"pdfcatal\" href=\"\/\/www.ceramictiles.com\/pdf\/catalogue_pamesa_agatha.pdf\"> PDF Zbirni katalog<\/a><br \/>\n25&#215;50<br \/>\n<a href=\"mailto:keramoteka.salon@gmail.com\"> Kontakt za dostavo<\/a>[\/vc_column_text][vc_separator color=&#8221;black&#8221; border_width=&#8221;2&#8243;]<\/p>\n<p>[\/vc_column][\/vc_row]<\/p>\n","protected":false},"excerpt":{"rendered":"<p>Dekorativne plo\u0161\u010dice dizajn Agatha Ruiz de la Prada<\/p>\n","protected":false},"featured_media":100367,"template":"","meta":[],"product_cat":[200,220,999107,999,250],"product_tag":[99921974],"_links":{"self":[{"href":"https:\/\/www.keramika.com\/slovenija\/wp-json\/wp\/v2\/product\/100366"}],"collection":[{"href":"https:\/\/www.keramika.com\/slovenija\/wp-json\/wp\/v2\/product"}],"about":[{"href":"https:\/\/www.keramika.com\/slovenija\/wp-json\/wp\/v2\/types\/product"}],"wp:featuredmedia":[{"embeddable":true,"href":"https:\/\/www.keramika.com\/slovenija\/wp-json\/wp\/v2\/media\/100367"}],"wp:attachment":[{"href":"https:\/\/www.keramika.com\/slovenija\/wp-json\/wp\/v2\/media?parent=100366"}],"wp:term":[{"taxonomy":"product_cat","embeddable":true,"href":"https:\/\/www.keramika.com\/slovenija\/wp-json\/wp\/v2\/product_cat?post=100366"},{"taxonomy":"product_tag","embeddable":true,"href":"https:\/\/www.keramika.com\/slovenija\/wp-json\/wp\/v2\/product_tag?post=100366"}],"curies":[{"name":"wp","href":"https:\/\/api.w.org\/{rel}","templated":true}]}}