{"id":100362,"date":"2017-03-22T22:36:35","date_gmt":"2017-03-22T22:36:35","guid":{"rendered":"http:\/\/keramika.holest.com\/slovenija\/product\/talne-in-stenske-ploscice-pamesa-agatha-tiles\/"},"modified":"2026-01-01T00:01:26","modified_gmt":"2026-01-01T00:01:26","slug":"talne-in-stenske-ploscice-pamesa-agatha-tiles","status":"publish","type":"product","link":"https:\/\/www.keramika.com\/slovenija\/talne-in-stenske-ploscice-pamesa-agatha-tiles\/","title":{"rendered":"Talne in stenske plo\u0161\u010dice Pamesa Agatha tiles"},"content":{"rendered":"<p>Ta plo\u0161\u010dica je na voljo v \u010dudoviti beli barvi, \u010de \u017eelite kak\u0161no drugo barvo pa nas kontaktirajte in preverili bomo pri proizvajalcu. \u0160irina in dol\u017eina te plo\u0161\u010dice sta 30&#215;60 cm. Redna cena te plo\u0161\u010dice v maloprodaji zna\u0161a 135,09 EUR, v na\u0161i spletni trgovini pa jo lahko dobite \u017ee za 108,07 EUR. Plo\u0161\u010dica je debela kar 8 mm, kar jo uvr\u0161\u010da med bolj trde plo\u0161\u010dice. Pamesa Agatha tiles je pripeljana iz \u0160panije in je zelo kvalitetna.<\/p>\n<p>Kliknite na ime kolekcije za ogled vseh plo\u0161\u010dic iz te serije: <a class=\"pdfcatal\" href=\"\/\/www.ceramictiles.com\/pdf\/pamesa\/catalogue_pamesa_agatha.pdf\" onclick=\"recordOutboundLink(this, 'E-mail', 'Description PDF');return false;\">Pamesa Ceramica Agatha<\/a><\/p>\n<p>\u010ce \u017eelite naro\u010diti model iz pdf kataloga te kolekcije, nam pi\u0161ite na: <a href=\"mailto:keramoteka.salon@gmail.com\" onclick=\"recordOutboundLink(this, 'E-mail', 'Description mail');return false;\">keramoteka.salon@gmail.com<\/a> ali pa nas pokli\u010dite na: 031 255 900.<\/p>\n<p>Technical description: <\/p>\n<p><strong><span style=color: #ff6600;\">Pamesa Cer\u00e1mica Agatha 30&#215;60 :<\/span><\/strong>Malla Agatha Trencad\u00eds Blanco ; Malla Agatha Trencad\u00eds Multicolor ;<br \/><strong><span style=\"color: #ff6600;\">Pamesa Cer\u00e1mica Agatha 25&#215;50 :<\/span><\/strong>Agatha Blanco ; Agatha Pistacho ; Agatha Turquesa ; Agatha Amarillo ; Agatha Naranja ; Agatha Carm\u00edn ; Agatha Party Lunares ; Agatha Lunares Pistacho ; Agatha Lunares Turquesa ; Agatha Lunares Amarillo ; Agatha Lunares Naranja ; Agatha Lunares Carm\u00edn ;<br \/><strong><span style=\"color: #ff6600;\">Pamesa Cer\u00e1mica Agatha 25&#215;40 :<\/span><\/strong>Agatha Puzle Blanco ; Agatha Puzle Pistacho ; Agatha Puzle Turquesa ; Agatha Puzle Amarillo ; Agatha Puzle Naranja ; Agatha Puzle Carm\u00edn ; Dec. Agatha Alegria ; Dec. Agatha Circus ; Dec. Agatha Joie ;<br \/><strong><span style=\"color: #ff6600;\">Pamesa Cer\u00e1mica Agatha 20&#215;20 :<\/span><\/strong>Agatha Blanco ; Agatha Pistacho ; Agatha Turquesa ; Agatha Marino ; Agatha Amarillo ; Agatha Naranja ; Agatha Carm\u00edn ; Agatha Rayas Relieve Blanco ; Agatha Rayas Relieve Pistacho ; Agatha Rayas Relieve Turquesa ; Agatha Cuatro Relieve Blanco ; Agatha Cuatro Relieve Pistacho ;<br \/><strong><span style=\"color: #ff6600;\">Pamesa Cer\u00e1mica Agatha 31.6&#215;31.6 :<\/span><\/strong>Arcoiris Blanco ; Arcoiris Pistacho ; Arcoiris Turquesa ; Arcoiris Carm\u00edn ; Arcoiris Amarillo ; Arcoiris Naranja ; Malla Colores ;&#8221;<\/p>\n","protected":false},"excerpt":{"rendered":"<p>Ta plo\u0161\u010dica je na voljo v \u010dudoviti beli barvi, \u010de \u017eelite kak\u0161no drugo barvo pa nas kontaktirajte in preverili bomo pri proizvajalcu. \u0160irina in dol\u017eina te plo\u0161\u010dice sta 30&#215;60 cm. Redna cena te plo\u0161\u010dice v maloprodaji zna\u0161a 135,09 EUR, v na\u0161i spletni trgovini pa jo lahko dobite \u017ee za 108,07 EUR. Plo\u0161\u010dica je debela kar [&hellip;]<\/p>\n","protected":false},"featured_media":100363,"template":"","meta":[],"product_cat":[200,220,999107,999,250],"product_tag":[],"_links":{"self":[{"href":"https:\/\/www.keramika.com\/slovenija\/wp-json\/wp\/v2\/product\/100362"}],"collection":[{"href":"https:\/\/www.keramika.com\/slovenija\/wp-json\/wp\/v2\/product"}],"about":[{"href":"https:\/\/www.keramika.com\/slovenija\/wp-json\/wp\/v2\/types\/product"}],"wp:featuredmedia":[{"embeddable":true,"href":"https:\/\/www.keramika.com\/slovenija\/wp-json\/wp\/v2\/media\/100363"}],"wp:attachment":[{"href":"https:\/\/www.keramika.com\/slovenija\/wp-json\/wp\/v2\/media?parent=100362"}],"wp:term":[{"taxonomy":"product_cat","embeddable":true,"href":"https:\/\/www.keramika.com\/slovenija\/wp-json\/wp\/v2\/product_cat?post=100362"},{"taxonomy":"product_tag","embeddable":true,"href":"https:\/\/www.keramika.com\/slovenija\/wp-json\/wp\/v2\/product_tag?post=100362"}],"curies":[{"name":"wp","href":"https:\/\/api.w.org\/{rel}","templated":true}]}}