{"id":100352,"date":"2017-03-22T22:36:27","date_gmt":"2017-03-22T22:36:27","guid":{"rendered":"http:\/\/keramika.holest.com\/slovenija\/product\/keope-terrafuoco-roseus\/"},"modified":"2026-01-01T00:01:25","modified_gmt":"2026-01-01T00:01:25","slug":"keope-terrafuoco-roseus","status":"publish","type":"product","link":"https:\/\/www.keramika.com\/slovenija\/keope-terrafuoco-roseus\/","title":{"rendered":"Keope Terra&#038;Fuoco Roseus"},"content":{"rendered":"<p>Pri izbiri plo\u0161\u010dice v rde\u010di barvi ne morete zgre\u0161iti. Keope Terra&#038;Fuoco Roseus je pripeljana iz Italije in je zelo kvalitetna. 14 mm je debelina, ki zadovolji tudi zahtevnej\u0161e kupce. Velikost te plo\u0161\u010dice je 16.3&#215;33 cm. Namesto 64.5 EUR kot bi za to plo\u0161\u010dico od\u0161teli v klasi\u010dni trgovini, boste v na\u0161i spletni prodajalni od\u0161teli le 51.6 EUR.<\/p>\n<p>Kliknite na ime kolekcije za ogled vseh plo\u0161\u010dic iz te serije: <a class=\"pdfcatal\" href=\"\/\/www.ceramictiles.com\/pdf\/keope\/catalogue_ceramichekeope_terra_fuoco.pdf\" onclick=\"recordOutboundLink(this, 'E-mail', 'Description PDF');return false;\">Keope Terra&#038;Fuoco<\/a><\/p>\n<p>\u010ce \u017eelite naro\u010diti model iz pdf kataloga te kolekcije, nam pi\u0161ite na: <a href=\"mailto:keramoteka.salon@gmail.com\" onclick=\"recordOutboundLink(this, 'E-mail', 'Description mail');return false;\">keramoteka.salon@gmail.com<\/a> ali pa nas pokli\u010dite na: 031 255 900.<\/p>\n<p>Technical description: Ceramiche Keope Terra&#038;Fuoco<\/p>\n","protected":false},"excerpt":{"rendered":"<p>Pri izbiri plo\u0161\u010dice v rde\u010di barvi ne morete zgre\u0161iti. Keope Terra&#038;Fuoco Roseus je pripeljana iz Italije in je zelo kvalitetna. 14 mm je debelina, ki zadovolji tudi zahtevnej\u0161e kupce. Velikost te plo\u0161\u010dice je 16.3&#215;33 cm. Namesto 64.5 EUR kot bi za to plo\u0161\u010dico od\u0161teli v klasi\u010dni trgovini, boste v na\u0161i spletni prodajalni od\u0161teli le 51.6 [&hellip;]<\/p>\n","protected":false},"featured_media":100353,"template":"","meta":[],"product_cat":[999580,200,260,999,240],"product_tag":[],"_links":{"self":[{"href":"https:\/\/www.keramika.com\/slovenija\/wp-json\/wp\/v2\/product\/100352"}],"collection":[{"href":"https:\/\/www.keramika.com\/slovenija\/wp-json\/wp\/v2\/product"}],"about":[{"href":"https:\/\/www.keramika.com\/slovenija\/wp-json\/wp\/v2\/types\/product"}],"wp:featuredmedia":[{"embeddable":true,"href":"https:\/\/www.keramika.com\/slovenija\/wp-json\/wp\/v2\/media\/100353"}],"wp:attachment":[{"href":"https:\/\/www.keramika.com\/slovenija\/wp-json\/wp\/v2\/media?parent=100352"}],"wp:term":[{"taxonomy":"product_cat","embeddable":true,"href":"https:\/\/www.keramika.com\/slovenija\/wp-json\/wp\/v2\/product_cat?post=100352"},{"taxonomy":"product_tag","embeddable":true,"href":"https:\/\/www.keramika.com\/slovenija\/wp-json\/wp\/v2\/product_tag?post=100352"}],"curies":[{"name":"wp","href":"https:\/\/api.w.org\/{rel}","templated":true}]}}