{"id":100350,"date":"2017-03-22T22:36:26","date_gmt":"2017-03-22T22:36:26","guid":{"rendered":"http:\/\/keramika.holest.com\/slovenija\/product\/keope-sunrise-cabernet\/"},"modified":"2026-01-01T00:01:24","modified_gmt":"2026-01-01T00:01:24","slug":"keope-sunrise-cabernet","status":"publish","type":"product","link":"https:\/\/www.keramika.com\/slovenija\/keope-sunrise-cabernet\/","title":{"rendered":"Keope Sunrise Cabernet"},"content":{"rendered":"<p>Na spletu boste za to plo\u0161\u010dico od\u0161teli le 68.5 EUR, medtem ko v redni prodaji cena zna\u0161a 85.62 EUR. Keope Sunrise Cabernet je pripeljana iz Italije in je zelo kvalitetna. Z velikostjo 60&#215;60 cm je ta plo\u0161\u010dica primerna ze razli\u010dne povr\u0161ine. 10 mm debeline je dovolj tudi za zahtevnej\u0161e kupce. Ta model plo\u0161\u010dice se najbolje prodaja v \u010drni barvi.<\/p>\n<p>Kliknite na ime kolekcije za ogled vseh plo\u0161\u010dic iz te serije: <a class=\"pdfcatal\" href=\"\/\/www.ceramictiles.com\/pdf\/keope\/catalogue_ceramichekeope_sunrise.pdf\" onclick=\"recordOutboundLink(this, 'E-mail', 'Description PDF');return false;\">Keope Sunrise<\/a><\/p>\n<p>\u010ce \u017eelite naro\u010diti model iz pdf kataloga te kolekcije, nam pi\u0161ite na: <a href=\"mailto:keramoteka.salon@gmail.com\" onclick=\"recordOutboundLink(this, 'E-mail', 'Description mail');return false;\">keramoteka.salon@gmail.com<\/a> ali pa nas pokli\u010dite na: 031 255 900.<\/p>\n<p>Technical description: Ceramiche Keope Sunrise<\/p>\n","protected":false},"excerpt":{"rendered":"<p>Na spletu boste za to plo\u0161\u010dico od\u0161teli le 68.5 EUR, medtem ko v redni prodaji cena zna\u0161a 85.62 EUR. Keope Sunrise Cabernet je pripeljana iz Italije in je zelo kvalitetna. Z velikostjo 60&#215;60 cm je ta plo\u0161\u010dica primerna ze razli\u010dne povr\u0161ine. 10 mm debeline je dovolj tudi za zahtevnej\u0161e kupce. Ta model plo\u0161\u010dice se najbolje [&hellip;]<\/p>\n","protected":false},"featured_media":100351,"template":"","meta":[],"product_cat":[999580,200,260,999,240],"product_tag":[],"_links":{"self":[{"href":"https:\/\/www.keramika.com\/slovenija\/wp-json\/wp\/v2\/product\/100350"}],"collection":[{"href":"https:\/\/www.keramika.com\/slovenija\/wp-json\/wp\/v2\/product"}],"about":[{"href":"https:\/\/www.keramika.com\/slovenija\/wp-json\/wp\/v2\/types\/product"}],"wp:featuredmedia":[{"embeddable":true,"href":"https:\/\/www.keramika.com\/slovenija\/wp-json\/wp\/v2\/media\/100351"}],"wp:attachment":[{"href":"https:\/\/www.keramika.com\/slovenija\/wp-json\/wp\/v2\/media?parent=100350"}],"wp:term":[{"taxonomy":"product_cat","embeddable":true,"href":"https:\/\/www.keramika.com\/slovenija\/wp-json\/wp\/v2\/product_cat?post=100350"},{"taxonomy":"product_tag","embeddable":true,"href":"https:\/\/www.keramika.com\/slovenija\/wp-json\/wp\/v2\/product_tag?post=100350"}],"curies":[{"name":"wp","href":"https:\/\/api.w.org\/{rel}","templated":true}]}}