{"id":100348,"date":"2017-03-22T22:36:25","date_gmt":"2017-03-22T22:36:25","guid":{"rendered":"http:\/\/keramika.holest.com\/slovenija\/product\/keope-station-victoria-beige\/"},"modified":"2026-01-01T00:01:24","modified_gmt":"2026-01-01T00:01:24","slug":"keope-station-victoria-beige","status":"publish","type":"product","link":"https:\/\/www.keramika.com\/slovenija\/keope-station-victoria-beige\/","title":{"rendered":"Keope Station Victoria Beige"},"content":{"rendered":"<p>Keope Station Victoria Beige prihaja iz Italije, ki je znana po zelo kvalitetni keramiki v svetovnem merilu. 74.12 EUR v klasi\u010dni trgovini, pri nas pa le 59.3 EUR. Ta plo\u0161\u010dica je na voljo v \u010dudoviti be\u017e barvi, \u010de \u017eelite kak\u0161no drugo barvo pa nas kontaktirajte in preverili bomo pri proizvajalcu. 10 mm debeline je dovolj tudi za zahtevnej\u0161e kupce. Velikost te plo\u0161\u010dice je 60&#215;60 cm.<\/p>\n<p>Kliknite na ime kolekcije za ogled vseh plo\u0161\u010dic iz te serije: <a class=\"pdfcatal\" href=\"\/\/www.ceramictiles.com\/pdf\/keope\/catalogue_ceramichekeope_station.pdf\" onclick=\"recordOutboundLink(this, 'E-mail', 'Description PDF');return false;\">Keope Station<\/a><\/p>\n<p>\u010ce \u017eelite naro\u010diti model iz pdf kataloga te kolekcije, nam pi\u0161ite na: <a href=\"mailto:keramoteka.salon@gmail.com\" onclick=\"recordOutboundLink(this, 'E-mail', 'Description mail');return false;\">keramoteka.salon@gmail.com<\/a> ali pa nas pokli\u010dite na: 031 255 900.<\/p>\n<p>Technical description: Ceramiche Keope Station<\/p>\n","protected":false},"excerpt":{"rendered":"<p>Keope Station Victoria Beige prihaja iz Italije, ki je znana po zelo kvalitetni keramiki v svetovnem merilu. 74.12 EUR v klasi\u010dni trgovini, pri nas pa le 59.3 EUR. Ta plo\u0161\u010dica je na voljo v \u010dudoviti be\u017e barvi, \u010de \u017eelite kak\u0161no drugo barvo pa nas kontaktirajte in preverili bomo pri proizvajalcu. 10 mm debeline je dovolj [&hellip;]<\/p>\n","protected":false},"featured_media":100349,"template":"","meta":[],"product_cat":[999580,200,260,999,240],"product_tag":[],"_links":{"self":[{"href":"https:\/\/www.keramika.com\/slovenija\/wp-json\/wp\/v2\/product\/100348"}],"collection":[{"href":"https:\/\/www.keramika.com\/slovenija\/wp-json\/wp\/v2\/product"}],"about":[{"href":"https:\/\/www.keramika.com\/slovenija\/wp-json\/wp\/v2\/types\/product"}],"wp:featuredmedia":[{"embeddable":true,"href":"https:\/\/www.keramika.com\/slovenija\/wp-json\/wp\/v2\/media\/100349"}],"wp:attachment":[{"href":"https:\/\/www.keramika.com\/slovenija\/wp-json\/wp\/v2\/media?parent=100348"}],"wp:term":[{"taxonomy":"product_cat","embeddable":true,"href":"https:\/\/www.keramika.com\/slovenija\/wp-json\/wp\/v2\/product_cat?post=100348"},{"taxonomy":"product_tag","embeddable":true,"href":"https:\/\/www.keramika.com\/slovenija\/wp-json\/wp\/v2\/product_tag?post=100348"}],"curies":[{"name":"wp","href":"https:\/\/api.w.org\/{rel}","templated":true}]}}