{"id":100346,"date":"2017-03-22T22:36:22","date_gmt":"2017-03-22T22:36:22","guid":{"rendered":"http:\/\/keramika.holest.com\/slovenija\/product\/keope-space-star-light\/"},"modified":"2026-01-01T00:01:23","modified_gmt":"2026-01-01T00:01:23","slug":"keope-space-star-light","status":"publish","type":"product","link":"https:\/\/www.keramika.com\/slovenija\/keope-space-star-light\/","title":{"rendered":"Keope Space Star Light"},"content":{"rendered":"<p>10 mm debeline je dovolj tudi za zahtevnej\u0161e kupce. Ta plo\u0161\u010dica prihaja iz Italije, ki je znana po kvalitetni keramiki. Na spletu boste za to plo\u0161\u010dico od\u0161teli le 61.1 EUR, medtem ko v redni prodaji cena zna\u0161a 76.38 EUR. Letos so plo\u0161\u010dice v be\u017e barvi zelo za\u017eeljene. Velikost te plo\u0161\u010dice je 60&#215;60 cm in je primerna za razli\u010dne povr\u0161ine.<\/p>\n<p>Kliknite na ime kolekcije za ogled vseh plo\u0161\u010dic iz te serije: <a class=\"pdfcatal\" href=\"\/\/www.ceramictiles.com\/pdf\/keope\/catalogue_ceramichekeope_space.pdf\" onclick=\"recordOutboundLink(this, 'E-mail', 'Description PDF');return false;\">Keope Space<\/a><\/p>\n<p>\u010ce \u017eelite naro\u010diti model iz pdf kataloga te kolekcije, nam pi\u0161ite na: <a href=\"mailto:keramoteka.salon@gmail.com\" onclick=\"recordOutboundLink(this, 'E-mail', 'Description mail');return false;\">keramoteka.salon@gmail.com<\/a> ali pa nas pokli\u010dite na: 031 255 900.<\/p>\n<p>Technical description: Ceramiche Keope Space<\/p>\n","protected":false},"excerpt":{"rendered":"<p>10 mm debeline je dovolj tudi za zahtevnej\u0161e kupce. Ta plo\u0161\u010dica prihaja iz Italije, ki je znana po kvalitetni keramiki. Na spletu boste za to plo\u0161\u010dico od\u0161teli le 61.1 EUR, medtem ko v redni prodaji cena zna\u0161a 76.38 EUR. Letos so plo\u0161\u010dice v be\u017e barvi zelo za\u017eeljene. Velikost te plo\u0161\u010dice je 60&#215;60 cm in je [&hellip;]<\/p>\n","protected":false},"featured_media":100347,"template":"","meta":[],"product_cat":[999580,200,260,999,240],"product_tag":[],"_links":{"self":[{"href":"https:\/\/www.keramika.com\/slovenija\/wp-json\/wp\/v2\/product\/100346"}],"collection":[{"href":"https:\/\/www.keramika.com\/slovenija\/wp-json\/wp\/v2\/product"}],"about":[{"href":"https:\/\/www.keramika.com\/slovenija\/wp-json\/wp\/v2\/types\/product"}],"wp:featuredmedia":[{"embeddable":true,"href":"https:\/\/www.keramika.com\/slovenija\/wp-json\/wp\/v2\/media\/100347"}],"wp:attachment":[{"href":"https:\/\/www.keramika.com\/slovenija\/wp-json\/wp\/v2\/media?parent=100346"}],"wp:term":[{"taxonomy":"product_cat","embeddable":true,"href":"https:\/\/www.keramika.com\/slovenija\/wp-json\/wp\/v2\/product_cat?post=100346"},{"taxonomy":"product_tag","embeddable":true,"href":"https:\/\/www.keramika.com\/slovenija\/wp-json\/wp\/v2\/product_tag?post=100346"}],"curies":[{"name":"wp","href":"https:\/\/api.w.org\/{rel}","templated":true}]}}