{"id":100342,"date":"2017-03-22T22:36:19","date_gmt":"2017-03-22T22:36:19","guid":{"rendered":"http:\/\/keramika.holest.com\/slovenija\/product\/keope-pietredikeope-naxos\/"},"modified":"2026-01-01T00:01:23","modified_gmt":"2026-01-01T00:01:23","slug":"keope-pietredikeope-naxos","status":"publish","type":"product","link":"https:\/\/www.keramika.com\/slovenija\/keope-pietredikeope-naxos\/","title":{"rendered":"Keope Pietredikeope Naxos"},"content":{"rendered":"<p>Keope Pietredikeope Naxos je pripeljana iz Italije in je zelo kvalitetna. Ta plo\u0161\u010dica je debela 10 mm in je zelo trpe\u017ena. Namesto 35.25 EUR kot bi za to plo\u0161\u010dico od\u0161teli v klasi\u010dni trgovini, boste v na\u0161i spletni prodajalni od\u0161teli le 28.2 EUR. Ta plo\u0161\u010dica je na voljo v \u010dudoviti beli barvi, \u010de \u017eelite kak\u0161no drugo barvo pa nas kontaktirajte in preverili bomo pri proizvajalcu. Dimenzije te plo\u0161\u010dice so 30&#215;30 cm.<\/p>\n<p>Kliknite na ime kolekcije za ogled vseh plo\u0161\u010dic iz te serije: <a class=\"pdfcatal\" href=\"\/\/www.ceramictiles.com\/pdf\/keope\/catalogue_ceramichekeope_pietredikeope.pdf\" onclick=\"recordOutboundLink(this, 'E-mail', 'Description PDF');return false;\">Keope Pietredikeope<\/a><\/p>\n<p>\u010ce \u017eelite naro\u010diti model iz pdf kataloga te kolekcije, nam pi\u0161ite na: <a href=\"mailto:keramoteka.salon@gmail.com\" onclick=\"recordOutboundLink(this, 'E-mail', 'Description mail');return false;\">keramoteka.salon@gmail.com<\/a> ali pa nas pokli\u010dite na: 031 255 900.<\/p>\n<p>Technical description: Ceramiche Keope Pietredikeope<\/p>\n","protected":false},"excerpt":{"rendered":"<p>Keope Pietredikeope Naxos je pripeljana iz Italije in je zelo kvalitetna. Ta plo\u0161\u010dica je debela 10 mm in je zelo trpe\u017ena. Namesto 35.25 EUR kot bi za to plo\u0161\u010dico od\u0161teli v klasi\u010dni trgovini, boste v na\u0161i spletni prodajalni od\u0161teli le 28.2 EUR. Ta plo\u0161\u010dica je na voljo v \u010dudoviti beli barvi, \u010de \u017eelite kak\u0161no drugo [&hellip;]<\/p>\n","protected":false},"featured_media":100343,"template":"","meta":[],"product_cat":[999580,200,260,999,240],"product_tag":[],"_links":{"self":[{"href":"https:\/\/www.keramika.com\/slovenija\/wp-json\/wp\/v2\/product\/100342"}],"collection":[{"href":"https:\/\/www.keramika.com\/slovenija\/wp-json\/wp\/v2\/product"}],"about":[{"href":"https:\/\/www.keramika.com\/slovenija\/wp-json\/wp\/v2\/types\/product"}],"wp:featuredmedia":[{"embeddable":true,"href":"https:\/\/www.keramika.com\/slovenija\/wp-json\/wp\/v2\/media\/100343"}],"wp:attachment":[{"href":"https:\/\/www.keramika.com\/slovenija\/wp-json\/wp\/v2\/media?parent=100342"}],"wp:term":[{"taxonomy":"product_cat","embeddable":true,"href":"https:\/\/www.keramika.com\/slovenija\/wp-json\/wp\/v2\/product_cat?post=100342"},{"taxonomy":"product_tag","embeddable":true,"href":"https:\/\/www.keramika.com\/slovenija\/wp-json\/wp\/v2\/product_tag?post=100342"}],"curies":[{"name":"wp","href":"https:\/\/api.w.org\/{rel}","templated":true}]}}