{"id":100338,"date":"2017-03-22T22:36:17","date_gmt":"2017-03-22T22:36:17","guid":{"rendered":"http:\/\/keramika.holest.com\/slovenija\/product\/keope-pianelle-ambra\/"},"modified":"2026-01-01T00:01:22","modified_gmt":"2026-01-01T00:01:22","slug":"keope-pianelle-ambra","status":"publish","type":"product","link":"https:\/\/www.keramika.com\/slovenija\/keope-pianelle-ambra\/","title":{"rendered":"Keope Pianelle Ambra"},"content":{"rendered":"<p>Velikost te plo\u0161\u010dice je 16.3&#215;33 cm. Pri izbiri plo\u0161\u010dice v rde\u010di barvi ne morete zgre\u0161iti. To plo\u0161\u010dico je izdelal proizvajalec Keope, ki prihaja iz Italije. 16 mm debeline je dovolj tudi za zahtevnej\u0161e kupce. Na spletu boste za to plo\u0161\u010dico od\u0161teli le 44.6 EUR, medtem ko v redni prodaji cena zna\u0161a 55.75 EUR.<\/p>\n<p>Kliknite na ime kolekcije za ogled vseh plo\u0161\u010dic iz te serije: <a class=\"pdfcatal\" href=\"\/\/www.ceramictiles.com\/pdf\/keope\/catalogue_ceramichekeope_pianelle.pdf\" onclick=\"recordOutboundLink(this, 'E-mail', 'Description PDF');return false;\">Keope Pianelle<\/a><\/p>\n<p>\u010ce \u017eelite naro\u010diti model iz pdf kataloga te kolekcije, nam pi\u0161ite na: <a href=\"mailto:keramoteka.salon@gmail.com\" onclick=\"recordOutboundLink(this, 'E-mail', 'Description mail');return false;\">keramoteka.salon@gmail.com<\/a> ali pa nas pokli\u010dite na: 031 255 900.<\/p>\n<p>Technical description: Ceramiche Keope Pianelle<\/p>\n","protected":false},"excerpt":{"rendered":"<p>Velikost te plo\u0161\u010dice je 16.3&#215;33 cm. Pri izbiri plo\u0161\u010dice v rde\u010di barvi ne morete zgre\u0161iti. To plo\u0161\u010dico je izdelal proizvajalec Keope, ki prihaja iz Italije. 16 mm debeline je dovolj tudi za zahtevnej\u0161e kupce. Na spletu boste za to plo\u0161\u010dico od\u0161teli le 44.6 EUR, medtem ko v redni prodaji cena zna\u0161a 55.75 EUR. Kliknite na [&hellip;]<\/p>\n","protected":false},"featured_media":100339,"template":"","meta":[],"product_cat":[999580,200,260,999,240],"product_tag":[],"_links":{"self":[{"href":"https:\/\/www.keramika.com\/slovenija\/wp-json\/wp\/v2\/product\/100338"}],"collection":[{"href":"https:\/\/www.keramika.com\/slovenija\/wp-json\/wp\/v2\/product"}],"about":[{"href":"https:\/\/www.keramika.com\/slovenija\/wp-json\/wp\/v2\/types\/product"}],"wp:featuredmedia":[{"embeddable":true,"href":"https:\/\/www.keramika.com\/slovenija\/wp-json\/wp\/v2\/media\/100339"}],"wp:attachment":[{"href":"https:\/\/www.keramika.com\/slovenija\/wp-json\/wp\/v2\/media?parent=100338"}],"wp:term":[{"taxonomy":"product_cat","embeddable":true,"href":"https:\/\/www.keramika.com\/slovenija\/wp-json\/wp\/v2\/product_cat?post=100338"},{"taxonomy":"product_tag","embeddable":true,"href":"https:\/\/www.keramika.com\/slovenija\/wp-json\/wp\/v2\/product_tag?post=100338"}],"curies":[{"name":"wp","href":"https:\/\/api.w.org\/{rel}","templated":true}]}}