{"id":100336,"date":"2017-03-22T22:36:15","date_gmt":"2017-03-22T22:36:15","guid":{"rendered":"http:\/\/keramika.holest.com\/slovenija\/product\/keope-norge-nuance-natural\/"},"modified":"2026-01-01T00:01:21","modified_gmt":"2026-01-01T00:01:21","slug":"keope-norge-nuance-natural","status":"publish","type":"product","link":"https:\/\/www.keramika.com\/slovenija\/keope-norge-nuance-natural\/","title":{"rendered":"Keope Norge Nuance Natural"},"content":{"rendered":"<p>Redna cena te plo\u0161\u010dice v maloprodaji zna\u0161a 89.12 EUR, v na\u0161i spletni trgovini pa jo lahko dobite \u017ee za 71.3 EUR. Keope Norge Nuance Natural je pripeljana iz Italije in je zelo kvalitetna. 10 mm debeline je dovolj tudi za zahtevnej\u0161e kupce. Ta plo\u0161\u010dica je na voljo v \u010dudoviti be\u017e barvi, \u010de \u017eelite kak\u0161no drugo barvo pa nas kontaktirajte in preverili bomo pri proizvajalcu. Velikost te plo\u0161\u010dice je 22.5&#215;90 cm in je primerna za razli\u010dne povr\u0161ine.<\/p>\n<p>Kliknite na ime kolekcije za ogled vseh plo\u0161\u010dic iz te serije: <a class=\"pdfcatal\" href=\"\/\/www.ceramictiles.com\/pdf\/keope\/catalogue_ceramichekeope_norge.pdf\" onclick=\"recordOutboundLink(this, 'E-mail', 'Description PDF');return false;\">Keope Norge<\/a><\/p>\n<p>\u010ce \u017eelite naro\u010diti model iz pdf kataloga te kolekcije, nam pi\u0161ite na: <a href=\"mailto:keramoteka.salon@gmail.com\" onclick=\"recordOutboundLink(this, 'E-mail', 'Description mail');return false;\">keramoteka.salon@gmail.com<\/a> ali pa nas pokli\u010dite na: 031 255 900.<\/p>\n<p>Technical description: Ceramiche Keope Norge<\/p>\n","protected":false},"excerpt":{"rendered":"<p>Redna cena te plo\u0161\u010dice v maloprodaji zna\u0161a 89.12 EUR, v na\u0161i spletni trgovini pa jo lahko dobite \u017ee za 71.3 EUR. Keope Norge Nuance Natural je pripeljana iz Italije in je zelo kvalitetna. 10 mm debeline je dovolj tudi za zahtevnej\u0161e kupce. Ta plo\u0161\u010dica je na voljo v \u010dudoviti be\u017e barvi, \u010de \u017eelite kak\u0161no drugo [&hellip;]<\/p>\n","protected":false},"featured_media":100337,"template":"","meta":[],"product_cat":[999580,200,260,999,240],"product_tag":[],"_links":{"self":[{"href":"https:\/\/www.keramika.com\/slovenija\/wp-json\/wp\/v2\/product\/100336"}],"collection":[{"href":"https:\/\/www.keramika.com\/slovenija\/wp-json\/wp\/v2\/product"}],"about":[{"href":"https:\/\/www.keramika.com\/slovenija\/wp-json\/wp\/v2\/types\/product"}],"wp:featuredmedia":[{"embeddable":true,"href":"https:\/\/www.keramika.com\/slovenija\/wp-json\/wp\/v2\/media\/100337"}],"wp:attachment":[{"href":"https:\/\/www.keramika.com\/slovenija\/wp-json\/wp\/v2\/media?parent=100336"}],"wp:term":[{"taxonomy":"product_cat","embeddable":true,"href":"https:\/\/www.keramika.com\/slovenija\/wp-json\/wp\/v2\/product_cat?post=100336"},{"taxonomy":"product_tag","embeddable":true,"href":"https:\/\/www.keramika.com\/slovenija\/wp-json\/wp\/v2\/product_tag?post=100336"}],"curies":[{"name":"wp","href":"https:\/\/api.w.org\/{rel}","templated":true}]}}