{"id":100320,"date":"2017-03-22T22:36:02","date_gmt":"2017-03-22T22:36:02","guid":{"rendered":"http:\/\/keramika.holest.com\/slovenija\/product\/keope-percorsi-rosso\/"},"modified":"2026-01-01T00:01:19","modified_gmt":"2026-01-01T00:01:19","slug":"keope-percorsi-rosso","status":"publish","type":"product","link":"https:\/\/www.keramika.com\/slovenija\/keope-percorsi-rosso\/","title":{"rendered":"Keope Percorsi Rosso"},"content":{"rendered":"<p>Ta plo\u0161\u010dica je na voljo v \u010dudoviti rde\u010di barvi, \u010de \u017eelite kak\u0161no drugo barvo pa nas kontaktirajte in preverili bomo pri proizvajalcu. Namesto 55.12 EUR kot bi za to plo\u0161\u010dico od\u0161teli v klasi\u010dni trgovini, boste v na\u0161i spletni prodajalni od\u0161teli le 44.1 EUR. \u0160irina in dol\u017eina te plo\u0161\u010dice sta 30&#215;60 cm. 10 mm je debelina, ki zadovolji tudi zahtevnej\u0161e kupce. To plo\u0161\u010dico je izdelal proizvajalec Keope, ki prihaja iz Italije.<\/p>\n<p>Kliknite na ime kolekcije za ogled vseh plo\u0161\u010dic iz te serije: <a class=\"pdfcatal\" href=\"\/\/www.ceramictiles.com\/pdf\/keope\/catalogue_ceramichekeope_in_out_percorsi_ditalia.pdf\" onclick=\"recordOutboundLink(this, 'E-mail', 'Description PDF');return false;\">Keope In &#038; Out &#8211; Percorsi D&#8217;Italia<\/a><\/p>\n<p>\u010ce \u017eelite naro\u010diti model iz pdf kataloga te kolekcije, nam pi\u0161ite na: <a href=\"mailto:keramoteka.salon@gmail.com\" onclick=\"recordOutboundLink(this, 'E-mail', 'Description mail');return false;\">keramoteka.salon@gmail.com<\/a> ali pa nas pokli\u010dite na: 031 255 900.<\/p>\n<p>Technical description: Ceramiche Keope In &#038; Out &#8211; Percorsi D&#8217;Italia<\/p>\n","protected":false},"excerpt":{"rendered":"<p>Ta plo\u0161\u010dica je na voljo v \u010dudoviti rde\u010di barvi, \u010de \u017eelite kak\u0161no drugo barvo pa nas kontaktirajte in preverili bomo pri proizvajalcu. Namesto 55.12 EUR kot bi za to plo\u0161\u010dico od\u0161teli v klasi\u010dni trgovini, boste v na\u0161i spletni prodajalni od\u0161teli le 44.1 EUR. \u0160irina in dol\u017eina te plo\u0161\u010dice sta 30&#215;60 cm. 10 mm je debelina, [&hellip;]<\/p>\n","protected":false},"featured_media":100321,"template":"","meta":[],"product_cat":[999580,200,260,999,240],"product_tag":[],"_links":{"self":[{"href":"https:\/\/www.keramika.com\/slovenija\/wp-json\/wp\/v2\/product\/100320"}],"collection":[{"href":"https:\/\/www.keramika.com\/slovenija\/wp-json\/wp\/v2\/product"}],"about":[{"href":"https:\/\/www.keramika.com\/slovenija\/wp-json\/wp\/v2\/types\/product"}],"wp:featuredmedia":[{"embeddable":true,"href":"https:\/\/www.keramika.com\/slovenija\/wp-json\/wp\/v2\/media\/100321"}],"wp:attachment":[{"href":"https:\/\/www.keramika.com\/slovenija\/wp-json\/wp\/v2\/media?parent=100320"}],"wp:term":[{"taxonomy":"product_cat","embeddable":true,"href":"https:\/\/www.keramika.com\/slovenija\/wp-json\/wp\/v2\/product_cat?post=100320"},{"taxonomy":"product_tag","embeddable":true,"href":"https:\/\/www.keramika.com\/slovenija\/wp-json\/wp\/v2\/product_tag?post=100320"}],"curies":[{"name":"wp","href":"https:\/\/api.w.org\/{rel}","templated":true}]}}