{"id":100316,"date":"2017-03-22T22:35:57","date_gmt":"2017-03-22T22:35:57","guid":{"rendered":"http:\/\/keramika.holest.com\/slovenija\/product\/keope-granigliati-siderite\/"},"modified":"2026-01-01T00:01:18","modified_gmt":"2026-01-01T00:01:18","slug":"keope-granigliati-siderite","status":"publish","type":"product","link":"https:\/\/www.keramika.com\/slovenija\/keope-granigliati-siderite\/","title":{"rendered":"Keope Granigliati Siderite"},"content":{"rendered":"<p>Plo\u0161\u010dica je debela kar 10 mm, kar jo uvr\u0161\u010da med bolj trde plo\u0161\u010dice. V redni prodaji bi morali za to plo\u0161\u010dico od\u0161teti 29.62 EUR, spletna cena pa zna\u0161a le 23.7 EUR. Ta plo\u0161\u010dica prihaja iz Italije, ki je znana po kvalitetni keramiki. \u0160irina in dol\u017eina te plo\u0161\u010dice sta 30&#215;30 cm. Keramika v rde\u010di barvi popestri vsak prostor.<\/p>\n<p>Kliknite na ime kolekcije za ogled vseh plo\u0161\u010dic iz te serije: <a class=\"pdfcatal\" href=\"\/\/www.ceramictiles.com\/pdf\/keope\/catalogue_ceramichekeope_granigliati.pdf\" onclick=\"recordOutboundLink(this, 'E-mail', 'Description PDF');return false;\">Keope Granigliati<\/a><\/p>\n<p>\u010ce \u017eelite naro\u010diti model iz pdf kataloga te kolekcije, nam pi\u0161ite na: <a href=\"mailto:keramoteka.salon@gmail.com\" onclick=\"recordOutboundLink(this, 'E-mail', 'Description mail');return false;\">keramoteka.salon@gmail.com<\/a> ali pa nas pokli\u010dite na: 031 255 900.<\/p>\n<p>Technical description: Ceramiche Keope Granigliati<\/p>\n","protected":false},"excerpt":{"rendered":"<p>Plo\u0161\u010dica je debela kar 10 mm, kar jo uvr\u0161\u010da med bolj trde plo\u0161\u010dice. V redni prodaji bi morali za to plo\u0161\u010dico od\u0161teti 29.62 EUR, spletna cena pa zna\u0161a le 23.7 EUR. Ta plo\u0161\u010dica prihaja iz Italije, ki je znana po kvalitetni keramiki. \u0160irina in dol\u017eina te plo\u0161\u010dice sta 30&#215;30 cm. Keramika v rde\u010di barvi popestri [&hellip;]<\/p>\n","protected":false},"featured_media":100317,"template":"","meta":[],"product_cat":[999580,200,260,999,240],"product_tag":[],"_links":{"self":[{"href":"https:\/\/www.keramika.com\/slovenija\/wp-json\/wp\/v2\/product\/100316"}],"collection":[{"href":"https:\/\/www.keramika.com\/slovenija\/wp-json\/wp\/v2\/product"}],"about":[{"href":"https:\/\/www.keramika.com\/slovenija\/wp-json\/wp\/v2\/types\/product"}],"wp:featuredmedia":[{"embeddable":true,"href":"https:\/\/www.keramika.com\/slovenija\/wp-json\/wp\/v2\/media\/100317"}],"wp:attachment":[{"href":"https:\/\/www.keramika.com\/slovenija\/wp-json\/wp\/v2\/media?parent=100316"}],"wp:term":[{"taxonomy":"product_cat","embeddable":true,"href":"https:\/\/www.keramika.com\/slovenija\/wp-json\/wp\/v2\/product_cat?post=100316"},{"taxonomy":"product_tag","embeddable":true,"href":"https:\/\/www.keramika.com\/slovenija\/wp-json\/wp\/v2\/product_tag?post=100316"}],"curies":[{"name":"wp","href":"https:\/\/api.w.org\/{rel}","templated":true}]}}