{"id":100312,"date":"2017-03-22T22:35:55","date_gmt":"2017-03-22T22:35:55","guid":{"rendered":"http:\/\/keramika.holest.com\/slovenija\/product\/keope-dome-cream\/"},"modified":"2026-01-01T00:01:17","modified_gmt":"2026-01-01T00:01:17","slug":"keope-dome-cream","status":"publish","type":"product","link":"https:\/\/www.keramika.com\/slovenija\/keope-dome-cream\/","title":{"rendered":"Keope Dome Cream"},"content":{"rendered":"<p>Velikost te plo\u0161\u010dice je 30&#215;60 cm in je primerna za razli\u010dne povr\u0161ine. Ta plo\u0161\u010dica je debela 10 mm in je zelo trpe\u017ena. Prihaja iz Italije, ki po svetu slovi kot ena bolj\u0161ih proizvajalk kerami\u010dnih plo\u0161\u010dic. Zaradi ni\u017ejih stro\u0161kov pri spletni prodaji boste na na\u0161i strani za to plo\u0161\u010dico od\u0161teli le 45.5 EUR. Pri izbiri plo\u0161\u010dice v be\u017e barvi ne morete zgre\u0161iti.<\/p>\n<p>Kliknite na ime kolekcije za ogled vseh plo\u0161\u010dic iz te serije: <a class=\"pdfcatal\" href=\"\/\/www.ceramictiles.com\/pdf\/keope\/catalogue_ceramichekeope_dome.pdf\" onclick=\"recordOutboundLink(this, 'E-mail', 'Description PDF');return false;\">Keope Dome<\/a><\/p>\n<p>\u010ce \u017eelite naro\u010diti model iz pdf kataloga te kolekcije, nam pi\u0161ite na: <a href=\"mailto:keramoteka.salon@gmail.com\" onclick=\"recordOutboundLink(this, 'E-mail', 'Description mail');return false;\">keramoteka.salon@gmail.com<\/a> ali pa nas pokli\u010dite na: 031 255 900.<\/p>\n<p>Technical description: Ceramiche Keope Dome<\/p>\n","protected":false},"excerpt":{"rendered":"<p>Velikost te plo\u0161\u010dice je 30&#215;60 cm in je primerna za razli\u010dne povr\u0161ine. Ta plo\u0161\u010dica je debela 10 mm in je zelo trpe\u017ena. Prihaja iz Italije, ki po svetu slovi kot ena bolj\u0161ih proizvajalk kerami\u010dnih plo\u0161\u010dic. Zaradi ni\u017ejih stro\u0161kov pri spletni prodaji boste na na\u0161i strani za to plo\u0161\u010dico od\u0161teli le 45.5 EUR. Pri izbiri plo\u0161\u010dice [&hellip;]<\/p>\n","protected":false},"featured_media":100313,"template":"","meta":[],"product_cat":[999580,200,999,250,240],"product_tag":[],"_links":{"self":[{"href":"https:\/\/www.keramika.com\/slovenija\/wp-json\/wp\/v2\/product\/100312"}],"collection":[{"href":"https:\/\/www.keramika.com\/slovenija\/wp-json\/wp\/v2\/product"}],"about":[{"href":"https:\/\/www.keramika.com\/slovenija\/wp-json\/wp\/v2\/types\/product"}],"wp:featuredmedia":[{"embeddable":true,"href":"https:\/\/www.keramika.com\/slovenija\/wp-json\/wp\/v2\/media\/100313"}],"wp:attachment":[{"href":"https:\/\/www.keramika.com\/slovenija\/wp-json\/wp\/v2\/media?parent=100312"}],"wp:term":[{"taxonomy":"product_cat","embeddable":true,"href":"https:\/\/www.keramika.com\/slovenija\/wp-json\/wp\/v2\/product_cat?post=100312"},{"taxonomy":"product_tag","embeddable":true,"href":"https:\/\/www.keramika.com\/slovenija\/wp-json\/wp\/v2\/product_tag?post=100312"}],"curies":[{"name":"wp","href":"https:\/\/api.w.org\/{rel}","templated":true}]}}