{"id":100308,"date":"2017-03-22T22:35:52","date_gmt":"2017-03-22T22:35:52","guid":{"rendered":"http:\/\/keramika.holest.com\/slovenija\/product\/keope-brazil-boa-vista\/"},"modified":"2026-01-01T00:01:17","modified_gmt":"2026-01-01T00:01:17","slug":"keope-brazil-boa-vista","status":"publish","type":"product","link":"https:\/\/www.keramika.com\/slovenija\/keope-brazil-boa-vista\/","title":{"rendered":"Keope Brazil Boa Vista"},"content":{"rendered":"<p>Ta plo\u0161\u010dica je debela 10 mm in je zelo trpe\u017ena. Dimenzije te plo\u0161\u010dice so 30&#215;30 cm. 32.5 EUR v klasi\u010dni trgovini, pri nas pa le 26 EUR. Ta plo\u0161\u010dica je na voljo v \u010dudoviti \u010drni barvi, \u010de \u017eelite kak\u0161no drugo barvo pa nas kontaktirajte in preverili bomo pri proizvajalcu. Prihaja iz Italije, ki po svetu slovi kot ena bolj\u0161ih proizvajalk kerami\u010dnih plo\u0161\u010dic.<\/p>\n<p>Kliknite na ime kolekcije za ogled vseh plo\u0161\u010dic iz te serije: <a class=\"pdfcatal\" href=\"\/\/www.ceramictiles.com\/pdf\/keope\/catalogue_ceramichekeope_brazil.pdf\" onclick=\"recordOutboundLink(this, 'E-mail', 'Description PDF');return false;\">Keope Brazil<\/a><\/p>\n<p>\u010ce \u017eelite naro\u010diti model iz pdf kataloga te kolekcije, nam pi\u0161ite na: <a href=\"mailto:keramoteka.salon@gmail.com\" onclick=\"recordOutboundLink(this, 'E-mail', 'Description mail');return false;\">keramoteka.salon@gmail.com<\/a> ali pa nas pokli\u010dite na: 031 255 900.<\/p>\n<p>Technical description: Ceramiche Keope Brazil<\/p>\n","protected":false},"excerpt":{"rendered":"<p>Ta plo\u0161\u010dica je debela 10 mm in je zelo trpe\u017ena. Dimenzije te plo\u0161\u010dice so 30&#215;30 cm. 32.5 EUR v klasi\u010dni trgovini, pri nas pa le 26 EUR. Ta plo\u0161\u010dica je na voljo v \u010dudoviti \u010drni barvi, \u010de \u017eelite kak\u0161no drugo barvo pa nas kontaktirajte in preverili bomo pri proizvajalcu. Prihaja iz Italije, ki po svetu [&hellip;]<\/p>\n","protected":false},"featured_media":100309,"template":"","meta":[],"product_cat":[999580,200,260,999,240],"product_tag":[],"_links":{"self":[{"href":"https:\/\/www.keramika.com\/slovenija\/wp-json\/wp\/v2\/product\/100308"}],"collection":[{"href":"https:\/\/www.keramika.com\/slovenija\/wp-json\/wp\/v2\/product"}],"about":[{"href":"https:\/\/www.keramika.com\/slovenija\/wp-json\/wp\/v2\/types\/product"}],"wp:featuredmedia":[{"embeddable":true,"href":"https:\/\/www.keramika.com\/slovenija\/wp-json\/wp\/v2\/media\/100309"}],"wp:attachment":[{"href":"https:\/\/www.keramika.com\/slovenija\/wp-json\/wp\/v2\/media?parent=100308"}],"wp:term":[{"taxonomy":"product_cat","embeddable":true,"href":"https:\/\/www.keramika.com\/slovenija\/wp-json\/wp\/v2\/product_cat?post=100308"},{"taxonomy":"product_tag","embeddable":true,"href":"https:\/\/www.keramika.com\/slovenija\/wp-json\/wp\/v2\/product_tag?post=100308"}],"curies":[{"name":"wp","href":"https:\/\/api.w.org\/{rel}","templated":true}]}}