{"id":100306,"date":"2017-03-22T22:35:49","date_gmt":"2017-03-22T22:35:49","guid":{"rendered":"http:\/\/keramika.holest.com\/slovenija\/product\/keope-arkasa-carbon-black\/"},"modified":"2026-01-01T00:01:17","modified_gmt":"2026-01-01T00:01:17","slug":"keope-arkasa-carbon-black","status":"publish","type":"product","link":"https:\/\/www.keramika.com\/slovenija\/keope-arkasa-carbon-black\/","title":{"rendered":"Keope Arkasa Carbon Black"},"content":{"rendered":"<p>Ta plo\u0161\u010dica je debela 10 mm in je zelo trpe\u017ena. Ta kerami\u010dna plo\u0161\u010dica v \u010dudoviti \u010drni barvi bo obogatila vsak prostor. Keope Arkasa Carbon Black je pripeljana iz Italije in je zelo kvalitetna. Na spletu boste za to plo\u0161\u010dico od\u0161teli le 48.1 EUR, medtem ko v redni prodaji cena zna\u0161a 60.12 EUR. Dimenzije te plo\u0161\u010dice so 45&#215;45 cm.<\/p>\n<p>Kliknite na ime kolekcije za ogled vseh plo\u0161\u010dic iz te serije: <a class=\"pdfcatal\" href=\"\/\/www.ceramictiles.com\/pdf\/keope\/catalogue_ceramichekeope_arkasa.pdf\" onclick=\"recordOutboundLink(this, 'E-mail', 'Description PDF');return false;\">Keope Arkasa<\/a><\/p>\n<p>\u010ce \u017eelite naro\u010diti model iz pdf kataloga te kolekcije, nam pi\u0161ite na: <a href=\"mailto:keramoteka.salon@gmail.com\" onclick=\"recordOutboundLink(this, 'E-mail', 'Description mail');return false;\">keramoteka.salon@gmail.com<\/a> ali pa nas pokli\u010dite na: 031 255 900.<\/p>\n<p>Technical description: Ceramiche Keope Arkasa<\/p>\n","protected":false},"excerpt":{"rendered":"<p>Ta plo\u0161\u010dica je debela 10 mm in je zelo trpe\u017ena. Ta kerami\u010dna plo\u0161\u010dica v \u010dudoviti \u010drni barvi bo obogatila vsak prostor. Keope Arkasa Carbon Black je pripeljana iz Italije in je zelo kvalitetna. Na spletu boste za to plo\u0161\u010dico od\u0161teli le 48.1 EUR, medtem ko v redni prodaji cena zna\u0161a 60.12 EUR. Dimenzije te plo\u0161\u010dice [&hellip;]<\/p>\n","protected":false},"featured_media":100307,"template":"","meta":[],"product_cat":[999580,200,999,240,270],"product_tag":[],"_links":{"self":[{"href":"https:\/\/www.keramika.com\/slovenija\/wp-json\/wp\/v2\/product\/100306"}],"collection":[{"href":"https:\/\/www.keramika.com\/slovenija\/wp-json\/wp\/v2\/product"}],"about":[{"href":"https:\/\/www.keramika.com\/slovenija\/wp-json\/wp\/v2\/types\/product"}],"wp:featuredmedia":[{"embeddable":true,"href":"https:\/\/www.keramika.com\/slovenija\/wp-json\/wp\/v2\/media\/100307"}],"wp:attachment":[{"href":"https:\/\/www.keramika.com\/slovenija\/wp-json\/wp\/v2\/media?parent=100306"}],"wp:term":[{"taxonomy":"product_cat","embeddable":true,"href":"https:\/\/www.keramika.com\/slovenija\/wp-json\/wp\/v2\/product_cat?post=100306"},{"taxonomy":"product_tag","embeddable":true,"href":"https:\/\/www.keramika.com\/slovenija\/wp-json\/wp\/v2\/product_tag?post=100306"}],"curies":[{"name":"wp","href":"https:\/\/api.w.org\/{rel}","templated":true}]}}