{"id":100304,"date":"2017-03-22T22:35:46","date_gmt":"2017-03-22T22:35:46","guid":{"rendered":"http:\/\/keramika.holest.com\/slovenija\/product\/talne-in-stenske-ploscice-tau-tarim-orange\/"},"modified":"2026-01-01T00:01:16","modified_gmt":"2026-01-01T00:01:16","slug":"talne-in-stenske-ploscice-tau-tarim-orange","status":"publish","type":"product","link":"https:\/\/www.keramika.com\/slovenija\/talne-in-stenske-ploscice-tau-tarim-orange\/","title":{"rendered":"Talne in stenske plo\u0161\u010dice Tau Tarim Orange"},"content":{"rendered":"<p>Namesto 31,22 EUR kot bi za to plo\u0161\u010dico od\u0161teli v klasi\u010dni trgovini, boste v na\u0161i spletni prodajalni od\u0161teli le 24,98 EUR. Pri izbiri plo\u0161\u010dice v oran\u017eni barvi ne morete zgre\u0161iti. Debelina plo\u0161\u010dice je zelo pomembna in 9 mm uvr\u0161\u010da to plo\u0161\u010dico med najkvalitetnej\u0161e. Dimenzije te plo\u0161\u010dice so 31,6&#215;31,6 cm. To plo\u0161\u010dico je izdelal proizvajalec Tau Ceramica, ki prihaja iz \u0160panije.<\/p>\n<p>Kliknite na ime kolekcije za ogled vseh plo\u0161\u010dic iz te serije: <a class=\"pdfcatal\" href=\"\/\/www.ceramictiles.com\/pdf\/tau\/catalogue_tau_tarim.pdf\" onclick=\"recordOutboundLink(this, 'E-mail', 'Description PDF');return false;\">Tau Ceramica Tarim<\/a><\/p>\n<p>\u010ce \u017eelite naro\u010diti model iz pdf kataloga te kolekcije, nam pi\u0161ite na: <a href=\"mailto:keramoteka.salon@gmail.com\" onclick=\"recordOutboundLink(this, 'E-mail', 'Description mail');return false;\">keramoteka.salon@gmail.com<\/a> ali pa nas pokli\u010dite na: +386 31 255 900.<\/p>\n<p>Technical description: <br \/> W &#038; F 31,6&#215;31,6 ; 31,6&#215;45 ; 45&#215;45 ; 32&#215;90 <br \/>Tarim Marfil ; Tarim Orange ; Tarim Beige ; Tarim Wengue ;<\/p>\n","protected":false},"excerpt":{"rendered":"<p>Namesto 31,22 EUR kot bi za to plo\u0161\u010dico od\u0161teli v klasi\u010dni trgovini, boste v na\u0161i spletni prodajalni od\u0161teli le 24,98 EUR. Pri izbiri plo\u0161\u010dice v oran\u017eni barvi ne morete zgre\u0161iti. Debelina plo\u0161\u010dice je zelo pomembna in 9 mm uvr\u0161\u010da to plo\u0161\u010dico med najkvalitetnej\u0161e. Dimenzije te plo\u0161\u010dice so 31,6&#215;31,6 cm. To plo\u0161\u010dico je izdelal proizvajalec Tau [&hellip;]<\/p>\n","protected":false},"featured_media":100305,"template":"","meta":[],"product_cat":[200,220,999,240,999125],"product_tag":[],"_links":{"self":[{"href":"https:\/\/www.keramika.com\/slovenija\/wp-json\/wp\/v2\/product\/100304"}],"collection":[{"href":"https:\/\/www.keramika.com\/slovenija\/wp-json\/wp\/v2\/product"}],"about":[{"href":"https:\/\/www.keramika.com\/slovenija\/wp-json\/wp\/v2\/types\/product"}],"wp:featuredmedia":[{"embeddable":true,"href":"https:\/\/www.keramika.com\/slovenija\/wp-json\/wp\/v2\/media\/100305"}],"wp:attachment":[{"href":"https:\/\/www.keramika.com\/slovenija\/wp-json\/wp\/v2\/media?parent=100304"}],"wp:term":[{"taxonomy":"product_cat","embeddable":true,"href":"https:\/\/www.keramika.com\/slovenija\/wp-json\/wp\/v2\/product_cat?post=100304"},{"taxonomy":"product_tag","embeddable":true,"href":"https:\/\/www.keramika.com\/slovenija\/wp-json\/wp\/v2\/product_tag?post=100304"}],"curies":[{"name":"wp","href":"https:\/\/api.w.org\/{rel}","templated":true}]}}