{"id":100302,"date":"2017-03-22T22:35:44","date_gmt":"2017-03-22T22:35:44","guid":{"rendered":"http:\/\/keramika.holest.com\/slovenija\/product\/stenske-ploscice-tau-sun-blanco\/"},"modified":"2026-01-01T00:01:16","modified_gmt":"2026-01-01T00:01:16","slug":"stenske-ploscice-tau-sun-blanco","status":"publish","type":"product","link":"https:\/\/www.keramika.com\/slovenija\/stenske-ploscice-tau-sun-blanco\/","title":{"rendered":"Stenske plo\u0161\u010dice Tau Sun Blanco"},"content":{"rendered":"<p>Pri izbiri plo\u0161\u010dice v beli barvi ne morete zgre\u0161iti. Z velikostjo 20&#215;60 cm je ta plo\u0161\u010dica primerna ze razli\u010dne povr\u0161ine. Ta plo\u0161\u010dica je debela 11 mm in je zelo trpe\u017ena. Prihaja iz \u0160panije, ki po svetu slovi kot ena bolj\u0161ih proizvajalk kerami\u010dnih plo\u0161\u010dic. Na spletu boste za to plo\u0161\u010dico od\u0161teli le 34,42 EUR, medtem ko v redni prodaji cena zna\u0161a 43,03 EUR.<\/p>\n<p>Kliknite na ime kolekcije za ogled vseh plo\u0161\u010dic iz te serije: <a class=\"pdfcatal\" href=\"\/\/www.ceramictiles.com\/pdf\/tau\/catalogue_tau_sun.pdf\" onclick=\"recordOutboundLink(this, 'E-mail', 'Description PDF');return false;\">Tau Ceramica Sun<\/a><\/p>\n<p>\u010ce \u017eelite naro\u010diti model iz pdf kataloga te kolekcije, nam pi\u0161ite na: <a href=\"mailto:keramoteka.salon@gmail.com\" onclick=\"recordOutboundLink(this, 'E-mail', 'Description mail');return false;\">keramoteka.salon@gmail.com<\/a> ali pa nas pokli\u010dite na: +386 31 255 900.<\/p>\n<p>Technical description: <br \/> W 20&#215;60 ; 30&#215;58 ; 31,6&#215;60 ; 32&#215;90 <br \/>Sun Blanco ; Sun Marfil ;<\/p>\n","protected":false},"excerpt":{"rendered":"<p>Pri izbiri plo\u0161\u010dice v beli barvi ne morete zgre\u0161iti. Z velikostjo 20&#215;60 cm je ta plo\u0161\u010dica primerna ze razli\u010dne povr\u0161ine. Ta plo\u0161\u010dica je debela 11 mm in je zelo trpe\u017ena. Prihaja iz \u0160panije, ki po svetu slovi kot ena bolj\u0161ih proizvajalk kerami\u010dnih plo\u0161\u010dic. Na spletu boste za to plo\u0161\u010dico od\u0161teli le 34,42 EUR, medtem ko [&hellip;]<\/p>\n","protected":false},"featured_media":100303,"template":"","meta":[],"product_cat":[200,220,999,250,999125],"product_tag":[],"_links":{"self":[{"href":"https:\/\/www.keramika.com\/slovenija\/wp-json\/wp\/v2\/product\/100302"}],"collection":[{"href":"https:\/\/www.keramika.com\/slovenija\/wp-json\/wp\/v2\/product"}],"about":[{"href":"https:\/\/www.keramika.com\/slovenija\/wp-json\/wp\/v2\/types\/product"}],"wp:featuredmedia":[{"embeddable":true,"href":"https:\/\/www.keramika.com\/slovenija\/wp-json\/wp\/v2\/media\/100303"}],"wp:attachment":[{"href":"https:\/\/www.keramika.com\/slovenija\/wp-json\/wp\/v2\/media?parent=100302"}],"wp:term":[{"taxonomy":"product_cat","embeddable":true,"href":"https:\/\/www.keramika.com\/slovenija\/wp-json\/wp\/v2\/product_cat?post=100302"},{"taxonomy":"product_tag","embeddable":true,"href":"https:\/\/www.keramika.com\/slovenija\/wp-json\/wp\/v2\/product_tag?post=100302"}],"curies":[{"name":"wp","href":"https:\/\/api.w.org\/{rel}","templated":true}]}}