{"id":100300,"date":"2017-03-22T22:35:42","date_gmt":"2017-03-22T22:35:42","guid":{"rendered":"http:\/\/keramika.holest.com\/slovenija\/product\/mozaik-ploscice-tau-point\/"},"modified":"2026-01-01T00:01:16","modified_gmt":"2026-01-01T00:01:16","slug":"mozaik-ploscice-tau-point","status":"publish","type":"product","link":"https:\/\/www.keramika.com\/slovenija\/mozaik-ploscice-tau-point\/","title":{"rendered":"Mozaik plo\u0161\u010dice Tau Point"},"content":{"rendered":"<p>\u0160irina in dol\u017eina te plo\u0161\u010dice sta 20&#215;60 cm. Mosaic tiles Tau Point je pripeljana iz \u0160panije in je zelo kvalitetna. Keramika v be\u017e barvi popestri vsak prostor. Mosaic tiles Tau Point je na voljo po zelo ugodni ceni 31,05 EUR. 11 mm debeline je dovolj tudi za zahtevnej\u0161e kupce.<\/p>\n<p>Kliknite na ime kolekcije za ogled vseh plo\u0161\u010dic iz te serije: <a class=\"pdfcatal\" href=\"\/\/www.ceramictiles.com\/pdf\/tau\/catalogue_tau_point.pdf\" onclick=\"recordOutboundLink(this, 'E-mail', 'Description PDF');return false;\">Tau Ceramica Point<\/a><\/p>\n<p>\u010ce \u017eelite naro\u010diti model iz pdf kataloga te kolekcije, nam pi\u0161ite na: <a href=\"mailto:keramoteka.salon@gmail.com\" onclick=\"recordOutboundLink(this, 'E-mail', 'Description mail');return false;\">keramoteka.salon@gmail.com<\/a> ali pa nas pokli\u010dite na: +386 31 255 900.<\/p>\n<p>Velikost plo\u0161\u010dice : 20&#215;60 cm : 31.6&#215;31.6 cm : 32.7&#215;32.7 cm.<br \/>Tau ceramica Point Met\u00e1lico Mosaico 2.5&#215;2.5 : Tau ceramica Point Naranja Mosaico 2.5&#215;2.5 : Tau ceramica Point Azul Mosaico 2.5&#215;2.5 : Tau ceramica Point Nacar Mosaico 2.5&#215;2.5 : Tau cera<\/p>\n","protected":false},"excerpt":{"rendered":"<p>\u0160irina in dol\u017eina te plo\u0161\u010dice sta 20&#215;60 cm. Mosaic tiles Tau Point je pripeljana iz \u0160panije in je zelo kvalitetna. Keramika v be\u017e barvi popestri vsak prostor. Mosaic tiles Tau Point je na voljo po zelo ugodni ceni 31,05 EUR. 11 mm debeline je dovolj tudi za zahtevnej\u0161e kupce. Kliknite na ime kolekcije za ogled [&hellip;]<\/p>\n","protected":false},"featured_media":100301,"template":"","meta":[],"product_cat":[200,220,999,250,999125],"product_tag":[],"_links":{"self":[{"href":"https:\/\/www.keramika.com\/slovenija\/wp-json\/wp\/v2\/product\/100300"}],"collection":[{"href":"https:\/\/www.keramika.com\/slovenija\/wp-json\/wp\/v2\/product"}],"about":[{"href":"https:\/\/www.keramika.com\/slovenija\/wp-json\/wp\/v2\/types\/product"}],"wp:featuredmedia":[{"embeddable":true,"href":"https:\/\/www.keramika.com\/slovenija\/wp-json\/wp\/v2\/media\/100301"}],"wp:attachment":[{"href":"https:\/\/www.keramika.com\/slovenija\/wp-json\/wp\/v2\/media?parent=100300"}],"wp:term":[{"taxonomy":"product_cat","embeddable":true,"href":"https:\/\/www.keramika.com\/slovenija\/wp-json\/wp\/v2\/product_cat?post=100300"},{"taxonomy":"product_tag","embeddable":true,"href":"https:\/\/www.keramika.com\/slovenija\/wp-json\/wp\/v2\/product_tag?post=100300"}],"curies":[{"name":"wp","href":"https:\/\/api.w.org\/{rel}","templated":true}]}}