{"id":100296,"date":"2017-03-22T22:35:38","date_gmt":"2017-03-22T22:35:38","guid":{"rendered":"http:\/\/keramika.holest.com\/slovenija\/product\/talne-in-stenske-ploscice-tau-meyer-gris\/"},"modified":"2026-01-01T00:01:15","modified_gmt":"2026-01-01T00:01:15","slug":"talne-in-stenske-ploscice-tau-meyer-gris","status":"publish","type":"product","link":"https:\/\/www.keramika.com\/slovenija\/talne-in-stenske-ploscice-tau-meyer-gris\/","title":{"rendered":"Talne in stenske plo\u0161\u010dice Tau Meyer Gris"},"content":{"rendered":"<p>Pri izbiri plo\u0161\u010dice v sivi barvi ne morete zgre\u0161iti. 26,16 EUR v klasi\u010dni trgovini, pri nas pa le 20,92 EUR. Tau Meyer Gris je pripeljana iz \u0160panije in je zelo kvalitetna. 10 mm debeline je dovolj tudi za zahtevnej\u0161e kupce. Z velikostjo 45&#215;45 cm je ta plo\u0161\u010dica primerna ze razli\u010dne povr\u0161ine.<\/p>\n<p>Kliknite na ime kolekcije za ogled vseh plo\u0161\u010dic iz te serije: <a class=\"pdfcatal\" href=\"\/\/www.ceramictiles.com\/pdf\/tau\/catalogue_tau_meyer.pdf\" onclick=\"recordOutboundLink(this, 'E-mail', 'Description PDF');return false;\">Tau Ceramica Meyer<\/a><\/p>\n<p>\u010ce \u017eelite naro\u010diti model iz pdf kataloga te kolekcije, nam pi\u0161ite na: <a href=\"mailto:keramoteka.salon@gmail.com\" onclick=\"recordOutboundLink(this, 'E-mail', 'Description mail');return false;\">keramoteka.salon@gmail.com<\/a> ali pa nas pokli\u010dite na: +386 31 255 900.<\/p>\n<p>Technical description: <br \/> W &#038; F 31,6&#215;60 ; 45&#215;45 <br \/>Meyer Negro ; Meyer Blanco ; Meyer Gris ; Meyer Marengo ; Meyer Beige ;<\/p>\n","protected":false},"excerpt":{"rendered":"<p>Pri izbiri plo\u0161\u010dice v sivi barvi ne morete zgre\u0161iti. 26,16 EUR v klasi\u010dni trgovini, pri nas pa le 20,92 EUR. Tau Meyer Gris je pripeljana iz \u0160panije in je zelo kvalitetna. 10 mm debeline je dovolj tudi za zahtevnej\u0161e kupce. Z velikostjo 45&#215;45 cm je ta plo\u0161\u010dica primerna ze razli\u010dne povr\u0161ine. Kliknite na ime kolekcije [&hellip;]<\/p>\n","protected":false},"featured_media":100297,"template":"","meta":[],"product_cat":[200,220,999,240,999125],"product_tag":[],"_links":{"self":[{"href":"https:\/\/www.keramika.com\/slovenija\/wp-json\/wp\/v2\/product\/100296"}],"collection":[{"href":"https:\/\/www.keramika.com\/slovenija\/wp-json\/wp\/v2\/product"}],"about":[{"href":"https:\/\/www.keramika.com\/slovenija\/wp-json\/wp\/v2\/types\/product"}],"wp:featuredmedia":[{"embeddable":true,"href":"https:\/\/www.keramika.com\/slovenija\/wp-json\/wp\/v2\/media\/100297"}],"wp:attachment":[{"href":"https:\/\/www.keramika.com\/slovenija\/wp-json\/wp\/v2\/media?parent=100296"}],"wp:term":[{"taxonomy":"product_cat","embeddable":true,"href":"https:\/\/www.keramika.com\/slovenija\/wp-json\/wp\/v2\/product_cat?post=100296"},{"taxonomy":"product_tag","embeddable":true,"href":"https:\/\/www.keramika.com\/slovenija\/wp-json\/wp\/v2\/product_tag?post=100296"}],"curies":[{"name":"wp","href":"https:\/\/api.w.org\/{rel}","templated":true}]}}