{"id":100282,"date":"2017-03-22T22:35:25","date_gmt":"2017-03-22T22:35:25","guid":{"rendered":"http:\/\/keramika.holest.com\/slovenija\/product\/talne-ploscice-tau-dessau-black\/"},"modified":"2026-01-01T00:01:13","modified_gmt":"2026-01-01T00:01:13","slug":"talne-ploscice-tau-dessau-black","status":"publish","type":"product","link":"https:\/\/www.keramika.com\/slovenija\/talne-ploscice-tau-dessau-black\/","title":{"rendered":"Talne plo\u0161\u010dice Tau Dessau Black"},"content":{"rendered":"<p>56,53 EUR v klasi\u010dni trgovini, pri nas pa le 45,22 EUR. Zelo moderna plo\u0161\u010dica v \u010drni barvi popestri prav vsak prostor. Z velikostjo 45&#215;45 cm je ta plo\u0161\u010dica primerna ze razli\u010dne povr\u0161ine. Prihaja iz \u0160panije, ki po svetu slovi kot ena bolj\u0161ih proizvajalk kerami\u010dnih plo\u0161\u010dic. 10 mm debeline je dovolj tudi za zahtevnej\u0161e kupce.<\/p>\n<p>Kliknite na ime kolekcije za ogled vseh plo\u0161\u010dic iz te serije: <a class=\"pdfcatal\" href=\"\/\/www.ceramictiles.com\/pdf\/tau\/catalogue_tau_dessau.pdf\" onclick=\"recordOutboundLink(this, 'E-mail', 'Description PDF');return false;\">Tau Ceramica Dessau<\/a><\/p>\n<p>\u010ce \u017eelite naro\u010diti model iz pdf kataloga te kolekcije, nam pi\u0161ite na: <a href=\"mailto:keramoteka.salon@gmail.com\" onclick=\"recordOutboundLink(this, 'E-mail', 'Description mail');return false;\">keramoteka.salon@gmail.com<\/a> ali pa nas pokli\u010dite na: +386 31 255 900.<\/p>\n<p>Technical description: <br \/> F 45&#215;45 ; 60&#215;60 <br \/>Dessau Black ; Dessau Beige ; Dessau Ivory ; Dessau Grey ; Dessau Noce ;<\/p>\n","protected":false},"excerpt":{"rendered":"<p>56,53 EUR v klasi\u010dni trgovini, pri nas pa le 45,22 EUR. Zelo moderna plo\u0161\u010dica v \u010drni barvi popestri prav vsak prostor. Z velikostjo 45&#215;45 cm je ta plo\u0161\u010dica primerna ze razli\u010dne povr\u0161ine. Prihaja iz \u0160panije, ki po svetu slovi kot ena bolj\u0161ih proizvajalk kerami\u010dnih plo\u0161\u010dic. 10 mm debeline je dovolj tudi za zahtevnej\u0161e kupce. Kliknite [&hellip;]<\/p>\n","protected":false},"featured_media":100283,"template":"","meta":[],"product_cat":[200,220,999,240,999125],"product_tag":[],"_links":{"self":[{"href":"https:\/\/www.keramika.com\/slovenija\/wp-json\/wp\/v2\/product\/100282"}],"collection":[{"href":"https:\/\/www.keramika.com\/slovenija\/wp-json\/wp\/v2\/product"}],"about":[{"href":"https:\/\/www.keramika.com\/slovenija\/wp-json\/wp\/v2\/types\/product"}],"wp:featuredmedia":[{"embeddable":true,"href":"https:\/\/www.keramika.com\/slovenija\/wp-json\/wp\/v2\/media\/100283"}],"wp:attachment":[{"href":"https:\/\/www.keramika.com\/slovenija\/wp-json\/wp\/v2\/media?parent=100282"}],"wp:term":[{"taxonomy":"product_cat","embeddable":true,"href":"https:\/\/www.keramika.com\/slovenija\/wp-json\/wp\/v2\/product_cat?post=100282"},{"taxonomy":"product_tag","embeddable":true,"href":"https:\/\/www.keramika.com\/slovenija\/wp-json\/wp\/v2\/product_tag?post=100282"}],"curies":[{"name":"wp","href":"https:\/\/api.w.org\/{rel}","templated":true}]}}