{"id":100276,"date":"2017-03-22T22:35:19","date_gmt":"2017-03-22T22:35:19","guid":{"rendered":"http:\/\/keramika.holest.com\/slovenija\/product\/talne-in-stenske-ploscice-tau-bouquet-pistacho\/"},"modified":"2026-01-01T00:01:12","modified_gmt":"2026-01-01T00:01:12","slug":"talne-in-stenske-ploscice-tau-bouquet-pistacho","status":"publish","type":"product","link":"https:\/\/www.keramika.com\/slovenija\/talne-in-stenske-ploscice-tau-bouquet-pistacho\/","title":{"rendered":"Talne in stenske plo\u0161\u010dice Tau Bouquet Pistacho"},"content":{"rendered":"<p>38,81 EUR v klasi\u010dni trgovini, pri nas pa le 31,05 EUR. Debelina plo\u0161\u010dice je zelo pomembna in 11 mm uvr\u0161\u010da to plo\u0161\u010dico med najkvalitetnej\u0161e. Tau Bouquet Pistacho je pripeljana iz \u0160panije in je zelo kvalitetna. Z velikostjo 20&#215;60 cm je ta plo\u0161\u010dica primerna ze razli\u010dne povr\u0161ine. Zelo moderna plo\u0161\u010dica v zeleni barvi popestri prav vsak prostor.<\/p>\n<p>Kliknite na ime kolekcije za ogled vseh plo\u0161\u010dic iz te serije: <a class=\"pdfcatal\" href=\"\/\/www.ceramictiles.com\/pdf\/tau\/catalogue_tau_bouquet.pdf\" onclick=\"recordOutboundLink(this, 'E-mail', 'Description PDF');return false;\">Tau Ceramica Bouquet<\/a><\/p>\n<p>\u010ce \u017eelite naro\u010diti model iz pdf kataloga te kolekcije, nam pi\u0161ite na: <a href=\"mailto:keramoteka.salon@gmail.com\" onclick=\"recordOutboundLink(this, 'E-mail', 'Description mail');return false;\">keramoteka.salon@gmail.com<\/a> ali pa nas pokli\u010dite na: +386 31 255 900.<\/p>\n<p>Technical description: <br \/> W &#038; F 20&#215;60 ; 31,6&#215;31,6 ; 33,3&#215;92 <br \/>Bouquet Rosa ; Bouquet Beige ; Bouquet Pistacho ; Bouquet Turquesa ; Bouquet Perla  ;<\/p>\n","protected":false},"excerpt":{"rendered":"<p>38,81 EUR v klasi\u010dni trgovini, pri nas pa le 31,05 EUR. Debelina plo\u0161\u010dice je zelo pomembna in 11 mm uvr\u0161\u010da to plo\u0161\u010dico med najkvalitetnej\u0161e. Tau Bouquet Pistacho je pripeljana iz \u0160panije in je zelo kvalitetna. Z velikostjo 20&#215;60 cm je ta plo\u0161\u010dica primerna ze razli\u010dne povr\u0161ine. Zelo moderna plo\u0161\u010dica v zeleni barvi popestri prav vsak [&hellip;]<\/p>\n","protected":false},"featured_media":100277,"template":"","meta":[],"product_cat":[200,220,999,250,999125],"product_tag":[],"_links":{"self":[{"href":"https:\/\/www.keramika.com\/slovenija\/wp-json\/wp\/v2\/product\/100276"}],"collection":[{"href":"https:\/\/www.keramika.com\/slovenija\/wp-json\/wp\/v2\/product"}],"about":[{"href":"https:\/\/www.keramika.com\/slovenija\/wp-json\/wp\/v2\/types\/product"}],"wp:featuredmedia":[{"embeddable":true,"href":"https:\/\/www.keramika.com\/slovenija\/wp-json\/wp\/v2\/media\/100277"}],"wp:attachment":[{"href":"https:\/\/www.keramika.com\/slovenija\/wp-json\/wp\/v2\/media?parent=100276"}],"wp:term":[{"taxonomy":"product_cat","embeddable":true,"href":"https:\/\/www.keramika.com\/slovenija\/wp-json\/wp\/v2\/product_cat?post=100276"},{"taxonomy":"product_tag","embeddable":true,"href":"https:\/\/www.keramika.com\/slovenija\/wp-json\/wp\/v2\/product_tag?post=100276"}],"curies":[{"name":"wp","href":"https:\/\/api.w.org\/{rel}","templated":true}]}}