{"id":100248,"date":"2017-03-22T22:34:44","date_gmt":"2017-03-22T22:34:44","guid":{"rendered":"http:\/\/keramika.holest.com\/slovenija\/product\/vidrepur-mozaik-gris-geometria-25x25\/"},"modified":"2026-01-01T00:01:08","modified_gmt":"2026-01-01T00:01:08","slug":"vidrepur-mozaik-gris-geometria-25x25","status":"publish","type":"product","link":"https:\/\/www.keramika.com\/slovenija\/vidrepur-mozaik-gris-geometria-25x25\/","title":{"rendered":"Vidrepur mozaik Gris Geometria 25X25"},"content":{"rendered":"<p>Vidrepur mosaico Gris Geometria 25X25 je na voljo po zelo ugodni ceni 62,5 EUR. Letos so mozaiki v \u010drni barvi zelo za\u017eeljeni. Ta mozaik je debel 4 mm in je zelo trpe\u017een. Z 31,5&#215;31,5 cm je mre\u017ea na katero so pripete te mozaik plo\u0161\u010dice primerna za razli\u010dne podlage. Vidrepur mosaico Gris Geometria 25X25 prihaja iz \u0160panije, ki je znana po zelo kvalitetni keramiki v svetovnem merilu.<\/p>\n<p>Kliknite na ime kolekcije za ogled vseh plo\u0161\u010dic iz te serije: <a class=\"pdfcatal\" href=\"\/\/www.ceramictiles.com\/pdf\/vidrepur\/catalogue_vidrepur_online_collections.pdf\" onclick=\"recordOutboundLink(this, 'E-mail', 'Description PDF');return false;\">Vidrepur Online Collections<\/a><\/p>\n<p>\u010ce \u017eelite naro\u010diti model iz pdf kataloga te kolekcije, nam pi\u0161ite na: <a href=\"mailto:keramoteka.salon@gmail.com\" onclick=\"recordOutboundLink(this, 'E-mail', 'Description mail');return false;\">keramoteka.salon@gmail.com<\/a> ali pa nas pokli\u010dite na: +386 31 255 900.<\/p>\n<p>Technical description: <\/p>\n<p>Min. 1 box &#8211; Delivery 30 Euro\/box in EU<\/p>\n","protected":false},"excerpt":{"rendered":"<p>Vidrepur mosaico Gris Geometria 25X25 je na voljo po zelo ugodni ceni 62,5 EUR. Letos so mozaiki v \u010drni barvi zelo za\u017eeljeni. Ta mozaik je debel 4 mm in je zelo trpe\u017een. Z 31,5&#215;31,5 cm je mre\u017ea na katero so pripete te mozaik plo\u0161\u010dice primerna za razli\u010dne podlage. Vidrepur mosaico Gris Geometria 25X25 prihaja iz [&hellip;]<\/p>\n","protected":false},"featured_media":100249,"template":"","meta":[],"product_cat":[400,999,410,9991712],"product_tag":[],"_links":{"self":[{"href":"https:\/\/www.keramika.com\/slovenija\/wp-json\/wp\/v2\/product\/100248"}],"collection":[{"href":"https:\/\/www.keramika.com\/slovenija\/wp-json\/wp\/v2\/product"}],"about":[{"href":"https:\/\/www.keramika.com\/slovenija\/wp-json\/wp\/v2\/types\/product"}],"wp:featuredmedia":[{"embeddable":true,"href":"https:\/\/www.keramika.com\/slovenija\/wp-json\/wp\/v2\/media\/100249"}],"wp:attachment":[{"href":"https:\/\/www.keramika.com\/slovenija\/wp-json\/wp\/v2\/media?parent=100248"}],"wp:term":[{"taxonomy":"product_cat","embeddable":true,"href":"https:\/\/www.keramika.com\/slovenija\/wp-json\/wp\/v2\/product_cat?post=100248"},{"taxonomy":"product_tag","embeddable":true,"href":"https:\/\/www.keramika.com\/slovenija\/wp-json\/wp\/v2\/product_tag?post=100248"}],"curies":[{"name":"wp","href":"https:\/\/api.w.org\/{rel}","templated":true}]}}